{"id":282,"date":"2017-10-22T10:26:19","date_gmt":"2017-10-22T08:26:19","guid":{"rendered":"http:\/\/lin-clinic.pl\/?page_id=282"},"modified":"2024-12-04T07:49:00","modified_gmt":"2024-12-04T06:49:00","slug":"nasi-lekarze","status":"publish","type":"page","link":"https:\/\/lin-clinic.pl\/zh\/nasi-lekarze\/","title":{"rendered":"\u533b\u5e08\u56e2\u961f"},"content":{"rendered":"<img loading=\"lazy\" decoding=\"async\" class=\"alignleft size-medium wp-image-466\" src=\"http:\/\/lin-clinic.pl\/wp-content\/uploads\/2018\/09\/zespol-300x300.jpg\" alt=\"\" width=\"300\" height=\"300\" srcset=\"https:\/\/lin-clinic.pl\/wp-content\/uploads\/2018\/09\/zespol-300x300.jpg 300w, https:\/\/lin-clinic.pl\/wp-content\/uploads\/2018\/09\/zespol-150x150.jpg 150w, https:\/\/lin-clinic.pl\/wp-content\/uploads\/2018\/09\/zespol.jpg 700w\" sizes=\"auto, (max-width: 300px) 85vw, 300px\" \/>\u6797\u5ead\u6bc5 \u7259\u533b\u5e08\u5728Lin Clinic\u8d1f\u8d23\u5927\u90e8\u5206\u7684\u6cbb\u7597\u9879\u76ee\u3002\u6797\u533b\u5e08\u6765\u81ea\u4e8e\u53f0\u6e7e\uff0c\u5df2\u7ecf\u5728\u6ce2\u5170\u5c45\u4f4f\u8d85\u8fc7\u4e5d\u5e74\uff0c\u5176\u7236\u4eb2\u4e5f\u662f\u7259\u533b\u30022013\u5e74\u5728\u6ce2\u5179\u5357\u533b\u79d1\u5927\u5b66\u53e3\u8154\u5916\u79d1\u82f1\u6587\u73ed\u6bd5\u4e1a\u3002\u901a\u8fc7\u81ea\u5df1\u7684\u52aa\u529b\u548c\u6bc5\u529b\u6210\u4e3a\u7b2c\u4e00\u4f4d\u901a\u8fc7\u6ce2\u5170\u8bed\u7259\u533b\u8003\u8bd5\u5e76\u83b7\u5f97\u6ce2\u5170\u7259\u533b\u6267\u7167\u7684\u534e\u4eba\u7259\u79d1\u533b\u5e08\u3002 \u57fa\u4e8e\u6df1\u5207\u7684\u4e86\u89e3\u534e\u4eba\u670b\u53cb\u770b\u7259\u7684\u4e0d\u4fbf\u4ee5\u53ca\u559c\u6b22\u548c\u4e60\u60ef\u5728\u6ce2\u5170\u7684\u751f\u6d3b\uff0c\u56e0\u800c\u51b3\u5b9a\u5728\u6ce2\u5170\u624e\u6839\u5e76\u8bbe\u7acb\u7259\u79d1\u8bca\u6240\u3002<\/p>\n<p>\u5728\u6bcf\u5929\u4e0e\u60a3\u8005\u63a5\u89e6\u4e4b\u4e0b\uff0c\u6797\u533b\u5e08\u8bd5\u7740\u7528\u6700\u4eb2\u548c\uff0c\u6700\u65e0\u75db\u7684\u65b9\u5f0f\u6765\u6cbb\u7597\u60a3\u8005\u3002\u4ed6\u5766\u7387\u548c\u4e50\u4e8e\u52a9\u4eba\u7684\u6027\u683c\u7ecf\u5e38\u8ba9\u60a3\u8005\u524d\u6765\u54a8\u8be2\u5e76\u613f\u610f\u8fdb\u4e00\u6b65\u63a5\u53d7\u6cbb\u7597\u3002\u6797\u533b\u5e08\u7cbe\u901a\u4e2d\u6587\uff0c\u82f1\u8bed\u53ca\u6ce2\u8bed\u3002","protected":false},"excerpt":{"rendered":"<p>\u6797\u5ead\u6bc5 \u7259\u533b\u5e08\u5728Lin Clinic\u8d1f\u8d23\u5927\u90e8\u5206\u7684\u6cbb\u7597\u9879\u76ee\u3002\u6797\u533b\u5e08\u6765\u81ea\u4e8e\u53f0\u6e7e\uff0c\u5df2\u7ecf\u5728\u6ce2\u5170\u5c45\u4f4f\u8d85\u8fc7\u4e5d\u5e74\uff0c\u5176\u7236\u4eb2\u4e5f\u662f &hellip; <a href=\"https:\/\/lin-clinic.pl\/zh\/nasi-lekarze\/\" class=\"more-link\">Continue reading<span class=\"screen-reader-text\"> &#8220;\u533b\u5e08\u56e2\u961f&#8221;<\/span><\/a><\/p>\n","protected":false},"author":1,"featured_media":0,"parent":0,"menu_order":0,"comment_status":"closed","ping_status":"closed","template":"","meta":{"_monsterinsights_skip_tracking":false,"_monsterinsights_sitenote_active":false,"_monsterinsights_sitenote_note":"","_monsterinsights_sitenote_category":0,"footnotes":""},"class_list":["post-282","page","type-page","status-publish","hentry"],"yoast_head":"<!-- This site is optimized with the Yoast SEO plugin v27.1.1 - https:\/\/yoast.com\/product\/yoast-seo-wordpress\/ -->\n<title>Nasi Lekarze | LIN Clinic - Zesp\u00f3\u0142 Specjalist\u00f3w<\/title>\n<meta name=\"description\" content=\"Poznaj zesp\u00f3\u0142 lekarzy w LIN Clinic! Wykwalifikowani specjali\u015bci z r\u00f3\u017cnych dziedzin stomatologii, gotowi zadba\u0107 o Twoje zdrowie. Sprawd\u017a nasz zesp\u00f3\u0142!\" \/>\n<meta name=\"robots\" content=\"index, follow, max-snippet:-1, max-image-preview:large, max-video-preview:-1\" \/>\n<link rel=\"canonical\" href=\"https:\/\/lin-clinic.pl\/vi\/nasi-lekarze\/\" \/>\n<meta property=\"og:locale\" content=\"zh_CN\" \/>\n<meta property=\"og:type\" content=\"article\" \/>\n<meta property=\"og:title\" content=\"Nasi Lekarze | LIN Clinic - Zesp\u00f3\u0142 Specjalist\u00f3w\" \/>\n<meta property=\"og:description\" content=\"Poznaj zesp\u00f3\u0142 lekarzy w LIN Clinic! Wykwalifikowani specjali\u015bci z r\u00f3\u017cnych dziedzin stomatologii, gotowi zadba\u0107 o Twoje zdrowie. Sprawd\u017a nasz zesp\u00f3\u0142!\" \/>\n<meta property=\"og:url\" content=\"https:\/\/lin-clinic.pl\/vi\/nasi-lekarze\/\" \/>\n<meta property=\"og:site_name\" content=\"Lin Clinic\" \/>\n<meta property=\"article:modified_time\" content=\"2024-12-04T06:49:00+00:00\" \/>\n<meta property=\"og:image\" content=\"http:\/\/lin-clinic.pl\/wp-content\/uploads\/2018\/09\/zespol-300x300.jpg\" \/>\n<meta name=\"twitter:card\" content=\"summary_large_image\" \/>\n<meta name=\"twitter:label1\" content=\"\u9884\u8ba1\u9605\u8bfb\u65f6\u95f4\" \/>\n\t<meta name=\"twitter:data1\" content=\"3 \u5206\" \/>\n<script type=\"application\/ld+json\" class=\"yoast-schema-graph\">{\"@context\":\"https:\/\/schema.org\",\"@graph\":[{\"@type\":\"WebPage\",\"@id\":\"https:\/\/lin-clinic.pl\/vi\/nasi-lekarze\/\",\"url\":\"https:\/\/lin-clinic.pl\/vi\/nasi-lekarze\/\",\"name\":\"Nasi Lekarze | LIN Clinic - Zesp\u00f3\u0142 Specjalist\u00f3w\",\"isPartOf\":{\"@id\":\"https:\/\/lin-clinic.pl\/vi\/#website\"},\"primaryImageOfPage\":{\"@id\":\"https:\/\/lin-clinic.pl\/vi\/nasi-lekarze\/#primaryimage\"},\"image\":{\"@id\":\"https:\/\/lin-clinic.pl\/vi\/nasi-lekarze\/#primaryimage\"},\"thumbnailUrl\":\"http:\/\/lin-clinic.pl\/wp-content\/uploads\/2018\/09\/zespol-300x300.jpg\",\"datePublished\":\"2017-10-22T08:26:19+00:00\",\"dateModified\":\"2024-12-04T06:49:00+00:00\",\"description\":\"Poznaj zesp\u00f3\u0142 lekarzy w LIN Clinic! Wykwalifikowani specjali\u015bci z r\u00f3\u017cnych dziedzin stomatologii, gotowi zadba\u0107 o Twoje zdrowie. Sprawd\u017a nasz zesp\u00f3\u0142!\",\"breadcrumb\":{\"@id\":\"https:\/\/lin-clinic.pl\/vi\/nasi-lekarze\/#breadcrumb\"},\"inLanguage\":\"zh-Hans\",\"potentialAction\":[{\"@type\":\"ReadAction\",\"target\":[\"https:\/\/lin-clinic.pl\/vi\/nasi-lekarze\/\"]}]},{\"@type\":\"ImageObject\",\"inLanguage\":\"zh-Hans\",\"@id\":\"https:\/\/lin-clinic.pl\/vi\/nasi-lekarze\/#primaryimage\",\"url\":\"http:\/\/lin-clinic.pl\/wp-content\/uploads\/2018\/09\/zespol-300x300.jpg\",\"contentUrl\":\"http:\/\/lin-clinic.pl\/wp-content\/uploads\/2018\/09\/zespol-300x300.jpg\"},{\"@type\":\"BreadcrumbList\",\"@id\":\"https:\/\/lin-clinic.pl\/vi\/nasi-lekarze\/#breadcrumb\",\"itemListElement\":[{\"@type\":\"ListItem\",\"position\":1,\"name\":\"Strona g\u0142\u00f3wna\",\"item\":\"https:\/\/lin-clinic.pl\/vi\/\"},{\"@type\":\"ListItem\",\"position\":2,\"name\":\"Nasi lekarze\"}]},{\"@type\":\"WebSite\",\"@id\":\"https:\/\/lin-clinic.pl\/vi\/#website\",\"url\":\"https:\/\/lin-clinic.pl\/vi\/\",\"name\":\"Lin Clinic\",\"description\":\"Gabinet stomatologiczny Warszawa\",\"potentialAction\":[{\"@type\":\"SearchAction\",\"target\":{\"@type\":\"EntryPoint\",\"urlTemplate\":\"https:\/\/lin-clinic.pl\/vi\/?s={search_term_string}\"},\"query-input\":{\"@type\":\"PropertyValueSpecification\",\"valueRequired\":true,\"valueName\":\"search_term_string\"}}],\"inLanguage\":\"zh-Hans\"}]}<\/script>\n<!-- \/ Yoast SEO plugin. -->","yoast_head_json":{"title":"Nasi Lekarze | LIN Clinic - Zesp\u00f3\u0142 Specjalist\u00f3w","description":"Poznaj zesp\u00f3\u0142 lekarzy w LIN Clinic! Wykwalifikowani specjali\u015bci z r\u00f3\u017cnych dziedzin stomatologii, gotowi zadba\u0107 o Twoje zdrowie. Sprawd\u017a nasz zesp\u00f3\u0142!","robots":{"index":"index","follow":"follow","max-snippet":"max-snippet:-1","max-image-preview":"max-image-preview:large","max-video-preview":"max-video-preview:-1"},"canonical":"https:\/\/lin-clinic.pl\/vi\/nasi-lekarze\/","og_locale":"zh_CN","og_type":"article","og_title":"Nasi Lekarze | LIN Clinic - Zesp\u00f3\u0142 Specjalist\u00f3w","og_description":"Poznaj zesp\u00f3\u0142 lekarzy w LIN Clinic! Wykwalifikowani specjali\u015bci z r\u00f3\u017cnych dziedzin stomatologii, gotowi zadba\u0107 o Twoje zdrowie. Sprawd\u017a nasz zesp\u00f3\u0142!","og_url":"https:\/\/lin-clinic.pl\/vi\/nasi-lekarze\/","og_site_name":"Lin Clinic","article_modified_time":"2024-12-04T06:49:00+00:00","og_image":[{"url":"http:\/\/lin-clinic.pl\/wp-content\/uploads\/2018\/09\/zespol-300x300.jpg","type":"","width":"","height":""}],"twitter_card":"summary_large_image","twitter_misc":{"\u9884\u8ba1\u9605\u8bfb\u65f6\u95f4":"3 \u5206"},"schema":{"@context":"https:\/\/schema.org","@graph":[{"@type":"WebPage","@id":"https:\/\/lin-clinic.pl\/vi\/nasi-lekarze\/","url":"https:\/\/lin-clinic.pl\/vi\/nasi-lekarze\/","name":"Nasi Lekarze | LIN Clinic - Zesp\u00f3\u0142 Specjalist\u00f3w","isPartOf":{"@id":"https:\/\/lin-clinic.pl\/vi\/#website"},"primaryImageOfPage":{"@id":"https:\/\/lin-clinic.pl\/vi\/nasi-lekarze\/#primaryimage"},"image":{"@id":"https:\/\/lin-clinic.pl\/vi\/nasi-lekarze\/#primaryimage"},"thumbnailUrl":"http:\/\/lin-clinic.pl\/wp-content\/uploads\/2018\/09\/zespol-300x300.jpg","datePublished":"2017-10-22T08:26:19+00:00","dateModified":"2024-12-04T06:49:00+00:00","description":"Poznaj zesp\u00f3\u0142 lekarzy w LIN Clinic! Wykwalifikowani specjali\u015bci z r\u00f3\u017cnych dziedzin stomatologii, gotowi zadba\u0107 o Twoje zdrowie. Sprawd\u017a nasz zesp\u00f3\u0142!","breadcrumb":{"@id":"https:\/\/lin-clinic.pl\/vi\/nasi-lekarze\/#breadcrumb"},"inLanguage":"zh-Hans","potentialAction":[{"@type":"ReadAction","target":["https:\/\/lin-clinic.pl\/vi\/nasi-lekarze\/"]}]},{"@type":"ImageObject","inLanguage":"zh-Hans","@id":"https:\/\/lin-clinic.pl\/vi\/nasi-lekarze\/#primaryimage","url":"http:\/\/lin-clinic.pl\/wp-content\/uploads\/2018\/09\/zespol-300x300.jpg","contentUrl":"http:\/\/lin-clinic.pl\/wp-content\/uploads\/2018\/09\/zespol-300x300.jpg"},{"@type":"BreadcrumbList","@id":"https:\/\/lin-clinic.pl\/vi\/nasi-lekarze\/#breadcrumb","itemListElement":[{"@type":"ListItem","position":1,"name":"Strona g\u0142\u00f3wna","item":"https:\/\/lin-clinic.pl\/vi\/"},{"@type":"ListItem","position":2,"name":"Nasi lekarze"}]},{"@type":"WebSite","@id":"https:\/\/lin-clinic.pl\/vi\/#website","url":"https:\/\/lin-clinic.pl\/vi\/","name":"Lin Clinic","description":"Gabinet stomatologiczny Warszawa","potentialAction":[{"@type":"SearchAction","target":{"@type":"EntryPoint","urlTemplate":"https:\/\/lin-clinic.pl\/vi\/?s={search_term_string}"},"query-input":{"@type":"PropertyValueSpecification","valueRequired":true,"valueName":"search_term_string"}}],"inLanguage":"zh-Hans"}]}},"_links":{"self":[{"href":"https:\/\/lin-clinic.pl\/zh\/wp-json\/wp\/v2\/pages\/282","targetHints":{"allow":["GET"]}}],"collection":[{"href":"https:\/\/lin-clinic.pl\/zh\/wp-json\/wp\/v2\/pages"}],"about":[{"href":"https:\/\/lin-clinic.pl\/zh\/wp-json\/wp\/v2\/types\/page"}],"author":[{"embeddable":true,"href":"https:\/\/lin-clinic.pl\/zh\/wp-json\/wp\/v2\/users\/1"}],"replies":[{"embeddable":true,"href":"https:\/\/lin-clinic.pl\/zh\/wp-json\/wp\/v2\/comments?post=282"}],"version-history":[{"count":43,"href":"https:\/\/lin-clinic.pl\/zh\/wp-json\/wp\/v2\/pages\/282\/revisions"}],"predecessor-version":[{"id":558,"href":"https:\/\/lin-clinic.pl\/zh\/wp-json\/wp\/v2\/pages\/282\/revisions\/558"}],"wp:attachment":[{"href":"https:\/\/lin-clinic.pl\/zh\/wp-json\/wp\/v2\/media?parent=282"}],"curies":[{"name":"wp","href":"https:\/\/api.w.org\/{rel}","templated":true}]}}