{"id":279,"date":"2017-10-22T10:23:14","date_gmt":"2017-10-22T08:23:14","guid":{"rendered":"http:\/\/lin-clinic.pl\/?page_id=279"},"modified":"2024-12-04T07:45:26","modified_gmt":"2024-12-04T06:45:26","slug":"cennik","status":"publish","type":"page","link":"https:\/\/lin-clinic.pl\/zh\/cennik\/","title":{"rendered":"\u4ef7\u683c\u8868"},"content":{"rendered":"<p class=\"cennik-usluga\"><img loading=\"lazy\" decoding=\"async\" src=\"http:\/\/lin-clinic.pl\/wp-content\/uploads\/2017\/09\/higiena-150x150.jpg\" alt=\"\" width=\"40\" height=\"40\" \/> \u9884\u9632\u4fdd\u5065<\/p>\n<table class=\"cennik-tabela\">\n<tbody>\n<tr>\n<td class=\"cennik-td1\">\u53e3\u8154\u68c0\u67e5<\/td>\n<td class=\"cennik-td2\">100 z\u0142<\/td>\n<\/tr>\n<tr>\n<td class=\"cennik-td1\">\u4e13\u4e1a\u54a8\u8be2<\/td>\n<td class=\"cennik-td2\">100 &#8211; 150z\u0142<\/td>\n<\/tr>\n<tr>\n<td class=\"cennik-td1\">\u6d17\u7259\u6d01\u7259<\/td>\n<td class=\"cennik-td2\">200 &#8211; 250z\u0142<\/td>\n<\/tr>\n<tr>\n<td class=\"cennik-td1\">\u6d17\u7259\u52a0\u55b7\u7802<\/td>\n<td class=\"cennik-td2\">280 &#8211; 300z\u0142<\/td>\n<\/tr>\n<tr>\n<td class=\"cennik-td1\">\u55b7\u7802\u6d82\u6c1f<\/td>\n<td class=\"cennik-td2\">250 &#8211; 280z\u0142<\/td>\n<\/tr>\n<tr>\n<td class=\"cennik-td1\">\u6d17\u7259\u55b7\u7802\u6d82\u6c1f<\/td>\n<td class=\"cennik-td2\">330 z\u0142<\/td>\n<\/tr>\n<tr>\n<td class=\"cennik-td1\">\u6d82\u6c1f<\/td>\n<td class=\"cennik-td2\">30 &#8211; 180z\u0142<\/td>\n<\/tr>\n<\/tbody>\n<\/table>\n<p class=\"cennik-usluga\"><img loading=\"lazy\" decoding=\"async\" src=\"http:\/\/lin-clinic.pl\/wp-content\/uploads\/2017\/09\/zachowawcza-150x150.jpg\" alt=\"\" width=\"40\" height=\"40\" \/> \u53e3\u8154\u6cbb\u7597<\/p>\n<table class=\"cennik-tabela\">\n<tbody>\n<tr>\n<td class=\"cennik-td1\">\u65e0\u673a\u68b0\u6cbb\u7597<\/td>\n<td class=\"cennik-td2\">80 &#8211; 150z\u0142<\/td>\n<\/tr>\n<tr>\n<td class=\"cennik-td1\">\u5149\u56fa\u5316\u6811\u8102\u8865\u7259<\/td>\n<td class=\"cennik-td2\">200 &#8211; 300z\u0142<\/td>\n<\/tr>\n<tr>\n<td class=\"cennik-td1\">\u73bb\u7483\u79bb\u5b50\u8865\u7259<\/td>\n<td class=\"cennik-td2\">180 &#8211; 200z\u0142<\/td>\n<\/tr>\n<tr>\n<td class=\"cennik-td1\">\u7259\u9f7f\u4fee\u590d<\/td>\n<td class=\"cennik-td2\">300 &#8211; 500z\u0142<\/td>\n<\/tr>\n<tr>\n<td class=\"cennik-td1\">\u7259\u9f7f\u4fee\u590d\u52a0\u6253\u6869<\/td>\n<td class=\"cennik-td2\">300 &#8211; 500z\u0142<\/td>\n<\/tr>\n<tr>\n<td class=\"cennik-td1\">\u513f\u7ae5\u8865\u7259<\/td>\n<td class=\"cennik-td2\">150 &#8211; 200z\u0142<\/td>\n<\/tr>\n<tr>\n<td class=\"cennik-td1\">\u7a9d\u6c9f\u5c01\u95ed<\/td>\n<td class=\"cennik-td2\">80 &#8211; 150z\u0142<\/td>\n<\/tr>\n<\/tbody>\n<\/table>\n<p class=\"cennik-usluga\"><img loading=\"lazy\" decoding=\"async\" src=\"http:\/\/lin-clinic.pl\/wp-content\/uploads\/2017\/09\/kanalowe-150x150.jpg\" alt=\"\" width=\"40\" height=\"40\" \/> \u6839\u7ba1\u6cbb\u7597<\/p>\n<table class=\"cennik-tabela\">\n<tbody>\n<tr>\n<td class=\"cennik-td1\">\u6839\u7ba1\u6cbb\u7597 1 \u4e2a\u6839\u7ba1<\/td>\n<td class=\"cennik-td2\">600 z\u0142<\/td>\n<\/tr>\n<tr>\n<td class=\"cennik-td1\">\u6839\u7ba1\u6cbb\u7597 2 \u4e2a\u6839\u7ba1<\/td>\n<td class=\"cennik-td2\">800 z\u0142<\/td>\n<\/tr>\n<tr>\n<td class=\"cennik-td1\">\u6839\u7ba1\u6cbb\u7597 3 \u4e2a\u6839\u7ba1<\/td>\n<td class=\"cennik-td2\">1000 z\u0142<\/td>\n<\/tr>\n<\/tbody>\n<\/table>\n<p class=\"cennik-usluga\"><img loading=\"lazy\" decoding=\"async\" src=\"http:\/\/lin-clinic.pl\/wp-content\/uploads\/2017\/09\/wybielanie-150x150.jpg\" alt=\"\" width=\"40\" height=\"40\" \/> \u7f8e\u767d<\/p>\n<table class=\"cennik-tabela\">\n<tbody>\n<tr>\n<td class=\"cennik-td1\">\u5c45\u5bb6\u7f8e\u767d<\/td>\n<td class=\"cennik-td2\">700 &#8211; 1000z\u0142<\/td>\n<\/tr>\n<tr>\n<td class=\"cennik-td1\">\u7f8e\u767d\uff08\u574f\u6b7b\u7259\uff09<\/td>\n<td class=\"cennik-td2\">100 &#8211; 300z\u0142<\/td>\n<\/tr>\n<\/tbody>\n<\/table>\n<p class=\"cennik-usluga\"><img loading=\"lazy\" decoding=\"async\" src=\"http:\/\/lin-clinic.pl\/wp-content\/uploads\/2017\/09\/chirurgia-150x150.jpg\" alt=\"\" width=\"40\" height=\"40\" \/> \u53e3\u8154\u5916\u79d1<\/p>\n<table class=\"cennik-tabela\">\n<tbody>\n<tr>\n<td class=\"cennik-td1\">\u9ebb\u9189<\/td>\n<td class=\"cennik-td2\">40 z\u0142<\/td>\n<\/tr>\n<tr>\n<td class=\"cennik-td1\">\u4e00\u822c\u7259\u62d4\u9664\u672f<\/td>\n<td class=\"cennik-td2\">200 &#8211; 500z\u0142<\/td>\n<\/tr>\n<tr>\n<td class=\"cennik-td1\">\u00a0<\/td>\n<td class=\"cennik-td2\">\u00a0<\/td>\n<\/tr>\n<tr>\n<td class=\"cennik-td1\">\u4e73\u7259\u62d4\u9664\u672f<\/td>\n<td class=\"cennik-td2\">100 z\u0142<\/td>\n<\/tr>\n<tr>\n<td class=\"cennik-td1\">\u963b\u751f\u9f7f\u62d4\u9664\u672f<\/td>\n<td class=\"cennik-td2\">500-1000 z\u0142<\/td>\n<\/tr>\n<tr>\n<td class=\"cennik-td1\">\u8113\u80bf\u6cbb\u7597<\/td>\n<td class=\"cennik-td2\">50 z\u0142<\/td>\n<\/tr>\n<tr>\n<td class=\"cennik-td1\">\u56ca\u80bf\u5207\u9664<\/td>\n<td class=\"cennik-td2\">250-500 z\u0142<\/td>\n<\/tr>\n<\/tbody>\n<\/table>\n<p class=\"cennik-usluga\"><img loading=\"lazy\" decoding=\"async\" src=\"http:\/\/lin-clinic.pl\/wp-content\/uploads\/2017\/09\/protetyka-150x150.jpg\" alt=\"\" width=\"40\" height=\"40\" \/> \u53e3\u8154\u4fee\u590d<\/p>\n<table class=\"cennik-tabela\">\n<tbody>\n<tr>\n<td class=\"cennik-td1\">\u7259\u6869<\/td>\n<td class=\"cennik-td2\">300-450 z\u0142<\/td>\n<\/tr>\n<tr>\n<td class=\"cennik-td1\">\u70e4\u74f7\u51a0<\/td>\n<td class=\"cennik-td2\">600-1500 z\u0142<\/td>\n<\/tr>\n<tr>\n<td class=\"cennik-td1\">\u5168\u74f7\u51a0<\/td>\n<td class=\"cennik-td2\">1100-1800 z\u0142<\/td>\n<\/tr>\n<tr>\n<td class=\"cennik-td1\">\u8d34\u9762<\/td>\n<td class=\"cennik-td2\">1200-1600 z\u0142<\/td>\n<\/tr>\n<tr>\n<td class=\"cennik-td1\">\u8bca\u65ad\u7528\u7259\u6a21\uff0c\u8721\u819c\uff0c\u8ba2\u5236\u7259\u6258\u76d8<\/td>\n<td class=\"cennik-td2\">50 z\u0142<\/td>\n<\/tr>\n<tr>\n<td class=\"cennik-td1\">\u4e34\u65f6\u7259\u51a0<\/td>\n<td class=\"cennik-td2\">150-300 z\u0142<\/td>\n<\/tr>\n<\/tbody>\n<\/table>\n<p class=\"cennik-usluga\"><img loading=\"lazy\" decoding=\"async\" src=\"http:\/\/lin-clinic.pl\/wp-content\/uploads\/2017\/09\/protetyka-150x150.jpg\" alt=\"\" width=\"40\" height=\"40\" \/> \u6d3b\u52a8\u7259\u4fee\u590d<\/p>\n<table class=\"cennik-tabela\">\n<tbody>\n<tr>\n<td class=\"cennik-td1\">\u5168\u53e3\u5047\u7259<\/td>\n<td class=\"cennik-td2\">1000-1300 z\u0142<\/td>\n<\/tr>\n<tr>\n<td class=\"cennik-td1\">\u5851\u6599\u57fa\u6258<\/td>\n<td class=\"cennik-td2\">800-1300 z\u0142<\/td>\n<\/tr>\n<tr>\n<td class=\"cennik-td1\">\u91d1\u5c5e\u57fa\u6258<\/td>\n<td class=\"cennik-td2\">1300-1600 z\u0142<\/td>\n<\/tr>\n<tr>\n<td class=\"cennik-td1\">\u65e7\u57fa\u6258\u4fee\u590d<\/td>\n<td class=\"cennik-td2\">350-400 z\u0142<\/td>\n<\/tr>\n<tr>\n<td class=\"cennik-td1\">\u5047\u7259\u4fee\u590d<\/td>\n<td class=\"cennik-td2\">80-100 z\u0142<\/td>\n<\/tr>\n<tr>\n<td class=\"cennik-td1\">\u6f02\u767d\u7259\u6258\uff0c\u6cbb\u7597\/\u590d\u5065\u7528\u7259\u6258<\/td>\n<td class=\"cennik-td2\">500 z\u0142<\/td>\n<\/tr>\n<\/tbody>\n<\/table>\n<p>* \u79cd\u690d\u7259\u4e0e\u7259\u6574\u5f62\u8bf7\u5148\u54a8\u8be2\u518d\u8be2\u95ee\u4ef7\u683c\uff01<br \/>* \u6240\u6709\u4ef7\u683c\u4f9d\u7167\u60a3\u8005\u60c5\u51b5\uff0c\u75c5\u60c5\u7a0b\u5ea6\u548c\u4f7f\u7528\u6750\u6599\u7684\u4e0d\u540c\u4f1a\u6709\u6240\u53d8\u66f4\uff0c\u4e00\u5207\u4ee5\u5179\u7f57\u63d0\u8ba1\u7b97\u3002\u6b22\u8fce\u9884\u7ea6\u54a8\u8be2\uff01\n\n\n<div class=\"wp-block-image\"><figure class=\"aligncenter is-resized\"><img loading=\"lazy\" decoding=\"async\" src=\"http:\/\/lin-clinic.pl\/wp-content\/uploads\/2017\/09\/higiena-150x150.jpg\" alt=\"\" width=\"41\" height=\"41\"\/><\/figure><\/div>\n\n\n\n<p class=\"has-text-align-center\">Ph\u00f2ng Ng\u1eeba<\/p>\n\n\n\n<figure class=\"wp-block-table aligncenter\"><table><tbody><tr><td class=\"has-text-align-center\" data-align=\"center\">Ki\u1ec3m tra<\/td><td class=\"has-text-align-center\" data-align=\"center\">100z\u0142<\/td><\/tr><tr><td class=\"has-text-align-center\" data-align=\"center\">T\u01b0 v\u1ea5n nha khoa<\/td><td class=\"has-text-align-center\" data-align=\"center\">100 &#8211; 150zl<\/td><\/tr><tr><td class=\"has-text-align-center\" data-align=\"center\">L\u00e0m s\u1ea1ch r\u0103ng<\/td><td class=\"has-text-align-center\" data-align=\"center\">200 &#8211; 250z\u0142<\/td><\/tr><tr><td class=\"has-text-align-center\" data-align=\"center\">L\u00e0m s\u1ea1ch r\u0103ng b\u1eb1ng phun b\u1ed9t<\/td><td class=\"has-text-align-center\" data-align=\"center\">280 &#8211; 300zl<\/td><\/tr><tr><td class=\"has-text-align-center\" data-align=\"center\">Phun b\u1ed9t v\u1edbi l\u1edbp ph\u1ee7 b\u1ea3o v\u1ec7<\/td><td class=\"has-text-align-center\" data-align=\"center\">250 &#8211; 280zl<\/td><\/tr><tr><td class=\"has-text-align-center\" data-align=\"center\">Tr\u1ecdn g\u00f3i (l\u00e0m s\u1ea1ch r\u0103ng, phun b\u1ed9t, l\u1edbp ph\u1ee7 b\u1ea3o v\u1ec7)<\/td><td class=\"has-text-align-center\" data-align=\"center\">330zl<\/td><\/tr><tr><td class=\"has-text-align-center\" data-align=\"center\">L\u1edbp ph\u1ee7 b\u1ea3o v\u1ec7<\/td><td class=\"has-text-align-center\" data-align=\"center\">30 &#8211; 180zl<\/td><\/tr><\/tbody><\/table><\/figure>\n\n\n\n<div class=\"wp-block-group\"><div class=\"wp-block-group__inner-container is-layout-flow wp-block-group-is-layout-flow\">\n<div class=\"wp-block-image\"><figure class=\"aligncenter is-resized\"><img loading=\"lazy\" decoding=\"async\" src=\"http:\/\/lin-clinic.pl\/wp-content\/uploads\/2017\/09\/zachowawcza-150x150.jpg\" alt=\"\" width=\"44\" height=\"44\"\/><\/figure><\/div>\n<\/div><\/div>\n\n\n\n<p class=\"has-text-align-center\">Nha Khoa B\u1ea3o T\u1ed3n<\/p>\n\n\n\n<figure class=\"wp-block-table aligncenter is-style-regular\"><table><tbody><tr><td class=\"has-text-align-center\" data-align=\"center\">Kh\u00e1m kh\u00f4ng d\u00f9ng khoan<\/td><td class=\"has-text-align-center\" data-align=\"center\">80 &#8211; 150zl<\/td><\/tr><tr><td class=\"has-text-align-center\" data-align=\"center\">Tr\u1eafm r\u0103ng<\/td><td class=\"has-text-align-center\" data-align=\"center\">200 &#8211; 300zl<\/td><\/tr><tr><td class=\"has-text-align-center\" data-align=\"center\">Tr\u00e1m k\u00ednh r\u0103ng<\/td><td class=\"has-text-align-center\" data-align=\"center\">180 &#8211; 200zl<\/td><\/tr><tr><td class=\"has-text-align-center\" data-align=\"center\">T\u00e1i t\u1ea1o r\u0103ng<\/td><td class=\"has-text-align-center\" data-align=\"center\">300 &#8211; 500zl<\/td><\/tr><tr><td class=\"has-text-align-center\" data-align=\"center\">T\u00e1i t\u1ea1o r\u0103ng b\u1eb1ng ch\u1ed1t<\/td><td class=\"has-text-align-center\" data-align=\"center\">300 &#8211; 500zl<\/td><\/tr><tr><td class=\"has-text-align-center\" data-align=\"center\">Tr\u00e1m r\u0103ng s\u1eefa<\/td><td class=\"has-text-align-center\" data-align=\"center\">150 &#8211; 200zl<\/td><\/tr><tr><td class=\"has-text-align-center\" data-align=\"center\">L\u1ea5p k\u00edn h\u1ed1 r\u00e3nh, khe k\u1ebd r\u0103ng<\/td><td class=\"has-text-align-center\" data-align=\"center\">150zl<\/td><\/tr><\/tbody><\/table><\/figure>\n\n\n\n<div class=\"wp-block-image\"><figure class=\"aligncenter is-resized\"><img loading=\"lazy\" decoding=\"async\" src=\"http:\/\/lin-clinic.pl\/wp-content\/uploads\/2017\/09\/kanalowe-150x150.jpg\" alt=\"\" width=\"42\" height=\"42\"\/><\/figure><\/div>\n\n\n\n<p class=\"has-text-align-center\">Ch\u1eefa T\u1ee7y R\u0103ng<\/p>\n\n\n\n<figure class=\"wp-block-table aligncenter\"><table><tbody><tr><td class=\"has-text-align-center\" data-align=\"center\">R\u00fat 1 t\u1ee7y r\u0103ng <\/td><td class=\"has-text-align-center\" data-align=\"center\">600zl<\/td><\/tr><tr><td class=\"has-text-align-center\" data-align=\"center\">R\u00fat 2 t\u1ee7y r\u0103ng<\/td><td class=\"has-text-align-center\" data-align=\"center\">800zl<\/td><\/tr><tr><td class=\"has-text-align-center\" data-align=\"center\">R\u00fat 3 t\u1ee7y r\u0103ng<\/td><td class=\"has-text-align-center\" data-align=\"center\">1000 zl<\/td><\/tr><\/tbody><\/table><\/figure>\n\n\n\n<div class=\"wp-block-image\"><figure class=\"aligncenter is-resized\"><img loading=\"lazy\" decoding=\"async\" src=\"http:\/\/lin-clinic.pl\/wp-content\/uploads\/2017\/09\/wybielanie-150x150.jpg\" alt=\"\" width=\"42\" height=\"42\"\/><\/figure><\/div>\n\n\n\n<p class=\"has-text-align-center\">D\u01b0\u1ee1ng Tr\u1eafng R\u0103ng<\/p>\n\n\n\n<figure class=\"wp-block-table aligncenter\"><table><tbody><tr><td class=\"has-text-align-center\" data-align=\"center\">L\u00e0m tr\u1eafng r\u0103ng<\/td><td class=\"has-text-align-center\" data-align=\"center\">700 &#8211; 1000zl<\/td><\/tr><tr><td class=\"has-text-align-center\" data-align=\"center\">L\u00e0m tr\u1eafng t\u1eeb b\u00ean trong r\u0103ng <\/td><td class=\"has-text-align-center\" data-align=\"center\">100 &#8211; 300zl<\/td><\/tr><\/tbody><\/table><\/figure>\n\n\n\n<div class=\"wp-block-image\"><figure class=\"aligncenter is-resized\"><img loading=\"lazy\" decoding=\"async\" src=\"http:\/\/lin-clinic.pl\/wp-content\/uploads\/2017\/09\/chirurgia-150x150.jpg\" alt=\"\" width=\"44\" height=\"44\"\/><\/figure><\/div>\n\n\n\n<p class=\"has-text-align-center\">Ph\u1eabu Thu\u1eadt H\u00e0m M\u1eb7t<\/p>\n\n\n\n<figure class=\"wp-block-table aligncenter\"><table><tbody><tr><td class=\"has-text-align-center\" data-align=\"center\">G\u00e2y t\u00ea<\/td><td class=\"has-text-align-center\" data-align=\"center\">40 zl<\/td><\/tr><tr><td class=\"has-text-align-center\" data-align=\"center\">Nh\u1ed5 r\u0103ng<\/td><td class=\"has-text-align-center\" data-align=\"center\">200 &#8211; 500zl<\/td><\/tr><tr><td class=\"has-text-align-center\" data-align=\"center\">Nh\u1ed5 r\u0103ng s\u1eefa<\/td><td class=\"has-text-align-center\" data-align=\"center\">150 &#8211; 200zl<\/td><\/tr><tr><td class=\"has-text-align-center\" data-align=\"center\">D\u1eabn l\u01b0u \u1ed5 \u00e1p xe r\u0103ng<\/td><td class=\"has-text-align-center\" data-align=\"center\">100 zl<\/td><\/tr><tr><td class=\"has-text-align-center\" data-align=\"center\">Lo\u1ea1i b\u1ecf u nang<\/td><td class=\"has-text-align-center\" data-align=\"center\">250 &#8211; 500zl<\/td><\/tr><\/tbody><\/table><\/figure>\n\n\n\n<p><\/p>\n\n\n\n<p><\/p>\n\n\n\n<p><\/p>\n\n\n\n<p><\/p>\n\n\n\n<p><\/p>\n\n\n\n<p><\/p>\n\n\n\n<div class=\"wp-block-columns is-layout-flex wp-container-core-columns-is-layout-9d6595d7 wp-block-columns-is-layout-flex\">\n<div class=\"wp-block-column is-layout-flow wp-block-column-is-layout-flow\"><\/div>\n\n\n\n<div class=\"wp-block-column is-layout-flow wp-block-column-is-layout-flow\"><\/div>\n<\/div>\n\n\n\n<p><\/p>","protected":false},"excerpt":{"rendered":"<p>\u9884\u9632\u4fdd\u5065 \u53e3\u8154\u68c0\u67e5 100 z\u0142 \u4e13\u4e1a\u54a8\u8be2 100 &#8211; 150z\u0142 \u6d17\u7259\u6d01\u7259 200 &#038;#8211 &hellip; <a href=\"https:\/\/lin-clinic.pl\/zh\/cennik\/\" class=\"more-link\">Continue reading<span class=\"screen-reader-text\"> &#8220;\u4ef7\u683c\u8868&#8221;<\/span><\/a><\/p>\n","protected":false},"author":1,"featured_media":0,"parent":0,"menu_order":0,"comment_status":"closed","ping_status":"closed","template":"","meta":{"_monsterinsights_skip_tracking":false,"_monsterinsights_sitenote_active":false,"_monsterinsights_sitenote_note":"","_monsterinsights_sitenote_category":0,"footnotes":""},"class_list":["post-279","page","type-page","status-publish","hentry"],"yoast_head":"<!-- This site is optimized with the Yoast SEO plugin v27.1.1 - https:\/\/yoast.com\/product\/yoast-seo-wordpress\/ -->\n<title>Cennik us\u0142ug medycznych | LIN Clinic - Profesjonalna Opieka<\/title>\n<meta name=\"description\" content=\"Sprawd\u017a aktualny cennik us\u0142ug medycznych w LIN Clinic. Profesjonalna opieka zdrowotna i kosmetologiczna w przyst\u0119pnych cenach. Dowiedz si\u0119 wi\u0119cej!\" \/>\n<meta name=\"robots\" content=\"index, follow, max-snippet:-1, max-image-preview:large, max-video-preview:-1\" \/>\n<link rel=\"canonical\" href=\"https:\/\/lin-clinic.pl\/en\/cennik\/\" \/>\n<meta property=\"og:locale\" content=\"zh_CN\" \/>\n<meta property=\"og:type\" content=\"article\" \/>\n<meta property=\"og:title\" content=\"Cennik us\u0142ug medycznych | LIN Clinic - Profesjonalna Opieka\" \/>\n<meta property=\"og:description\" content=\"Sprawd\u017a aktualny cennik us\u0142ug medycznych w LIN Clinic. Profesjonalna opieka zdrowotna i kosmetologiczna w przyst\u0119pnych cenach. Dowiedz si\u0119 wi\u0119cej!\" \/>\n<meta property=\"og:url\" content=\"https:\/\/lin-clinic.pl\/en\/cennik\/\" \/>\n<meta property=\"og:site_name\" content=\"Lin Clinic\" \/>\n<meta property=\"article:modified_time\" content=\"2024-12-04T06:45:26+00:00\" \/>\n<meta property=\"og:image\" content=\"http:\/\/lin-clinic.pl\/wp-content\/uploads\/2017\/09\/higiena-150x150.jpg\" \/>\n<meta name=\"twitter:card\" content=\"summary_large_image\" \/>\n<meta name=\"twitter:label1\" content=\"\u9884\u8ba1\u9605\u8bfb\u65f6\u95f4\" \/>\n\t<meta name=\"twitter:data1\" content=\"10 \u5206\" \/>\n<script type=\"application\/ld+json\" class=\"yoast-schema-graph\">{\"@context\":\"https:\/\/schema.org\",\"@graph\":[{\"@type\":\"WebPage\",\"@id\":\"https:\/\/lin-clinic.pl\/en\/cennik\/\",\"url\":\"https:\/\/lin-clinic.pl\/en\/cennik\/\",\"name\":\"Cennik us\u0142ug medycznych | LIN Clinic - Profesjonalna Opieka\",\"isPartOf\":{\"@id\":\"https:\/\/lin-clinic.pl\/vi\/#website\"},\"primaryImageOfPage\":{\"@id\":\"https:\/\/lin-clinic.pl\/en\/cennik\/#primaryimage\"},\"image\":{\"@id\":\"https:\/\/lin-clinic.pl\/en\/cennik\/#primaryimage\"},\"thumbnailUrl\":\"http:\/\/lin-clinic.pl\/wp-content\/uploads\/2017\/09\/higiena-150x150.jpg\",\"datePublished\":\"2017-10-22T08:23:14+00:00\",\"dateModified\":\"2024-12-04T06:45:26+00:00\",\"description\":\"Sprawd\u017a aktualny cennik us\u0142ug medycznych w LIN Clinic. Profesjonalna opieka zdrowotna i kosmetologiczna w przyst\u0119pnych cenach. Dowiedz si\u0119 wi\u0119cej!\",\"breadcrumb\":{\"@id\":\"https:\/\/lin-clinic.pl\/en\/cennik\/#breadcrumb\"},\"inLanguage\":\"zh-Hans\",\"potentialAction\":[{\"@type\":\"ReadAction\",\"target\":[\"https:\/\/lin-clinic.pl\/en\/cennik\/\"]}]},{\"@type\":\"ImageObject\",\"inLanguage\":\"zh-Hans\",\"@id\":\"https:\/\/lin-clinic.pl\/en\/cennik\/#primaryimage\",\"url\":\"http:\/\/lin-clinic.pl\/wp-content\/uploads\/2017\/09\/higiena-150x150.jpg\",\"contentUrl\":\"http:\/\/lin-clinic.pl\/wp-content\/uploads\/2017\/09\/higiena-150x150.jpg\"},{\"@type\":\"BreadcrumbList\",\"@id\":\"https:\/\/lin-clinic.pl\/en\/cennik\/#breadcrumb\",\"itemListElement\":[{\"@type\":\"ListItem\",\"position\":1,\"name\":\"Strona g\u0142\u00f3wna\",\"item\":\"https:\/\/lin-clinic.pl\/vi\/\"},{\"@type\":\"ListItem\",\"position\":2,\"name\":\"Price list\"}]},{\"@type\":\"WebSite\",\"@id\":\"https:\/\/lin-clinic.pl\/vi\/#website\",\"url\":\"https:\/\/lin-clinic.pl\/vi\/\",\"name\":\"Lin Clinic\",\"description\":\"Gabinet stomatologiczny Warszawa\",\"potentialAction\":[{\"@type\":\"SearchAction\",\"target\":{\"@type\":\"EntryPoint\",\"urlTemplate\":\"https:\/\/lin-clinic.pl\/vi\/?s={search_term_string}\"},\"query-input\":{\"@type\":\"PropertyValueSpecification\",\"valueRequired\":true,\"valueName\":\"search_term_string\"}}],\"inLanguage\":\"zh-Hans\"}]}<\/script>\n<!-- \/ Yoast SEO plugin. -->","yoast_head_json":{"title":"Cennik us\u0142ug medycznych | LIN Clinic - Profesjonalna Opieka","description":"Sprawd\u017a aktualny cennik us\u0142ug medycznych w LIN Clinic. Profesjonalna opieka zdrowotna i kosmetologiczna w przyst\u0119pnych cenach. Dowiedz si\u0119 wi\u0119cej!","robots":{"index":"index","follow":"follow","max-snippet":"max-snippet:-1","max-image-preview":"max-image-preview:large","max-video-preview":"max-video-preview:-1"},"canonical":"https:\/\/lin-clinic.pl\/en\/cennik\/","og_locale":"zh_CN","og_type":"article","og_title":"Cennik us\u0142ug medycznych | LIN Clinic - Profesjonalna Opieka","og_description":"Sprawd\u017a aktualny cennik us\u0142ug medycznych w LIN Clinic. Profesjonalna opieka zdrowotna i kosmetologiczna w przyst\u0119pnych cenach. Dowiedz si\u0119 wi\u0119cej!","og_url":"https:\/\/lin-clinic.pl\/en\/cennik\/","og_site_name":"Lin Clinic","article_modified_time":"2024-12-04T06:45:26+00:00","og_image":[{"url":"http:\/\/lin-clinic.pl\/wp-content\/uploads\/2017\/09\/higiena-150x150.jpg","type":"","width":"","height":""}],"twitter_card":"summary_large_image","twitter_misc":{"\u9884\u8ba1\u9605\u8bfb\u65f6\u95f4":"10 \u5206"},"schema":{"@context":"https:\/\/schema.org","@graph":[{"@type":"WebPage","@id":"https:\/\/lin-clinic.pl\/en\/cennik\/","url":"https:\/\/lin-clinic.pl\/en\/cennik\/","name":"Cennik us\u0142ug medycznych | LIN Clinic - Profesjonalna Opieka","isPartOf":{"@id":"https:\/\/lin-clinic.pl\/vi\/#website"},"primaryImageOfPage":{"@id":"https:\/\/lin-clinic.pl\/en\/cennik\/#primaryimage"},"image":{"@id":"https:\/\/lin-clinic.pl\/en\/cennik\/#primaryimage"},"thumbnailUrl":"http:\/\/lin-clinic.pl\/wp-content\/uploads\/2017\/09\/higiena-150x150.jpg","datePublished":"2017-10-22T08:23:14+00:00","dateModified":"2024-12-04T06:45:26+00:00","description":"Sprawd\u017a aktualny cennik us\u0142ug medycznych w LIN Clinic. Profesjonalna opieka zdrowotna i kosmetologiczna w przyst\u0119pnych cenach. Dowiedz si\u0119 wi\u0119cej!","breadcrumb":{"@id":"https:\/\/lin-clinic.pl\/en\/cennik\/#breadcrumb"},"inLanguage":"zh-Hans","potentialAction":[{"@type":"ReadAction","target":["https:\/\/lin-clinic.pl\/en\/cennik\/"]}]},{"@type":"ImageObject","inLanguage":"zh-Hans","@id":"https:\/\/lin-clinic.pl\/en\/cennik\/#primaryimage","url":"http:\/\/lin-clinic.pl\/wp-content\/uploads\/2017\/09\/higiena-150x150.jpg","contentUrl":"http:\/\/lin-clinic.pl\/wp-content\/uploads\/2017\/09\/higiena-150x150.jpg"},{"@type":"BreadcrumbList","@id":"https:\/\/lin-clinic.pl\/en\/cennik\/#breadcrumb","itemListElement":[{"@type":"ListItem","position":1,"name":"Strona g\u0142\u00f3wna","item":"https:\/\/lin-clinic.pl\/vi\/"},{"@type":"ListItem","position":2,"name":"Price list"}]},{"@type":"WebSite","@id":"https:\/\/lin-clinic.pl\/vi\/#website","url":"https:\/\/lin-clinic.pl\/vi\/","name":"Lin Clinic","description":"Gabinet stomatologiczny Warszawa","potentialAction":[{"@type":"SearchAction","target":{"@type":"EntryPoint","urlTemplate":"https:\/\/lin-clinic.pl\/vi\/?s={search_term_string}"},"query-input":{"@type":"PropertyValueSpecification","valueRequired":true,"valueName":"search_term_string"}}],"inLanguage":"zh-Hans"}]}},"_links":{"self":[{"href":"https:\/\/lin-clinic.pl\/zh\/wp-json\/wp\/v2\/pages\/279","targetHints":{"allow":["GET"]}}],"collection":[{"href":"https:\/\/lin-clinic.pl\/zh\/wp-json\/wp\/v2\/pages"}],"about":[{"href":"https:\/\/lin-clinic.pl\/zh\/wp-json\/wp\/v2\/types\/page"}],"author":[{"embeddable":true,"href":"https:\/\/lin-clinic.pl\/zh\/wp-json\/wp\/v2\/users\/1"}],"replies":[{"embeddable":true,"href":"https:\/\/lin-clinic.pl\/zh\/wp-json\/wp\/v2\/comments?post=279"}],"version-history":[{"count":51,"href":"https:\/\/lin-clinic.pl\/zh\/wp-json\/wp\/v2\/pages\/279\/revisions"}],"predecessor-version":[{"id":556,"href":"https:\/\/lin-clinic.pl\/zh\/wp-json\/wp\/v2\/pages\/279\/revisions\/556"}],"wp:attachment":[{"href":"https:\/\/lin-clinic.pl\/zh\/wp-json\/wp\/v2\/media?parent=279"}],"curies":[{"name":"wp","href":"https:\/\/api.w.org\/{rel}","templated":true}]}}