{"id":228,"date":"2017-09-25T17:45:47","date_gmt":"2017-09-25T15:45:47","guid":{"rendered":"http:\/\/lin-clinic.pl\/?page_id=228"},"modified":"2024-12-04T07:52:07","modified_gmt":"2024-12-04T06:52:07","slug":"oferta","status":"publish","type":"page","link":"https:\/\/lin-clinic.pl\/zh\/oferta\/","title":{"rendered":"\u670d\u52a1\u9879\u76ee"},"content":{"rendered":"Lin Clinic\u63d0\u4f9b\u53e3\u8154\u9884\u9632\u4fdd\u5065\uff0c\u53e3\u8154\u4fee\u590d\uff0c\u7259\u4f53\u7259\u9ad3\uff0c\u53e3\u8154\u5916\u79d1\uff0c\u53e3\u8154\u79cd\u690d\u7259\u548c\u5c0f\u513f\u7259\u79d1\u7b49\u5927\u591a\u6570\u5e38\u89c4\u7684\u7259\u79d1\u670d\u52a1\u3002<\/p>\n<div class=\"su-accordion su-u-trim\">\n<div class=\"su-spoiler su-spoiler-style-fancy su-spoiler-icon-plus-circle su-spoiler-closed\" data-scroll-offset=\"0\" data-anchor-in-url=\"no\"><div class=\"su-spoiler-title\" tabindex=\"0\" role=\"button\"><span class=\"su-spoiler-icon\"><\/span>\u53e3\u8154\u536b\u751f\u4e0e\u9884\u9632<\/div><div class=\"su-spoiler-content su-u-clearfix su-u-trim\">\n<p><img loading=\"lazy\" decoding=\"async\" src=\"http:\/\/lin-clinic.pl\/wp-content\/uploads\/2017\/09\/higiena-150x150.jpg\" alt=\"\" width=\"150\" height=\"150\" class=\"alignleft size-thumbnail wp-image-396\" srcset=\"https:\/\/lin-clinic.pl\/wp-content\/uploads\/2017\/09\/higiena-150x150.jpg 150w, https:\/\/lin-clinic.pl\/wp-content\/uploads\/2017\/09\/higiena.jpg 286w\" sizes=\"auto, (max-width: 150px) 85vw, 150px\" \/>\u53e3\u8154\u536b\u751f\u4e0e\u9884\u9632\u5728\u7259\u79d1\u6cbb\u7597\u4e2d\u662f\u975e\u5e38\u91cd\u8981\u7684\uff0c\u56e0\u6b64\u5728\u6797\u8bca\u6240\u9664\u4e86\u6d17\u7259\uff08\u7259\u7ed3\u77f3\u79fb\u9664\uff09\uff0c\u55b7\u7802\u6d17\u7259\uff0c\u6d82\u6c1f\u4ee5\u5916\uff0c \u6211\u4eec\u66f4\u7740\u91cd\u4e8e\u6b63\u786e\u7684\u53e3\u8154\u536b\u751f\u548c\u4fdd\u5065\u3002\u8981\u6ce8\u610f\u7684\u662f\uff0c\u5e73\u65f6\u7684\u751f\u6d3b\u4e60\u60ef\u5bf9\u4e8e\u6211\u4eec\u7684\u53e3\u8154\u536b\u751f\u6709\u5f88\u5927\u7684\u5f71\u54cd\uff0c \u4f8b\u5982\uff1a\u62bd\u70df\uff0c\u559d\u8336\uff0c\u5496\u5561\uff0c\u7ea2\u9152\u7b49\u3002<\/p>\n<p>\u6b63\u786e\u7684\u53e3\u8154\u536b\u751f\u4e0d\u4ec5\u80fd\u591f\u9884\u9632\u7259\u9f7f\u548c\u7259\u9f88\u7684\u75be\u75c5\uff0c\u4e5f\u80fd\u589e\u5f3a\u53e3\u8154\u514d\u75ab\u7684\u529f\u80fd\uff0c\u5e76\u95f4\u63a5\u5730\u8282\u7701\u7528\u4e8e\u6cbb\u7597\u7259\u9f7f\u7684\u65f6\u95f4\u548c\u91d1\u94b1\u3002<\/p>\n<\/div><\/div>\n<div class=\"su-spoiler su-spoiler-style-fancy su-spoiler-icon-plus-circle su-spoiler-closed\" data-scroll-offset=\"0\" data-anchor-in-url=\"no\"><div class=\"su-spoiler-title\" tabindex=\"0\" role=\"button\"><span class=\"su-spoiler-icon\"><\/span>\u7259\u4f53\u7259\u9ad3\u75c5\u5b66<\/div><div class=\"su-spoiler-content su-u-clearfix su-u-trim\">\n<p><img loading=\"lazy\" decoding=\"async\" src=\"http:\/\/lin-clinic.pl\/wp-content\/uploads\/2017\/09\/zachowawcza-150x150.jpg\" alt=\"\" width=\"150\" height=\"150\" class=\"alignleft size-thumbnail wp-image-401\" srcset=\"https:\/\/lin-clinic.pl\/wp-content\/uploads\/2017\/09\/zachowawcza-150x150.jpg 150w, https:\/\/lin-clinic.pl\/wp-content\/uploads\/2017\/09\/zachowawcza.jpg 286w\" sizes=\"auto, (max-width: 150px) 85vw, 150px\" \/>\u7259\u4f53\u7259\u9ad3\u75c5\u5b66\u4e3b\u8981\u4e3a\u6cbb\u7597\u9f8b\u75c5\uff08\u86c0\u7259\uff09\u3002 \u9f8b\u75c5\u662f\u4e16\u754c\u4e0a\u6700\u5e38\u89c1\uff0c\u5173\u4e8e\u8131\u77ff\u548c\u5206\u89e3\u7259\u9f7f\u786c\u7ec4\u7ec7\u7684\u7ec6\u83cc\u6027\u75be\u75c5\u3002<\/p>\n<\/div><\/div>\n<div class=\"su-spoiler su-spoiler-style-fancy su-spoiler-icon-plus-circle su-spoiler-closed\" data-scroll-offset=\"0\" data-anchor-in-url=\"no\"><div class=\"su-spoiler-title\" tabindex=\"0\" role=\"button\"><span class=\"su-spoiler-icon\"><\/span>\u6839\u7ba1\u6cbb\u7597\u672f<\/div><div class=\"su-spoiler-content su-u-clearfix su-u-trim\">\n<p><img loading=\"lazy\" decoding=\"async\" src=\"http:\/\/lin-clinic.pl\/wp-content\/uploads\/2017\/09\/kanalowe-150x150.jpg\" alt=\"\" width=\"150\" height=\"150\" class=\"alignleft size-thumbnail wp-image-398\" srcset=\"https:\/\/lin-clinic.pl\/wp-content\/uploads\/2017\/09\/kanalowe-150x150.jpg 150w, https:\/\/lin-clinic.pl\/wp-content\/uploads\/2017\/09\/kanalowe.jpg 286w\" sizes=\"auto, (max-width: 150px) 85vw, 150px\" \/>\u6839\u7ba1\u6cbb\u7597\u80fd\u591f\u89e3\u51b3\u7259\u75db\u7684\u95ee\u9898\u5e76\u907f\u514d\u62d4\u7259\u3002\u8fd9\u7c7b\u6cbb\u7597\u65b9\u6cd5\u4e3b\u8981\u5728\u4e8e\u79fb\u9664\u7259\u6839\u7ba1\u91cc\u7684\u7ec6\u83cc\u3002\u7ec6\u83cc\u4fb5\u8680\u5230\u7259\u9ad3 \uff0d\u7259\u7684\u795e\u7ecf\u4f1a\u5f15\u53d1\u708e\u75c7\uff0c\u9020\u6210\u7259\u9f7f\u75bc\u75db\u7684\u75c7\u72b6\u3002\u7259\u533b\u5fc5\u987b\u79fb\u9664\u7259\u6839\u7ba1\u611f\u67d3\u7684\u795e\u7ecf\uff0c\u5145\u586b\u7259\u6839\u7ba1\u5e76\u5b89\u88c5\u7259\u51a0\u3002<\/p>\n<\/div><\/div>\n<div class=\"su-spoiler su-spoiler-style-fancy su-spoiler-icon-plus-circle su-spoiler-closed\" data-scroll-offset=\"0\" data-anchor-in-url=\"no\"><div class=\"su-spoiler-title\" tabindex=\"0\" role=\"button\"><span class=\"su-spoiler-icon\"><\/span>\u7259\u79d1\u624b\u672f<\/div><div class=\"su-spoiler-content su-u-clearfix su-u-trim\">\n<p><img loading=\"lazy\" decoding=\"async\" src=\"http:\/\/lin-clinic.pl\/wp-content\/uploads\/2017\/09\/chirurgia-150x150.jpg\" alt=\"\" width=\"150\" height=\"150\" class=\"alignleft size-thumbnail wp-image-394\" srcset=\"https:\/\/lin-clinic.pl\/wp-content\/uploads\/2017\/09\/chirurgia-150x150.jpg 150w, https:\/\/lin-clinic.pl\/wp-content\/uploads\/2017\/09\/chirurgia.jpg 286w\" sizes=\"auto, (max-width: 150px) 85vw, 150px\" \/>\u6bcb\u5eb8\u7f6e\u7591\uff0c\u6700\u666e\u904d\u7684\u7259\u79d1\u624b\u672f\u6cbb\u7597\u662f\u62d4\u7259\u3002 \u62d4\u7259\u5c31\u662f\u79fb\u9664\u5df2\u7ecf\u65e0\u6cd5\u6cbb\u7597\u7684\u7259\u9f7f\u3002\u5c11\u6570\u7684\u7259\u9f7f\uff0c\u5c24\u5176\u662f\u963b\u751f\u9f7f\uff08\u667a\u7259\uff09\uff0c\u65ad\u88c2\u6216\u57cb\u4f0f\u7259\u5f97\u56e0\u4e3a\u77eb\u6b63\u6216\u5047\u7259\u4fee\u590d\u7684\u56e0\u7d20\u800c\u79fb\u9664\u3002<\/p>\n<p>\u5728\u624b\u672f\u6cbb\u7597\u4e2d\uff0c\u6700\u91cd\u8981\u7684\u662f\u9009\u62e9\u9002\u5408\u7684\u6cbb\u7597\u65b9\u5f0f\u5e76\u4e86\u89e3\u60a3\u8005\u7684\u9700\u6c42\u3002 \u5728\u6267\u884c\u624b\u672f\u524d\uff0c\u533b\u5e08\u5fc5\u987b\u5145\u5206\u7684\u8bf4\u660e\u6574\u4e2a\u6cbb\u7597\u7684\u8ba1\u5212\uff0c\u5404\u9636\u6bb5\u7684\u7ec6\u8282\u548c\u53ef\u80fd\u5e76\u53d1\u75c7\u3002\u5728\u54a8\u8be2\u7684\u8fc7\u7a0b\u4e2d\u533b\u5e08\u5fc5\u987b\u83b7\u53d6\u60a3\u8005\u75c5\u5386\u548c\u8eab\u4f53\u72b6\u51b5\u5e76\u62cd\u6444X\u5149\u7247\u3002<\/p>\n<p>\u5f53\u53d6\u5f97\u75c5\u4eba\u6240\u6709\u7684\u4fe1\u606f\u540e\uff0c\u533b\u5e08\u5f00\u59cb\u6267\u884c\u65e0\u75db\u7684\u624b\u672f\u3002\u5728\u7259\u79d1\u624b\u672f\u540e\u60a3\u8005\u5c06\u88ab\u544a\u77e5\u6240\u9700\u8981\u6ce8\u610f\u7684\u4e8b\u9879\uff0c\u4ee5\u4fbf\u65e9\u65e5\u5eb7\u590d\u3002<\/p>\n<\/div><\/div>\n<div class=\"su-spoiler su-spoiler-style-fancy su-spoiler-icon-plus-circle su-spoiler-closed\" data-scroll-offset=\"0\" data-anchor-in-url=\"no\"><div class=\"su-spoiler-title\" tabindex=\"0\" role=\"button\"><span class=\"su-spoiler-icon\"><\/span>\u79cd\u690d\u7259<\/div><div class=\"su-spoiler-content su-u-clearfix su-u-trim\">\n<p><img loading=\"lazy\" decoding=\"async\" src=\"http:\/\/lin-clinic.pl\/wp-content\/uploads\/2017\/09\/implantologia-150x150.jpg\" alt=\"\" width=\"150\" height=\"150\" class=\"alignleft size-thumbnail wp-image-397\" srcset=\"https:\/\/lin-clinic.pl\/wp-content\/uploads\/2017\/09\/implantologia-150x150.jpg 150w, https:\/\/lin-clinic.pl\/wp-content\/uploads\/2017\/09\/implantologia.jpg 286w\" sizes=\"auto, (max-width: 150px) 85vw, 150px\" \/>\u79cd\u690d\u7259\u662f\u7f3a\u7259\u6700\u6709\u6548\u7684\u4fee\u590d\u65b9\u5f0f\u3002\u56e0\u4e3a\u4e0d\u540c\u7684\u56e0\u7d20\u5931\u53bb\u81ea\u7136\u7259\u540e\uff0c\u79cd\u690d\u7259\u4e0d\u4ec5\u80fd\u786e\u4fdd\u60a3\u8005\u6062\u590d\u6b63\u5e38\u7684\u5480\u56bc\u529f\u80fd\uff0c\u4e5f\u662f\u7259\u79d1\u4e2d\u552f\u4e00\u80fd\u591f\u7ed9\u4e88\u7f3a\u7259\u6700\u63a5\u8fd1\u81ea\u7136\u7259\u529f\u80fd\u548c\u5916\u89c2\u7684\u6280\u672f\u3002\u79cd\u690d\u7259\u6bd4\u6d3b\u52a8\u5047\u7259\u8fd8\u8212\u9002\uff0c\u56e0\u4e3a\u4e0d\u9700\u8981\u79fb\u9664\u6e05\u6d17\uff0c\u4e5f\u4e0d\u4f1a\u5bf9\u4e34\u8fd1\u7684\u7259\u9f7f\u9020\u6210\u635f\u5bb3\u3002<\/p>\n<p>\u79cd\u690d\u7259\u8d8a\u65e9\u79cd\u690d\u8d8a\u597d\uff0c\u751a\u81f3\u5728\u62d4\u7259\u7684\u540c\u4e00\u5929\u3002 \u5728\u5931\u53bb\u7259\u9f7f\u540e\uff0c\u5468\u56f4\u7684\u7259\u69fd\u9aa8\u4f1a\u968f\u7740\u65f6\u95f4\u840e\u7f29\u800c\u9020\u6210\u65e5\u540e\u65e0\u6cd5\u76f4\u63a5\u79cd\u690d\u7259\u9f7f\u3002\u79cd\u690d\u7259\u80fd\u6539\u5584\u751f\u6d3b\u7684\u8d28\u91cf\uff0c\u5e26\u6765\u66f4\u6f02\u4eae\u7684\u7b11\u5bb9\u548c\u8fdb\u4e00\u6b65\u5730\u589e\u5f3a\u4e2a\u4eba\u7684\u81ea\u4fe1\u5fc3\u3002<\/p>\n<\/div><\/div>\n<div class=\"su-spoiler su-spoiler-style-fancy su-spoiler-icon-plus-circle su-spoiler-closed\" data-scroll-offset=\"0\" data-anchor-in-url=\"no\"><div class=\"su-spoiler-title\" tabindex=\"0\" role=\"button\"><span class=\"su-spoiler-icon\"><\/span>\u7259\u9f7f\u7f8e\u767d<\/div><div class=\"su-spoiler-content su-u-clearfix su-u-trim\">\n<p><img loading=\"lazy\" decoding=\"async\" src=\"http:\/\/lin-clinic.pl\/wp-content\/uploads\/2017\/09\/wybielanie-150x150.jpg\" alt=\"\" width=\"150\" height=\"150\" class=\"alignleft size-thumbnail wp-image-400\" srcset=\"https:\/\/lin-clinic.pl\/wp-content\/uploads\/2017\/09\/wybielanie-150x150.jpg 150w, https:\/\/lin-clinic.pl\/wp-content\/uploads\/2017\/09\/wybielanie.jpg 286w\" sizes=\"auto, (max-width: 150px) 85vw, 150px\" \/>\u7259\u9f7f\u7f8e\u767d\u4e3a\u8fd1\u4ee3\u5f00\u59cb\u76db\u884c\u7684\u7259\u79d1\u6280\u672f\uff0c\u4e3b\u8981\u5728\u4e8e\u5229\u7528\u7279\u5b9a\u7684\u5316\u5b66\u6f02\u767d\u7269\u8d28\uff0c\u4ee5\u4e0d\u540c\u7684\u65b9\u5f0f\u548c\u5242\u91cf\u9020\u6210\u7259\u9f7f\u53d8\u767d\u3002\u7259\u9f7f\u7f8e\u767d\u5e76\u4e0d\u662f\u6bcf\u4e2a\u4eba\u90fd\u53ef\u4ee5\u505a\u7684\uff0c\u4e00\u5b9a\u8981\u5148\u4e0e\u7259\u533b\u5e08\u54a8\u8be2\u540e\u624d\u53ef\u4ee5\u51b3\u5b9a\u662f\u5426\u80fd\u591f\u5b89\u5168\u7684\u7f8e\u767d\u7259\u9f7f\u3002<\/p>\n<p>\u6839\u636e\u6b27\u6d32\u98df\u7269\u5b89\u5168\u534f\u4f1a\u6307\u51fa\uff0c\u201c\u7f8e\u767d\u201d\u4e00\u8bcd\u7684\u5b9a\u4e49\u53ea\u6709\u9650\u5b9a\u5728\u542b\u6709\u7f8e\u767d\u6210\u5206\u7684\u4ea7\u54c1\uff0c\u4f8b\u5982\u8fc7\u6c27\u5316\u6c22\u548c\u5c3f\u7d20\u3002\u5728\u6ce2\u5170\u7259\u9f7f\u7f8e\u767d\u4ea7\u54c1\u53ea\u6709\u62e5\u6709\u533b\u5e08\u6267\u7167\u548c\u516c\u53f8\u7a0e\u53f7\u7684\u7259\u533b\u5e08\u624d\u80fd\u8d2d\u4e70\u3002<\/p>\n<\/div><\/div>\n<div class=\"su-spoiler su-spoiler-style-fancy su-spoiler-icon-plus-circle su-spoiler-closed\" data-scroll-offset=\"0\" data-anchor-in-url=\"no\"><div class=\"su-spoiler-title\" tabindex=\"0\" role=\"button\"><span class=\"su-spoiler-icon\"><\/span>\u5c0f\u513f\u7259\u79d1<\/div><div class=\"su-spoiler-content su-u-clearfix su-u-trim\">\n<p><img loading=\"lazy\" decoding=\"async\" src=\"http:\/\/lin-clinic.pl\/wp-content\/uploads\/2017\/09\/dziecieca-150x150.jpg\" alt=\"\" width=\"150\" height=\"150\" class=\"alignleft size-thumbnail wp-image-395\" srcset=\"https:\/\/lin-clinic.pl\/wp-content\/uploads\/2017\/09\/dziecieca-150x150.jpg 150w, https:\/\/lin-clinic.pl\/wp-content\/uploads\/2017\/09\/dziecieca.jpg 286w\" sizes=\"auto, (max-width: 150px) 85vw, 150px\" \/>\u5728\u6797\u8bca\u6240\u6211\u4eec\u4e5f\u5475\u62a4\u6bcf\u4e00\u4f4d\u4e0d\u540c\u5e74\u9f84\u5c42\u7684\u60a3\u8005\u3002<\/p>\n<p>\u6b63\u786e\u7684\u53e3\u8154\u536b\u751f\u548c\u4e73\u7259\u7684\u6cbb\u7597\u975e\u5e38\u5730\u91cd\u8981\u3002\u4e73\u7259\u5728\u513f\u7ae5\u7684\u53e3\u8154\u91cc\u53c2\u4e0e\u6210\u5f62\u7684\u8fc7\u7a0b\uff0c\u6240\u4ee5\u6211\u4eec\u66f4\u4e0d\u5e94\u8be5\u5ffd\u7565\u4efb\u4f55\u4e00\u4e2a\u53d8\u5316\u548c\u86c0\u7259\u3002\u91cd\u8981\u7684\u662f\u4e73\u7259\u80fd\u591f\u5728\u53e3\u8154\u4e2d\u4fdd\u6301\u5065\u5eb7\u6216\u5728\u81ea\u7136\u6362\u7259\u524d\u80fd\u591f\u5f97\u5230\u59a5\u5584\u7684\u6cbb\u7597\u3002<\/p>\n<p>\u4e73\u7259\u7ef4\u6301\u4e00\u5b9a\u7684\u7a7a\u95f4\u8ba9\u65e5\u540e\u6052\u7259\u80fd\u591f\u987a\u5229\u840c\u51fa\u3002\u4e73\u7259\u63d0\u65e9\u8131\u843d\u4f1a\u9020\u6210\u5176\u4ed6\u7259\u9f7f\u4f4d\u79fb\u5e76\u5360\u636e\u7a7a\u95f4\uff0c\u5f71\u54cd\u6052\u7259\u7684\u751f\u957f\u3002\u8fd9\u53ef\u80fd\u4f1a\u9020\u6210\u672a\u6765\u6052\u7259\u7684\u4f4d\u7f6e\u4e0d\u6b63\u786e\u800c\u5fc5\u987b\u8981\u505a\u6b63\u7578\u6cbb\u7597\u3002<\/p>\n<p>\u4e73\u7259\u975e\u5e38\u5bb9\u6613\u53d7\u5230\u86c0\u7259\u7684\u4fb5\u8680\uff0c\u6240\u4ee5\u5efa\u8bae\u7ecf\u5e38\u54a8\u8be2\u7259\u533b\u5e76\u9075\u5b88\u6b63\u786e\u7684\u53e3\u8154\u536b\u751f\u548c\u9884\u9632\u3002\u5fc5\u987b\u8981\u8bb0\u5f97\u7684\u662f\uff0c\u86c0\u7259\u662f\u7ec6\u83cc\u7684\u751f\u957f\u73af\u5883\uff0c\u4e5f\u4f1a\u5bf9\u513f\u7ae5\u8eab\u4f53\u5065\u5eb7\u9020\u6210\u4e0d\u826f\u7684\u5f71\u54cd\u3002<\/p>\n<\/div><\/div>\n<div class=\"su-spoiler su-spoiler-style-fancy su-spoiler-icon-plus-circle su-spoiler-closed\" data-scroll-offset=\"0\" data-anchor-in-url=\"no\"><div class=\"su-spoiler-title\" tabindex=\"0\" role=\"button\"><span class=\"su-spoiler-icon\"><\/span>\u53e3\u8154\u4fee\u590d<\/div><div class=\"su-spoiler-content su-u-clearfix su-u-trim\">\n<p><img loading=\"lazy\" decoding=\"async\" src=\"http:\/\/lin-clinic.pl\/wp-content\/uploads\/2017\/09\/protetyka-150x150.jpg\" alt=\"\" width=\"150\" height=\"150\" class=\"alignleft size-thumbnail wp-image-399\" srcset=\"https:\/\/lin-clinic.pl\/wp-content\/uploads\/2017\/09\/protetyka-150x150.jpg 150w, https:\/\/lin-clinic.pl\/wp-content\/uploads\/2017\/09\/protetyka.jpg 286w\" sizes=\"auto, (max-width: 150px) 85vw, 150px\" \/>\u53e3\u8154\u4fee\u590d\u5305\u62ec\u4fee\u8865\u53e3\u8154\u5185\u7684\u7f3a\u7259\uff0c\u91cd\u5efa\u54ac\u5408\u7684\u529f\u80fd\u5e76\u6539\u5584\u7f8e\u89c2\u3002 \u53e3\u8154\u7f3a\u7259\u4f1a\u9020\u6210\u6bcf\u5929\u529f\u80fd\u4e0a\u548c\u5fc3\u7406\u4e0a\u4e25\u91cd\u7684\u5f71\u54cd\u3002 \u5c31\u7b97\u7f3a\u7259\u53ea\u6709\u4e00\u9897\u4e5f\u4f1a\u9020\u6210\u90bb\u7259\u7259\u9f7f\u4f4d\u79fb\uff08\u503e\u659c\uff0c\u65cb\u8f6c\uff09\uff0c\u5bf9\u4f4d\u7259\u9f7f\u51f8\u51fa\u751f\u957f\u3002<\/p>\n<p>\u5404\u7c7b\u53e3\u8154\u4fee\u590d\uff1a<\/p>\n<p>\u7259\u6865<br \/>\n\u7259\u51a0<br \/>\n\u7259\u6869<br \/>\n\u79cd\u690d\u7259\u76f8\u5173\u7684\u53e3\u8154\u4fee\u590d<br \/>\n\u8986\u76d6\u4e49\u9f7f<br \/>\n\u6d3b\u52a8\u4e49\u9f7f<br \/>\n\u4e49\u9f7f\u536b\u751f<\/p>\n<\/div><\/div>\n<\/div>","protected":false},"excerpt":{"rendered":"<p>Lin Clinic\u63d0\u4f9b\u53e3\u8154\u9884\u9632\u4fdd\u5065\uff0c\u53e3\u8154\u4fee\u590d\uff0c\u7259\u4f53\u7259\u9ad3\uff0c\u53e3\u8154\u5916\u79d1\uff0c\u53e3\u8154\u79cd\u690d\u7259\u548c\u5c0f\u513f\u7259\u79d1\u7b49\u5927\u591a\u6570\u5e38\u89c4\u7684\u7259\u79d1\u670d\u52a1 &hellip; <a href=\"https:\/\/lin-clinic.pl\/zh\/oferta\/\" class=\"more-link\">Continue reading<span class=\"screen-reader-text\"> &#8220;\u670d\u52a1\u9879\u76ee&#8221;<\/span><\/a><\/p>\n","protected":false},"author":1,"featured_media":0,"parent":0,"menu_order":0,"comment_status":"closed","ping_status":"closed","template":"","meta":{"_monsterinsights_skip_tracking":false,"_monsterinsights_sitenote_active":false,"_monsterinsights_sitenote_note":"","_monsterinsights_sitenote_category":0,"footnotes":""},"class_list":["post-228","page","type-page","status-publish","hentry"],"yoast_head":"<!-- This site is optimized with the Yoast SEO plugin v27.1.1 - https:\/\/yoast.com\/product\/yoast-seo-wordpress\/ -->\n<title>Oferta Us\u0142ug | Stomatologia LIN Clinic - Dentysta W\u00f3lka Kosowska<\/title>\n<meta name=\"description\" content=\"Poznaj ofert\u0119 LIN Clinic! \u015awiadczymy szeroki zakres us\u0142ug medycznych i kosmetologicznych: diagnostyka, leczenie, zabiegi estetyczne i wi\u0119cej. Sprawd\u017a nasz\u0105 ofert\u0119!\" \/>\n<meta name=\"robots\" content=\"index, follow, max-snippet:-1, max-image-preview:large, max-video-preview:-1\" \/>\n<link rel=\"canonical\" href=\"https:\/\/lin-clinic.pl\/en\/oferta\/\" \/>\n<meta property=\"og:locale\" content=\"zh_CN\" \/>\n<meta property=\"og:type\" content=\"article\" \/>\n<meta property=\"og:title\" content=\"Oferta Us\u0142ug | Stomatologia LIN Clinic - Dentysta W\u00f3lka Kosowska\" \/>\n<meta property=\"og:description\" content=\"Poznaj ofert\u0119 LIN Clinic! \u015awiadczymy szeroki zakres us\u0142ug medycznych i kosmetologicznych: diagnostyka, leczenie, zabiegi estetyczne i wi\u0119cej. Sprawd\u017a nasz\u0105 ofert\u0119!\" \/>\n<meta property=\"og:url\" content=\"https:\/\/lin-clinic.pl\/en\/oferta\/\" \/>\n<meta property=\"og:site_name\" content=\"Lin Clinic\" \/>\n<meta property=\"article:modified_time\" content=\"2024-12-04T06:52:07+00:00\" \/>\n<meta property=\"og:image\" content=\"http:\/\/lin-clinic.pl\/wp-content\/uploads\/2017\/09\/higiena-150x150.jpg\" \/>\n<meta name=\"twitter:card\" content=\"summary_large_image\" \/>\n<meta name=\"twitter:label1\" content=\"\u9884\u8ba1\u9605\u8bfb\u65f6\u95f4\" \/>\n\t<meta name=\"twitter:data1\" content=\"15 \u5206\" \/>\n<script type=\"application\/ld+json\" class=\"yoast-schema-graph\">{\"@context\":\"https:\/\/schema.org\",\"@graph\":[{\"@type\":\"WebPage\",\"@id\":\"https:\/\/lin-clinic.pl\/en\/oferta\/\",\"url\":\"https:\/\/lin-clinic.pl\/en\/oferta\/\",\"name\":\"Oferta Us\u0142ug | Stomatologia LIN Clinic - Dentysta W\u00f3lka Kosowska\",\"isPartOf\":{\"@id\":\"https:\/\/lin-clinic.pl\/vi\/#website\"},\"primaryImageOfPage\":{\"@id\":\"https:\/\/lin-clinic.pl\/en\/oferta\/#primaryimage\"},\"image\":{\"@id\":\"https:\/\/lin-clinic.pl\/en\/oferta\/#primaryimage\"},\"thumbnailUrl\":\"http:\/\/lin-clinic.pl\/wp-content\/uploads\/2017\/09\/higiena-150x150.jpg\",\"datePublished\":\"2017-09-25T15:45:47+00:00\",\"dateModified\":\"2024-12-04T06:52:07+00:00\",\"description\":\"Poznaj ofert\u0119 LIN Clinic! \u015awiadczymy szeroki zakres us\u0142ug medycznych i kosmetologicznych: diagnostyka, leczenie, zabiegi estetyczne i wi\u0119cej. Sprawd\u017a nasz\u0105 ofert\u0119!\",\"breadcrumb\":{\"@id\":\"https:\/\/lin-clinic.pl\/en\/oferta\/#breadcrumb\"},\"inLanguage\":\"zh-Hans\",\"potentialAction\":[{\"@type\":\"ReadAction\",\"target\":[\"https:\/\/lin-clinic.pl\/en\/oferta\/\"]}]},{\"@type\":\"ImageObject\",\"inLanguage\":\"zh-Hans\",\"@id\":\"https:\/\/lin-clinic.pl\/en\/oferta\/#primaryimage\",\"url\":\"http:\/\/lin-clinic.pl\/wp-content\/uploads\/2017\/09\/higiena-150x150.jpg\",\"contentUrl\":\"http:\/\/lin-clinic.pl\/wp-content\/uploads\/2017\/09\/higiena-150x150.jpg\"},{\"@type\":\"BreadcrumbList\",\"@id\":\"https:\/\/lin-clinic.pl\/en\/oferta\/#breadcrumb\",\"itemListElement\":[{\"@type\":\"ListItem\",\"position\":1,\"name\":\"Strona g\u0142\u00f3wna\",\"item\":\"https:\/\/lin-clinic.pl\/vi\/\"},{\"@type\":\"ListItem\",\"position\":2,\"name\":\"Dental services\"}]},{\"@type\":\"WebSite\",\"@id\":\"https:\/\/lin-clinic.pl\/vi\/#website\",\"url\":\"https:\/\/lin-clinic.pl\/vi\/\",\"name\":\"Lin Clinic\",\"description\":\"Gabinet stomatologiczny Warszawa\",\"potentialAction\":[{\"@type\":\"SearchAction\",\"target\":{\"@type\":\"EntryPoint\",\"urlTemplate\":\"https:\/\/lin-clinic.pl\/vi\/?s={search_term_string}\"},\"query-input\":{\"@type\":\"PropertyValueSpecification\",\"valueRequired\":true,\"valueName\":\"search_term_string\"}}],\"inLanguage\":\"zh-Hans\"}]}<\/script>\n<!-- \/ Yoast SEO plugin. -->","yoast_head_json":{"title":"Oferta Us\u0142ug | Stomatologia LIN Clinic - Dentysta W\u00f3lka Kosowska","description":"Poznaj ofert\u0119 LIN Clinic! \u015awiadczymy szeroki zakres us\u0142ug medycznych i kosmetologicznych: diagnostyka, leczenie, zabiegi estetyczne i wi\u0119cej. Sprawd\u017a nasz\u0105 ofert\u0119!","robots":{"index":"index","follow":"follow","max-snippet":"max-snippet:-1","max-image-preview":"max-image-preview:large","max-video-preview":"max-video-preview:-1"},"canonical":"https:\/\/lin-clinic.pl\/en\/oferta\/","og_locale":"zh_CN","og_type":"article","og_title":"Oferta Us\u0142ug | Stomatologia LIN Clinic - Dentysta W\u00f3lka Kosowska","og_description":"Poznaj ofert\u0119 LIN Clinic! \u015awiadczymy szeroki zakres us\u0142ug medycznych i kosmetologicznych: diagnostyka, leczenie, zabiegi estetyczne i wi\u0119cej. Sprawd\u017a nasz\u0105 ofert\u0119!","og_url":"https:\/\/lin-clinic.pl\/en\/oferta\/","og_site_name":"Lin Clinic","article_modified_time":"2024-12-04T06:52:07+00:00","og_image":[{"url":"http:\/\/lin-clinic.pl\/wp-content\/uploads\/2017\/09\/higiena-150x150.jpg","type":"","width":"","height":""}],"twitter_card":"summary_large_image","twitter_misc":{"\u9884\u8ba1\u9605\u8bfb\u65f6\u95f4":"15 \u5206"},"schema":{"@context":"https:\/\/schema.org","@graph":[{"@type":"WebPage","@id":"https:\/\/lin-clinic.pl\/en\/oferta\/","url":"https:\/\/lin-clinic.pl\/en\/oferta\/","name":"Oferta Us\u0142ug | Stomatologia LIN Clinic - Dentysta W\u00f3lka Kosowska","isPartOf":{"@id":"https:\/\/lin-clinic.pl\/vi\/#website"},"primaryImageOfPage":{"@id":"https:\/\/lin-clinic.pl\/en\/oferta\/#primaryimage"},"image":{"@id":"https:\/\/lin-clinic.pl\/en\/oferta\/#primaryimage"},"thumbnailUrl":"http:\/\/lin-clinic.pl\/wp-content\/uploads\/2017\/09\/higiena-150x150.jpg","datePublished":"2017-09-25T15:45:47+00:00","dateModified":"2024-12-04T06:52:07+00:00","description":"Poznaj ofert\u0119 LIN Clinic! \u015awiadczymy szeroki zakres us\u0142ug medycznych i kosmetologicznych: diagnostyka, leczenie, zabiegi estetyczne i wi\u0119cej. Sprawd\u017a nasz\u0105 ofert\u0119!","breadcrumb":{"@id":"https:\/\/lin-clinic.pl\/en\/oferta\/#breadcrumb"},"inLanguage":"zh-Hans","potentialAction":[{"@type":"ReadAction","target":["https:\/\/lin-clinic.pl\/en\/oferta\/"]}]},{"@type":"ImageObject","inLanguage":"zh-Hans","@id":"https:\/\/lin-clinic.pl\/en\/oferta\/#primaryimage","url":"http:\/\/lin-clinic.pl\/wp-content\/uploads\/2017\/09\/higiena-150x150.jpg","contentUrl":"http:\/\/lin-clinic.pl\/wp-content\/uploads\/2017\/09\/higiena-150x150.jpg"},{"@type":"BreadcrumbList","@id":"https:\/\/lin-clinic.pl\/en\/oferta\/#breadcrumb","itemListElement":[{"@type":"ListItem","position":1,"name":"Strona g\u0142\u00f3wna","item":"https:\/\/lin-clinic.pl\/vi\/"},{"@type":"ListItem","position":2,"name":"Dental services"}]},{"@type":"WebSite","@id":"https:\/\/lin-clinic.pl\/vi\/#website","url":"https:\/\/lin-clinic.pl\/vi\/","name":"Lin Clinic","description":"Gabinet stomatologiczny Warszawa","potentialAction":[{"@type":"SearchAction","target":{"@type":"EntryPoint","urlTemplate":"https:\/\/lin-clinic.pl\/vi\/?s={search_term_string}"},"query-input":{"@type":"PropertyValueSpecification","valueRequired":true,"valueName":"search_term_string"}}],"inLanguage":"zh-Hans"}]}},"_links":{"self":[{"href":"https:\/\/lin-clinic.pl\/zh\/wp-json\/wp\/v2\/pages\/228","targetHints":{"allow":["GET"]}}],"collection":[{"href":"https:\/\/lin-clinic.pl\/zh\/wp-json\/wp\/v2\/pages"}],"about":[{"href":"https:\/\/lin-clinic.pl\/zh\/wp-json\/wp\/v2\/types\/page"}],"author":[{"embeddable":true,"href":"https:\/\/lin-clinic.pl\/zh\/wp-json\/wp\/v2\/users\/1"}],"replies":[{"embeddable":true,"href":"https:\/\/lin-clinic.pl\/zh\/wp-json\/wp\/v2\/comments?post=228"}],"version-history":[{"count":23,"href":"https:\/\/lin-clinic.pl\/zh\/wp-json\/wp\/v2\/pages\/228\/revisions"}],"predecessor-version":[{"id":561,"href":"https:\/\/lin-clinic.pl\/zh\/wp-json\/wp\/v2\/pages\/228\/revisions\/561"}],"wp:attachment":[{"href":"https:\/\/lin-clinic.pl\/zh\/wp-json\/wp\/v2\/media?parent=228"}],"curies":[{"name":"wp","href":"https:\/\/api.w.org\/{rel}","templated":true}]}}