{"id":228,"date":"2017-09-25T17:45:47","date_gmt":"2017-09-25T15:45:47","guid":{"rendered":"http:\/\/lin-clinic.pl\/?page_id=228"},"modified":"2024-12-04T07:52:07","modified_gmt":"2024-12-04T06:52:07","slug":"oferta","status":"publish","type":"page","link":"https:\/\/lin-clinic.pl\/vi\/oferta\/","title":{"rendered":"Oferta"},"content":{"rendered":"<p class=\"qtranxs-available-languages-message qtranxs-available-languages-message-vi\">R\u1ea5t ti\u1ebfc, m\u1ee5c n\u00e0y ch\u1ec9 t\u1ed3n t\u1ea1i \u1edf <a href=\"https:\/\/lin-clinic.pl\/pl\/wp-json\/wp\/v2\/pages\/228\" class=\"qtranxs-available-language-link qtranxs-available-language-link-pl\" title=\"Polski\">Polski<\/a>, <a href=\"https:\/\/lin-clinic.pl\/zh\/wp-json\/wp\/v2\/pages\/228\" class=\"qtranxs-available-language-link qtranxs-available-language-link-zh\" title=\"\u4e2d\u6587\">\u4e2d\u6587<\/a> v\u00e0 <a href=\"https:\/\/lin-clinic.pl\/en\/wp-json\/wp\/v2\/pages\/228\" class=\"qtranxs-available-language-link qtranxs-available-language-link-en\" title=\"English\">English<\/a>.<\/p>","protected":false},"excerpt":{"rendered":"<p>R\u1ea5t ti\u1ebfc, m\u1ee5c n\u00e0y ch\u1ec9 t\u1ed3n t\u1ea1i \u1edf Polski v\u00e0 \u4e2d\u6587.<\/p>\n","protected":false},"author":1,"featured_media":0,"parent":0,"menu_order":0,"comment_status":"closed","ping_status":"closed","template":"","meta":{"_monsterinsights_skip_tracking":false,"_monsterinsights_sitenote_active":false,"_monsterinsights_sitenote_note":"","_monsterinsights_sitenote_category":0,"footnotes":""},"class_list":["post-228","page","type-page","status-publish","hentry"],"yoast_head":"<!-- This site is optimized with the Yoast SEO plugin v27.1.1 - https:\/\/yoast.com\/product\/yoast-seo-wordpress\/ -->\n<title>Oferta Us\u0142ug | Stomatologia LIN Clinic - Dentysta W\u00f3lka Kosowska<\/title>\n<meta name=\"description\" content=\"Poznaj ofert\u0119 LIN Clinic! \u015awiadczymy szeroki zakres us\u0142ug medycznych i kosmetologicznych: diagnostyka, leczenie, zabiegi estetyczne i wi\u0119cej. Sprawd\u017a nasz\u0105 ofert\u0119!\" \/>\n<meta name=\"robots\" content=\"index, follow, max-snippet:-1, max-image-preview:large, max-video-preview:-1\" \/>\n<link rel=\"canonical\" href=\"https:\/\/lin-clinic.pl\/en\/oferta\/\" \/>\n<meta property=\"og:locale\" content=\"vi_VN\" \/>\n<meta property=\"og:type\" content=\"article\" \/>\n<meta property=\"og:title\" content=\"Oferta Us\u0142ug | Stomatologia LIN Clinic - Dentysta W\u00f3lka Kosowska\" \/>\n<meta property=\"og:description\" content=\"Poznaj ofert\u0119 LIN Clinic! \u015awiadczymy szeroki zakres us\u0142ug medycznych i kosmetologicznych: diagnostyka, leczenie, zabiegi estetyczne i wi\u0119cej. Sprawd\u017a nasz\u0105 ofert\u0119!\" \/>\n<meta property=\"og:url\" content=\"https:\/\/lin-clinic.pl\/en\/oferta\/\" \/>\n<meta property=\"og:site_name\" content=\"Lin Clinic\" \/>\n<meta property=\"article:modified_time\" content=\"2024-12-04T06:52:07+00:00\" \/>\n<meta property=\"og:image\" content=\"http:\/\/lin-clinic.pl\/wp-content\/uploads\/2017\/09\/higiena-150x150.jpg\" \/>\n<meta name=\"twitter:card\" content=\"summary_large_image\" \/>\n<meta name=\"twitter:label1\" content=\"\u01af\u1edbc t\u00ednh th\u1eddi gian \u0111\u1ecdc\" \/>\n\t<meta name=\"twitter:data1\" content=\"15 ph\u00fat\" \/>\n<script type=\"application\/ld+json\" class=\"yoast-schema-graph\">{\"@context\":\"https:\/\/schema.org\",\"@graph\":[{\"@type\":\"WebPage\",\"@id\":\"https:\/\/lin-clinic.pl\/en\/oferta\/\",\"url\":\"https:\/\/lin-clinic.pl\/en\/oferta\/\",\"name\":\"Oferta Us\u0142ug | Stomatologia LIN Clinic - Dentysta W\u00f3lka Kosowska\",\"isPartOf\":{\"@id\":\"https:\/\/lin-clinic.pl\/vi\/#website\"},\"primaryImageOfPage\":{\"@id\":\"https:\/\/lin-clinic.pl\/en\/oferta\/#primaryimage\"},\"image\":{\"@id\":\"https:\/\/lin-clinic.pl\/en\/oferta\/#primaryimage\"},\"thumbnailUrl\":\"http:\/\/lin-clinic.pl\/wp-content\/uploads\/2017\/09\/higiena-150x150.jpg\",\"datePublished\":\"2017-09-25T15:45:47+00:00\",\"dateModified\":\"2024-12-04T06:52:07+00:00\",\"description\":\"Poznaj ofert\u0119 LIN Clinic! \u015awiadczymy szeroki zakres us\u0142ug medycznych i kosmetologicznych: diagnostyka, leczenie, zabiegi estetyczne i wi\u0119cej. Sprawd\u017a nasz\u0105 ofert\u0119!\",\"breadcrumb\":{\"@id\":\"https:\/\/lin-clinic.pl\/en\/oferta\/#breadcrumb\"},\"inLanguage\":\"vi\",\"potentialAction\":[{\"@type\":\"ReadAction\",\"target\":[\"https:\/\/lin-clinic.pl\/en\/oferta\/\"]}]},{\"@type\":\"ImageObject\",\"inLanguage\":\"vi\",\"@id\":\"https:\/\/lin-clinic.pl\/en\/oferta\/#primaryimage\",\"url\":\"http:\/\/lin-clinic.pl\/wp-content\/uploads\/2017\/09\/higiena-150x150.jpg\",\"contentUrl\":\"http:\/\/lin-clinic.pl\/wp-content\/uploads\/2017\/09\/higiena-150x150.jpg\"},{\"@type\":\"BreadcrumbList\",\"@id\":\"https:\/\/lin-clinic.pl\/en\/oferta\/#breadcrumb\",\"itemListElement\":[{\"@type\":\"ListItem\",\"position\":1,\"name\":\"Strona g\u0142\u00f3wna\",\"item\":\"https:\/\/lin-clinic.pl\/vi\/\"},{\"@type\":\"ListItem\",\"position\":2,\"name\":\"Dental services\"}]},{\"@type\":\"WebSite\",\"@id\":\"https:\/\/lin-clinic.pl\/vi\/#website\",\"url\":\"https:\/\/lin-clinic.pl\/vi\/\",\"name\":\"Lin Clinic\",\"description\":\"Gabinet stomatologiczny Warszawa\",\"potentialAction\":[{\"@type\":\"SearchAction\",\"target\":{\"@type\":\"EntryPoint\",\"urlTemplate\":\"https:\/\/lin-clinic.pl\/vi\/?s={search_term_string}\"},\"query-input\":{\"@type\":\"PropertyValueSpecification\",\"valueRequired\":true,\"valueName\":\"search_term_string\"}}],\"inLanguage\":\"vi\"}]}<\/script>\n<!-- \/ Yoast SEO plugin. -->","yoast_head_json":{"title":"Oferta Us\u0142ug | Stomatologia LIN Clinic - Dentysta W\u00f3lka Kosowska","description":"Poznaj ofert\u0119 LIN Clinic! \u015awiadczymy szeroki zakres us\u0142ug medycznych i kosmetologicznych: diagnostyka, leczenie, zabiegi estetyczne i wi\u0119cej. Sprawd\u017a nasz\u0105 ofert\u0119!","robots":{"index":"index","follow":"follow","max-snippet":"max-snippet:-1","max-image-preview":"max-image-preview:large","max-video-preview":"max-video-preview:-1"},"canonical":"https:\/\/lin-clinic.pl\/en\/oferta\/","og_locale":"vi_VN","og_type":"article","og_title":"Oferta Us\u0142ug | Stomatologia LIN Clinic - Dentysta W\u00f3lka Kosowska","og_description":"Poznaj ofert\u0119 LIN Clinic! \u015awiadczymy szeroki zakres us\u0142ug medycznych i kosmetologicznych: diagnostyka, leczenie, zabiegi estetyczne i wi\u0119cej. Sprawd\u017a nasz\u0105 ofert\u0119!","og_url":"https:\/\/lin-clinic.pl\/en\/oferta\/","og_site_name":"Lin Clinic","article_modified_time":"2024-12-04T06:52:07+00:00","og_image":[{"url":"http:\/\/lin-clinic.pl\/wp-content\/uploads\/2017\/09\/higiena-150x150.jpg","type":"","width":"","height":""}],"twitter_card":"summary_large_image","twitter_misc":{"\u01af\u1edbc t\u00ednh th\u1eddi gian \u0111\u1ecdc":"15 ph\u00fat"},"schema":{"@context":"https:\/\/schema.org","@graph":[{"@type":"WebPage","@id":"https:\/\/lin-clinic.pl\/en\/oferta\/","url":"https:\/\/lin-clinic.pl\/en\/oferta\/","name":"Oferta Us\u0142ug | Stomatologia LIN Clinic - Dentysta W\u00f3lka Kosowska","isPartOf":{"@id":"https:\/\/lin-clinic.pl\/vi\/#website"},"primaryImageOfPage":{"@id":"https:\/\/lin-clinic.pl\/en\/oferta\/#primaryimage"},"image":{"@id":"https:\/\/lin-clinic.pl\/en\/oferta\/#primaryimage"},"thumbnailUrl":"http:\/\/lin-clinic.pl\/wp-content\/uploads\/2017\/09\/higiena-150x150.jpg","datePublished":"2017-09-25T15:45:47+00:00","dateModified":"2024-12-04T06:52:07+00:00","description":"Poznaj ofert\u0119 LIN Clinic! \u015awiadczymy szeroki zakres us\u0142ug medycznych i kosmetologicznych: diagnostyka, leczenie, zabiegi estetyczne i wi\u0119cej. Sprawd\u017a nasz\u0105 ofert\u0119!","breadcrumb":{"@id":"https:\/\/lin-clinic.pl\/en\/oferta\/#breadcrumb"},"inLanguage":"vi","potentialAction":[{"@type":"ReadAction","target":["https:\/\/lin-clinic.pl\/en\/oferta\/"]}]},{"@type":"ImageObject","inLanguage":"vi","@id":"https:\/\/lin-clinic.pl\/en\/oferta\/#primaryimage","url":"http:\/\/lin-clinic.pl\/wp-content\/uploads\/2017\/09\/higiena-150x150.jpg","contentUrl":"http:\/\/lin-clinic.pl\/wp-content\/uploads\/2017\/09\/higiena-150x150.jpg"},{"@type":"BreadcrumbList","@id":"https:\/\/lin-clinic.pl\/en\/oferta\/#breadcrumb","itemListElement":[{"@type":"ListItem","position":1,"name":"Strona g\u0142\u00f3wna","item":"https:\/\/lin-clinic.pl\/vi\/"},{"@type":"ListItem","position":2,"name":"Dental services"}]},{"@type":"WebSite","@id":"https:\/\/lin-clinic.pl\/vi\/#website","url":"https:\/\/lin-clinic.pl\/vi\/","name":"Lin Clinic","description":"Gabinet stomatologiczny Warszawa","potentialAction":[{"@type":"SearchAction","target":{"@type":"EntryPoint","urlTemplate":"https:\/\/lin-clinic.pl\/vi\/?s={search_term_string}"},"query-input":{"@type":"PropertyValueSpecification","valueRequired":true,"valueName":"search_term_string"}}],"inLanguage":"vi"}]}},"_links":{"self":[{"href":"https:\/\/lin-clinic.pl\/vi\/wp-json\/wp\/v2\/pages\/228","targetHints":{"allow":["GET"]}}],"collection":[{"href":"https:\/\/lin-clinic.pl\/vi\/wp-json\/wp\/v2\/pages"}],"about":[{"href":"https:\/\/lin-clinic.pl\/vi\/wp-json\/wp\/v2\/types\/page"}],"author":[{"embeddable":true,"href":"https:\/\/lin-clinic.pl\/vi\/wp-json\/wp\/v2\/users\/1"}],"replies":[{"embeddable":true,"href":"https:\/\/lin-clinic.pl\/vi\/wp-json\/wp\/v2\/comments?post=228"}],"version-history":[{"count":2,"href":"https:\/\/lin-clinic.pl\/vi\/wp-json\/wp\/v2\/pages\/228\/revisions"}],"predecessor-version":[{"id":278,"href":"https:\/\/lin-clinic.pl\/vi\/wp-json\/wp\/v2\/pages\/228\/revisions\/278"}],"wp:attachment":[{"href":"https:\/\/lin-clinic.pl\/vi\/wp-json\/wp\/v2\/media?parent=228"}],"curies":[{"name":"wp","href":"https:\/\/api.w.org\/{rel}","templated":true}]}}