{"id":282,"date":"2017-10-22T10:26:19","date_gmt":"2017-10-22T08:26:19","guid":{"rendered":"http:\/\/lin-clinic.pl\/?page_id=282"},"modified":"2024-12-04T07:49:00","modified_gmt":"2024-12-04T06:49:00","slug":"nasi-lekarze","status":"publish","type":"page","link":"https:\/\/lin-clinic.pl\/pl\/nasi-lekarze\/","title":{"rendered":"Nasi lekarze"},"content":{"rendered":"<img loading=\"lazy\" decoding=\"async\" class=\"alignleft size-medium wp-image-466\" src=\"http:\/\/lin-clinic.pl\/wp-content\/uploads\/2018\/09\/zespol-300x300.jpg\" alt=\"\" width=\"300\" height=\"300\" srcset=\"https:\/\/lin-clinic.pl\/wp-content\/uploads\/2018\/09\/zespol-300x300.jpg 300w, https:\/\/lin-clinic.pl\/wp-content\/uploads\/2018\/09\/zespol-150x150.jpg 150w, https:\/\/lin-clinic.pl\/wp-content\/uploads\/2018\/09\/zespol.jpg 700w\" sizes=\"auto, (max-width: 300px) 85vw, 300px\" \/><strong>Lek. dent. Duncan Lin<\/strong> (Ting-Yi Lin) wykonuje wi\u0119kszo\u015b\u0107 zabieg\u00f3w w Lin Clinic. Pochodzi z Tajwanu (Republiki Chi\u0144skiej) z rodziny o tradycjach stomatologicznych. Jest zwi\u0105zany z Polsk\u0105 ju\u017c od ponad dzieci\u0119ciu lat. Dzi\u0119ki swojej wytrwa\u0142o\u015bci oraz systematycznej pracy jako jeden z pierwszych azjat\u00f3w zda\u0142 egzamin z medycznego j\u0119zyka polskiego oraz uzyska\u0142 polskie prawo wykonywania zawodu. G\u0142\u0119bokie poczucie misji oraz empatii wzgl\u0119dem coraz liczniejszej grupy obcokrajowc\u00f3w w Polsce, a tak\u017ce fascynacja naszym krajem, sprawi\u0142y i\u017c postanowi\u0142 osi\u0105\u015b\u0107 w Polsce na sta\u0142e i prowadzi\u0107 w\u0142asn\u0105 dzia\u0142alno\u015b\u0107 stomatologiczn\u0105.<\/p>\n<p>Na co dzie\u0144 w swoich kontaktach z pacjentami doktor Lin stara si\u0119 przybli\u017ca\u0107 przyjazne i bezbolesne oblicze stomatologii. Otwarto\u015b\u0107 i ch\u0119\u0107 niesienia pomocy zaowocowa\u0142a sympati\u0105 pacjent\u00f3w, kt\u00f3rzy z ch\u0119ci\u0105 wracaj\u0105 po porad\u0119 stomatologiczn\u0105 i dalsze leczenie. Doktor Lin biegle pos\u0142uguje si\u0119 j\u0119zykami: chi\u0144skim, polskim i angielskim.<\/p>","protected":false},"excerpt":{"rendered":"<p>Lek. dent. Duncan Lin (Ting-Yi Lin) wykonuje wi\u0119kszo\u015b\u0107 zabieg\u00f3w w Lin Clinic. Pochodzi z Tajwanu (Republiki Chi\u0144skiej) z rodziny o tradycjach stomatologicznych. Jest zwi\u0105zany z Polsk\u0105 ju\u017c od ponad dzieci\u0119ciu lat. Dzi\u0119ki swojej wytrwa\u0142o\u015bci oraz systematycznej pracy jako jeden z pierwszych azjat\u00f3w zda\u0142 egzamin z medycznego j\u0119zyka polskiego oraz uzyska\u0142 polskie prawo wykonywania zawodu. G\u0142\u0119bokie &hellip; <a href=\"https:\/\/lin-clinic.pl\/pl\/nasi-lekarze\/\" class=\"more-link\">Continue reading<span class=\"screen-reader-text\"> &#8222;Nasi lekarze&#8221;<\/span><\/a><\/p>\n","protected":false},"author":1,"featured_media":0,"parent":0,"menu_order":0,"comment_status":"closed","ping_status":"closed","template":"","meta":{"_monsterinsights_skip_tracking":false,"_monsterinsights_sitenote_active":false,"_monsterinsights_sitenote_note":"","_monsterinsights_sitenote_category":0,"footnotes":""},"class_list":["post-282","page","type-page","status-publish","hentry"],"yoast_head":"<!-- This site is optimized with the Yoast SEO plugin v27.1.1 - https:\/\/yoast.com\/product\/yoast-seo-wordpress\/ -->\n<title>Nasi Lekarze | LIN Clinic - Zesp\u00f3\u0142 Specjalist\u00f3w<\/title>\n<meta name=\"description\" content=\"Poznaj zesp\u00f3\u0142 lekarzy w LIN Clinic! Wykwalifikowani specjali\u015bci z r\u00f3\u017cnych dziedzin stomatologii, gotowi zadba\u0107 o Twoje zdrowie. Sprawd\u017a nasz zesp\u00f3\u0142!\" \/>\n<meta name=\"robots\" content=\"index, follow, max-snippet:-1, max-image-preview:large, max-video-preview:-1\" \/>\n<link rel=\"canonical\" href=\"https:\/\/lin-clinic.pl\/vi\/nasi-lekarze\/\" \/>\n<meta property=\"og:locale\" content=\"pl_PL\" \/>\n<meta property=\"og:type\" content=\"article\" \/>\n<meta property=\"og:title\" content=\"Nasi Lekarze | LIN Clinic - Zesp\u00f3\u0142 Specjalist\u00f3w\" \/>\n<meta property=\"og:description\" content=\"Poznaj zesp\u00f3\u0142 lekarzy w LIN Clinic! Wykwalifikowani specjali\u015bci z r\u00f3\u017cnych dziedzin stomatologii, gotowi zadba\u0107 o Twoje zdrowie. Sprawd\u017a nasz zesp\u00f3\u0142!\" \/>\n<meta property=\"og:url\" content=\"https:\/\/lin-clinic.pl\/vi\/nasi-lekarze\/\" \/>\n<meta property=\"og:site_name\" content=\"Lin Clinic\" \/>\n<meta property=\"article:modified_time\" content=\"2024-12-04T06:49:00+00:00\" \/>\n<meta property=\"og:image\" content=\"http:\/\/lin-clinic.pl\/wp-content\/uploads\/2018\/09\/zespol-300x300.jpg\" \/>\n<meta name=\"twitter:card\" content=\"summary_large_image\" \/>\n<meta name=\"twitter:label1\" content=\"Szacowany czas czytania\" \/>\n\t<meta name=\"twitter:data1\" content=\"3 minuty\" \/>\n<script type=\"application\/ld+json\" class=\"yoast-schema-graph\">{\"@context\":\"https:\/\/schema.org\",\"@graph\":[{\"@type\":\"WebPage\",\"@id\":\"https:\/\/lin-clinic.pl\/vi\/nasi-lekarze\/\",\"url\":\"https:\/\/lin-clinic.pl\/vi\/nasi-lekarze\/\",\"name\":\"Nasi Lekarze | LIN Clinic - Zesp\u00f3\u0142 Specjalist\u00f3w\",\"isPartOf\":{\"@id\":\"https:\/\/lin-clinic.pl\/vi\/#website\"},\"primaryImageOfPage\":{\"@id\":\"https:\/\/lin-clinic.pl\/vi\/nasi-lekarze\/#primaryimage\"},\"image\":{\"@id\":\"https:\/\/lin-clinic.pl\/vi\/nasi-lekarze\/#primaryimage\"},\"thumbnailUrl\":\"http:\/\/lin-clinic.pl\/wp-content\/uploads\/2018\/09\/zespol-300x300.jpg\",\"datePublished\":\"2017-10-22T08:26:19+00:00\",\"dateModified\":\"2024-12-04T06:49:00+00:00\",\"description\":\"Poznaj zesp\u00f3\u0142 lekarzy w LIN Clinic! Wykwalifikowani specjali\u015bci z r\u00f3\u017cnych dziedzin stomatologii, gotowi zadba\u0107 o Twoje zdrowie. Sprawd\u017a nasz zesp\u00f3\u0142!\",\"breadcrumb\":{\"@id\":\"https:\/\/lin-clinic.pl\/vi\/nasi-lekarze\/#breadcrumb\"},\"inLanguage\":\"pl-PL\",\"potentialAction\":[{\"@type\":\"ReadAction\",\"target\":[\"https:\/\/lin-clinic.pl\/vi\/nasi-lekarze\/\"]}]},{\"@type\":\"ImageObject\",\"inLanguage\":\"pl-PL\",\"@id\":\"https:\/\/lin-clinic.pl\/vi\/nasi-lekarze\/#primaryimage\",\"url\":\"http:\/\/lin-clinic.pl\/wp-content\/uploads\/2018\/09\/zespol-300x300.jpg\",\"contentUrl\":\"http:\/\/lin-clinic.pl\/wp-content\/uploads\/2018\/09\/zespol-300x300.jpg\"},{\"@type\":\"BreadcrumbList\",\"@id\":\"https:\/\/lin-clinic.pl\/vi\/nasi-lekarze\/#breadcrumb\",\"itemListElement\":[{\"@type\":\"ListItem\",\"position\":1,\"name\":\"Strona g\u0142\u00f3wna\",\"item\":\"https:\/\/lin-clinic.pl\/vi\/\"},{\"@type\":\"ListItem\",\"position\":2,\"name\":\"Nasi lekarze\"}]},{\"@type\":\"WebSite\",\"@id\":\"https:\/\/lin-clinic.pl\/vi\/#website\",\"url\":\"https:\/\/lin-clinic.pl\/vi\/\",\"name\":\"Lin Clinic\",\"description\":\"Gabinet stomatologiczny Warszawa\",\"potentialAction\":[{\"@type\":\"SearchAction\",\"target\":{\"@type\":\"EntryPoint\",\"urlTemplate\":\"https:\/\/lin-clinic.pl\/vi\/?s={search_term_string}\"},\"query-input\":{\"@type\":\"PropertyValueSpecification\",\"valueRequired\":true,\"valueName\":\"search_term_string\"}}],\"inLanguage\":\"pl-PL\"}]}<\/script>\n<!-- \/ Yoast SEO plugin. -->","yoast_head_json":{"title":"Nasi Lekarze | LIN Clinic - Zesp\u00f3\u0142 Specjalist\u00f3w","description":"Poznaj zesp\u00f3\u0142 lekarzy w LIN Clinic! Wykwalifikowani specjali\u015bci z r\u00f3\u017cnych dziedzin stomatologii, gotowi zadba\u0107 o Twoje zdrowie. Sprawd\u017a nasz zesp\u00f3\u0142!","robots":{"index":"index","follow":"follow","max-snippet":"max-snippet:-1","max-image-preview":"max-image-preview:large","max-video-preview":"max-video-preview:-1"},"canonical":"https:\/\/lin-clinic.pl\/vi\/nasi-lekarze\/","og_locale":"pl_PL","og_type":"article","og_title":"Nasi Lekarze | LIN Clinic - Zesp\u00f3\u0142 Specjalist\u00f3w","og_description":"Poznaj zesp\u00f3\u0142 lekarzy w LIN Clinic! Wykwalifikowani specjali\u015bci z r\u00f3\u017cnych dziedzin stomatologii, gotowi zadba\u0107 o Twoje zdrowie. Sprawd\u017a nasz zesp\u00f3\u0142!","og_url":"https:\/\/lin-clinic.pl\/vi\/nasi-lekarze\/","og_site_name":"Lin Clinic","article_modified_time":"2024-12-04T06:49:00+00:00","og_image":[{"url":"http:\/\/lin-clinic.pl\/wp-content\/uploads\/2018\/09\/zespol-300x300.jpg","type":"","width":"","height":""}],"twitter_card":"summary_large_image","twitter_misc":{"Szacowany czas czytania":"3 minuty"},"schema":{"@context":"https:\/\/schema.org","@graph":[{"@type":"WebPage","@id":"https:\/\/lin-clinic.pl\/vi\/nasi-lekarze\/","url":"https:\/\/lin-clinic.pl\/vi\/nasi-lekarze\/","name":"Nasi Lekarze | LIN Clinic - Zesp\u00f3\u0142 Specjalist\u00f3w","isPartOf":{"@id":"https:\/\/lin-clinic.pl\/vi\/#website"},"primaryImageOfPage":{"@id":"https:\/\/lin-clinic.pl\/vi\/nasi-lekarze\/#primaryimage"},"image":{"@id":"https:\/\/lin-clinic.pl\/vi\/nasi-lekarze\/#primaryimage"},"thumbnailUrl":"http:\/\/lin-clinic.pl\/wp-content\/uploads\/2018\/09\/zespol-300x300.jpg","datePublished":"2017-10-22T08:26:19+00:00","dateModified":"2024-12-04T06:49:00+00:00","description":"Poznaj zesp\u00f3\u0142 lekarzy w LIN Clinic! Wykwalifikowani specjali\u015bci z r\u00f3\u017cnych dziedzin stomatologii, gotowi zadba\u0107 o Twoje zdrowie. Sprawd\u017a nasz zesp\u00f3\u0142!","breadcrumb":{"@id":"https:\/\/lin-clinic.pl\/vi\/nasi-lekarze\/#breadcrumb"},"inLanguage":"pl-PL","potentialAction":[{"@type":"ReadAction","target":["https:\/\/lin-clinic.pl\/vi\/nasi-lekarze\/"]}]},{"@type":"ImageObject","inLanguage":"pl-PL","@id":"https:\/\/lin-clinic.pl\/vi\/nasi-lekarze\/#primaryimage","url":"http:\/\/lin-clinic.pl\/wp-content\/uploads\/2018\/09\/zespol-300x300.jpg","contentUrl":"http:\/\/lin-clinic.pl\/wp-content\/uploads\/2018\/09\/zespol-300x300.jpg"},{"@type":"BreadcrumbList","@id":"https:\/\/lin-clinic.pl\/vi\/nasi-lekarze\/#breadcrumb","itemListElement":[{"@type":"ListItem","position":1,"name":"Strona g\u0142\u00f3wna","item":"https:\/\/lin-clinic.pl\/vi\/"},{"@type":"ListItem","position":2,"name":"Nasi lekarze"}]},{"@type":"WebSite","@id":"https:\/\/lin-clinic.pl\/vi\/#website","url":"https:\/\/lin-clinic.pl\/vi\/","name":"Lin Clinic","description":"Gabinet stomatologiczny Warszawa","potentialAction":[{"@type":"SearchAction","target":{"@type":"EntryPoint","urlTemplate":"https:\/\/lin-clinic.pl\/vi\/?s={search_term_string}"},"query-input":{"@type":"PropertyValueSpecification","valueRequired":true,"valueName":"search_term_string"}}],"inLanguage":"pl-PL"}]}},"_links":{"self":[{"href":"https:\/\/lin-clinic.pl\/pl\/wp-json\/wp\/v2\/pages\/282","targetHints":{"allow":["GET"]}}],"collection":[{"href":"https:\/\/lin-clinic.pl\/pl\/wp-json\/wp\/v2\/pages"}],"about":[{"href":"https:\/\/lin-clinic.pl\/pl\/wp-json\/wp\/v2\/types\/page"}],"author":[{"embeddable":true,"href":"https:\/\/lin-clinic.pl\/pl\/wp-json\/wp\/v2\/users\/1"}],"replies":[{"embeddable":true,"href":"https:\/\/lin-clinic.pl\/pl\/wp-json\/wp\/v2\/comments?post=282"}],"version-history":[{"count":43,"href":"https:\/\/lin-clinic.pl\/pl\/wp-json\/wp\/v2\/pages\/282\/revisions"}],"predecessor-version":[{"id":558,"href":"https:\/\/lin-clinic.pl\/pl\/wp-json\/wp\/v2\/pages\/282\/revisions\/558"}],"wp:attachment":[{"href":"https:\/\/lin-clinic.pl\/pl\/wp-json\/wp\/v2\/media?parent=282"}],"curies":[{"name":"wp","href":"https:\/\/api.w.org\/{rel}","templated":true}]}}