{"id":279,"date":"2017-10-22T10:23:14","date_gmt":"2017-10-22T08:23:14","guid":{"rendered":"http:\/\/lin-clinic.pl\/?page_id=279"},"modified":"2024-12-04T07:45:26","modified_gmt":"2024-12-04T06:45:26","slug":"cennik","status":"publish","type":"page","link":"https:\/\/lin-clinic.pl\/pl\/cennik\/","title":{"rendered":"Cennik"},"content":{"rendered":"Poni\u017cej przedstawiamy Pa\u0144stwu nasz aktualny cennik.<\/p>\n<p class=\"cennik-usluga\"><img loading=\"lazy\" decoding=\"async\" class=\"alignnone\" src=\"http:\/\/lin-clinic.pl\/wp-content\/uploads\/2017\/09\/higiena-150x150.jpg\" alt=\"\" width=\"40\" height=\"40\" \/> Profilaktyka<\/p>\n<table class=\"cennik-tabela\">\n<tbody>\n<tr>\n<td class=\"cennik-td1\">Przegl\u0105d<\/td>\n<td class=\"cennik-td2\">100 z\u0142<\/td>\n<\/tr>\n<tr>\n<td class=\"cennik-td1\">Konsultacja<\/td>\n<td class=\"cennik-td2\">100 -150z\u0142<\/td>\n<\/tr>\n<tr>\n<td class=\"cennik-td1\">Usuni\u0119cie kamienia (skaling)<\/td>\n<td class=\"cennik-td2\">200 &#8211; 250z\u0142<\/td>\n<\/tr>\n<tr>\n<td class=\"cennik-td1\">Skaling i piaskowanie<\/td>\n<td class=\"cennik-td2\">280 &#8211; 300z\u0142<\/td>\n<\/tr>\n<tr>\n<td class=\"cennik-td1\">Piaskowanie i fluoryzacja<\/td>\n<td class=\"cennik-td2\">250 &#8211; 280z\u0142<\/td>\n<\/tr>\n<tr>\n<td class=\"cennik-td1\">Zestaw<\/td>\n<td class=\"cennik-td2\">330 z\u0142<\/td>\n<\/tr>\n<tr>\n<td class=\"cennik-td1\">Fluoryzacja<\/td>\n<td class=\"cennik-td2\">30 &#8211; 180z\u0142<\/td>\n<\/tr>\n<\/tbody>\n<\/table>\n<p class=\"cennik-usluga\"><img loading=\"lazy\" decoding=\"async\" src=\"http:\/\/lin-clinic.pl\/wp-content\/uploads\/2017\/09\/zachowawcza-150x150.jpg\" alt=\"\" width=\"40\" height=\"40\" \/> Stomatologia zachowawcza<\/p>\n<table class=\"cennik-tabela\">\n<tbody>\n<tr>\n<td class=\"cennik-td1\">Leczenie bezwiert\u0142owe<\/td>\n<td class=\"cennik-td2\">80 &#8211; 180z\u0142<\/td>\n<\/tr>\n<tr>\n<td class=\"cennik-td1\">Wype\u0142nienie kompozytowe<\/td>\n<td class=\"cennik-td2\">200 &#8211; 300z\u0142<\/td>\n<\/tr>\n<tr>\n<td class=\"cennik-td1\">Wype\u0142nienie glasjonomerowe<\/td>\n<td class=\"cennik-td2\">180 &#8211; 200z\u0142<\/td>\n<\/tr>\n<tr>\n<td class=\"cennik-td1\">Odbudowa z\u0119ba<\/td>\n<td class=\"cennik-td2\">300 &#8211; 500z\u0142<\/td>\n<\/tr>\n<tr>\n<td class=\"cennik-td1\">Odbudowa z wk\u0142adem<\/td>\n<td class=\"cennik-td2\">300-500 z\u0142<\/td>\n<\/tr>\n<tr>\n<td class=\"cennik-td1\">Wype\u0142nienie z\u0119ba mlecznego<\/td>\n<td class=\"cennik-td2\">150 &#8211; 200z\u0142<\/td>\n<\/tr>\n<tr>\n<td class=\"cennik-td1\">Lakowanie<\/td>\n<td class=\"cennik-td2\">80 &#8211; 150z\u0142<\/td>\n<\/tr>\n<\/tbody>\n<\/table>\n<p class=\"cennik-usluga\"><img loading=\"lazy\" decoding=\"async\" src=\"http:\/\/lin-clinic.pl\/wp-content\/uploads\/2017\/09\/kanalowe-150x150.jpg\" alt=\"\" width=\"40\" height=\"40\" \/> Leczenie kana\u0142owe<\/p>\n<table class=\"cennik-tabela\" style=\"height: 107px;\" width=\"166\">\n<tbody>\n<tr>\n<td class=\"cennik-td1\">1 kana\u0142<\/td>\n<td class=\"cennik-td2\">600 z\u0142<\/td>\n<\/tr>\n<tr>\n<td class=\"cennik-td1\">2 kana\u0142y<\/td>\n<td class=\"cennik-td2\">800 z\u0142<\/td>\n<\/tr>\n<tr>\n<td class=\"cennik-td1\">3 kana\u0142y<\/td>\n<td class=\"cennik-td2\">1000 z\u0142<\/td>\n<\/tr>\n<\/tbody>\n<\/table>\n<p class=\"cennik-usluga\"><img loading=\"lazy\" decoding=\"async\" src=\"http:\/\/lin-clinic.pl\/wp-content\/uploads\/2017\/09\/wybielanie-150x150.jpg\" alt=\"\" width=\"40\" height=\"40\" \/> Wybielanie<\/p>\n<table class=\"cennik-tabela\">\n<tbody>\n<tr>\n<td class=\"cennik-td1\">Domowe<\/td>\n<td class=\"cennik-td2\">700 -1000z\u0142<\/td>\n<\/tr>\n<tr>\n<td class=\"cennik-td1\">Z\u0119ba martwego<\/td>\n<td class=\"cennik-td2\">100 &#8211; 300z\u0142<\/td>\n<\/tr>\n<\/tbody>\n<\/table>\n<p class=\"cennik-usluga\"><img loading=\"lazy\" decoding=\"async\" src=\"http:\/\/lin-clinic.pl\/wp-content\/uploads\/2017\/09\/chirurgia-150x150.jpg\" alt=\"\" width=\"40\" height=\"40\" \/> Chirurgia<\/p>\n<table class=\"cennik-tabela\">\n<tbody>\n<tr>\n<td class=\"cennik-td1\">Znieczulenie<\/td>\n<td class=\"cennik-td2\">40 z\u0142<\/td>\n<\/tr>\n<tr>\n<td class=\"cennik-td1\">Ekstrakcja z\u0119ba<\/td>\n<td class=\"cennik-td2\">200 &#8211; 500z\u0142<\/td>\n<\/tr>\n<tr>\n<td class=\"cennik-td1\">Ekstrakcja z\u0119ba mlecznego<\/td>\n<td class=\"cennik-td2\">200 z\u0142<\/td>\n<\/tr>\n<tr>\n<td class=\"cennik-td1\">Leczenie ropnia<\/td>\n<td class=\"cennik-td2\">100 z\u0142<\/td>\n<\/tr>\n<tr>\n<td class=\"cennik-td1\">Wy\u0142uszczenie torbieli<\/td>\n<td class=\"cennik-td2\">250-500 z\u0142<\/td>\n<\/tr>\n<\/tbody>\n<\/table>\n<p class=\"cennik-usluga\"><img loading=\"lazy\" decoding=\"async\" src=\"http:\/\/lin-clinic.pl\/wp-content\/uploads\/2017\/09\/protetyka-150x150.jpg\" alt=\"\" width=\"40\" height=\"40\" \/> Protetyka<\/p>\n<table class=\"cennik-tabela\">\n<tbody>\n<tr>\n<td class=\"cennik-td1\">Wk\u0142ad korzeniowy<\/td>\n<td class=\"cennik-td2\">300-450 z\u0142<\/td>\n<\/tr>\n<tr>\n<td class=\"cennik-td1\">Korona porcelanowa<\/td>\n<td class=\"cennik-td2\">600-1500 z\u0142<\/td>\n<\/tr>\n<tr>\n<td class=\"cennik-td1\">Korona pe\u0142noceramiczna<\/td>\n<td class=\"cennik-td2\">1100-1800 z\u0142<\/td>\n<\/tr>\n<tr>\n<td class=\"cennik-td1\">Lic\u00f3wka<\/td>\n<td class=\"cennik-td2\">1200-1600 z\u0142<\/td>\n<\/tr>\n<tr>\n<td class=\"cennik-td1\">Modele diagnostyczne<\/td>\n<td class=\"cennik-td2\">50 z\u0142<\/td>\n<\/tr>\n<tr>\n<td class=\"cennik-td1\">Korona tymczasowa<\/td>\n<td class=\"cennik-td2\">150-300 z\u0142<\/td>\n<\/tr>\n<\/tbody>\n<\/table>\n<p class=\"cennik-usluga\"><img loading=\"lazy\" decoding=\"async\" src=\"http:\/\/lin-clinic.pl\/wp-content\/uploads\/2017\/09\/protetyka-150x150.jpg\" alt=\"\" width=\"40\" height=\"40\" \/> Proteza ruchoma<\/p>\n<table class=\"cennik-tabela\">\n<tbody>\n<tr>\n<td class=\"cennik-td1\">Proteza ca\u0142kowita<\/td>\n<td class=\"cennik-td2\">1000-1300 z\u0142<\/td>\n<\/tr>\n<tr>\n<td class=\"cennik-td1\">Proteza cz\u0119\u015bciowa<\/td>\n<td class=\"cennik-td2\">800-1300 z\u0142<\/td>\n<\/tr>\n<tr>\n<td class=\"cennik-td1\">Proteza szkieletowa<\/td>\n<td class=\"cennik-td2\">1300-1600 z\u0142<\/td>\n<\/tr>\n<tr>\n<td class=\"cennik-td1\">Pod\u015bcielenie<\/td>\n<td class=\"cennik-td2\">350-400 z\u0142<\/td>\n<\/tr>\n<tr>\n<td class=\"cennik-td1\">Naprawa<\/td>\n<td class=\"cennik-td2\">80-100 z\u0142<\/td>\n<\/tr>\n<tr>\n<td class=\"cennik-td1\">Szyna wybielaj\u0105ca. Szyna relaksacyjna<\/td>\n<td class=\"cennik-td2\">500 z\u0142<\/td>\n<\/tr>\n<\/tbody>\n<\/table>\n<p>* W przypadku implantologii i ortodoncji cena zale\u017cna jest od danego przypadku, to znaczy wymaga oceny lekarskiej.<br \/>* Na cen\u0119 ma wp\u0142yw u\u017cyty w leczeniu materia\u0142 stomatologiczny.\n\n\n<div class=\"wp-block-image\"><figure class=\"aligncenter is-resized\"><img loading=\"lazy\" decoding=\"async\" src=\"http:\/\/lin-clinic.pl\/wp-content\/uploads\/2017\/09\/higiena-150x150.jpg\" alt=\"\" width=\"41\" height=\"41\"\/><\/figure><\/div>\n\n\n\n<p class=\"has-text-align-center\">Ph\u00f2ng Ng\u1eeba<\/p>\n\n\n\n<figure class=\"wp-block-table aligncenter\"><table><tbody><tr><td class=\"has-text-align-center\" data-align=\"center\">Ki\u1ec3m tra<\/td><td class=\"has-text-align-center\" data-align=\"center\">100z\u0142<\/td><\/tr><tr><td class=\"has-text-align-center\" data-align=\"center\">T\u01b0 v\u1ea5n nha khoa<\/td><td class=\"has-text-align-center\" data-align=\"center\">100 &#8211; 150zl<\/td><\/tr><tr><td class=\"has-text-align-center\" data-align=\"center\">L\u00e0m s\u1ea1ch r\u0103ng<\/td><td class=\"has-text-align-center\" data-align=\"center\">200 &#8211; 250z\u0142<\/td><\/tr><tr><td class=\"has-text-align-center\" data-align=\"center\">L\u00e0m s\u1ea1ch r\u0103ng b\u1eb1ng phun b\u1ed9t<\/td><td class=\"has-text-align-center\" data-align=\"center\">280 &#8211; 300zl<\/td><\/tr><tr><td class=\"has-text-align-center\" data-align=\"center\">Phun b\u1ed9t v\u1edbi l\u1edbp ph\u1ee7 b\u1ea3o v\u1ec7<\/td><td class=\"has-text-align-center\" data-align=\"center\">250 &#8211; 280zl<\/td><\/tr><tr><td class=\"has-text-align-center\" data-align=\"center\">Tr\u1ecdn g\u00f3i (l\u00e0m s\u1ea1ch r\u0103ng, phun b\u1ed9t, l\u1edbp ph\u1ee7 b\u1ea3o v\u1ec7)<\/td><td class=\"has-text-align-center\" data-align=\"center\">330zl<\/td><\/tr><tr><td class=\"has-text-align-center\" data-align=\"center\">L\u1edbp ph\u1ee7 b\u1ea3o v\u1ec7<\/td><td class=\"has-text-align-center\" data-align=\"center\">30 &#8211; 180zl<\/td><\/tr><\/tbody><\/table><\/figure>\n\n\n\n<div class=\"wp-block-group\"><div class=\"wp-block-group__inner-container is-layout-flow wp-block-group-is-layout-flow\">\n<div class=\"wp-block-image\"><figure class=\"aligncenter is-resized\"><img loading=\"lazy\" decoding=\"async\" src=\"http:\/\/lin-clinic.pl\/wp-content\/uploads\/2017\/09\/zachowawcza-150x150.jpg\" alt=\"\" width=\"44\" height=\"44\"\/><\/figure><\/div>\n<\/div><\/div>\n\n\n\n<p class=\"has-text-align-center\">Nha Khoa B\u1ea3o T\u1ed3n<\/p>\n\n\n\n<figure class=\"wp-block-table aligncenter is-style-regular\"><table><tbody><tr><td class=\"has-text-align-center\" data-align=\"center\">Kh\u00e1m kh\u00f4ng d\u00f9ng khoan<\/td><td class=\"has-text-align-center\" data-align=\"center\">80 &#8211; 150zl<\/td><\/tr><tr><td class=\"has-text-align-center\" data-align=\"center\">Tr\u1eafm r\u0103ng<\/td><td class=\"has-text-align-center\" data-align=\"center\">200 &#8211; 300zl<\/td><\/tr><tr><td class=\"has-text-align-center\" data-align=\"center\">Tr\u00e1m k\u00ednh r\u0103ng<\/td><td class=\"has-text-align-center\" data-align=\"center\">180 &#8211; 200zl<\/td><\/tr><tr><td class=\"has-text-align-center\" data-align=\"center\">T\u00e1i t\u1ea1o r\u0103ng<\/td><td class=\"has-text-align-center\" data-align=\"center\">300 &#8211; 500zl<\/td><\/tr><tr><td class=\"has-text-align-center\" data-align=\"center\">T\u00e1i t\u1ea1o r\u0103ng b\u1eb1ng ch\u1ed1t<\/td><td class=\"has-text-align-center\" data-align=\"center\">300 &#8211; 500zl<\/td><\/tr><tr><td class=\"has-text-align-center\" data-align=\"center\">Tr\u00e1m r\u0103ng s\u1eefa<\/td><td class=\"has-text-align-center\" data-align=\"center\">150 &#8211; 200zl<\/td><\/tr><tr><td class=\"has-text-align-center\" data-align=\"center\">L\u1ea5p k\u00edn h\u1ed1 r\u00e3nh, khe k\u1ebd r\u0103ng<\/td><td class=\"has-text-align-center\" data-align=\"center\">150zl<\/td><\/tr><\/tbody><\/table><\/figure>\n\n\n\n<div class=\"wp-block-image\"><figure class=\"aligncenter is-resized\"><img loading=\"lazy\" decoding=\"async\" src=\"http:\/\/lin-clinic.pl\/wp-content\/uploads\/2017\/09\/kanalowe-150x150.jpg\" alt=\"\" width=\"42\" height=\"42\"\/><\/figure><\/div>\n\n\n\n<p class=\"has-text-align-center\">Ch\u1eefa T\u1ee7y R\u0103ng<\/p>\n\n\n\n<figure class=\"wp-block-table aligncenter\"><table><tbody><tr><td class=\"has-text-align-center\" data-align=\"center\">R\u00fat 1 t\u1ee7y r\u0103ng <\/td><td class=\"has-text-align-center\" data-align=\"center\">600zl<\/td><\/tr><tr><td class=\"has-text-align-center\" data-align=\"center\">R\u00fat 2 t\u1ee7y r\u0103ng<\/td><td class=\"has-text-align-center\" data-align=\"center\">800zl<\/td><\/tr><tr><td class=\"has-text-align-center\" data-align=\"center\">R\u00fat 3 t\u1ee7y r\u0103ng<\/td><td class=\"has-text-align-center\" data-align=\"center\">1000 zl<\/td><\/tr><\/tbody><\/table><\/figure>\n\n\n\n<div class=\"wp-block-image\"><figure class=\"aligncenter is-resized\"><img loading=\"lazy\" decoding=\"async\" src=\"http:\/\/lin-clinic.pl\/wp-content\/uploads\/2017\/09\/wybielanie-150x150.jpg\" alt=\"\" width=\"42\" height=\"42\"\/><\/figure><\/div>\n\n\n\n<p class=\"has-text-align-center\">D\u01b0\u1ee1ng Tr\u1eafng R\u0103ng<\/p>\n\n\n\n<figure class=\"wp-block-table aligncenter\"><table><tbody><tr><td class=\"has-text-align-center\" data-align=\"center\">L\u00e0m tr\u1eafng r\u0103ng<\/td><td class=\"has-text-align-center\" data-align=\"center\">700 &#8211; 1000zl<\/td><\/tr><tr><td class=\"has-text-align-center\" data-align=\"center\">L\u00e0m tr\u1eafng t\u1eeb b\u00ean trong r\u0103ng <\/td><td class=\"has-text-align-center\" data-align=\"center\">100 &#8211; 300zl<\/td><\/tr><\/tbody><\/table><\/figure>\n\n\n\n<div class=\"wp-block-image\"><figure class=\"aligncenter is-resized\"><img loading=\"lazy\" decoding=\"async\" src=\"http:\/\/lin-clinic.pl\/wp-content\/uploads\/2017\/09\/chirurgia-150x150.jpg\" alt=\"\" width=\"44\" height=\"44\"\/><\/figure><\/div>\n\n\n\n<p class=\"has-text-align-center\">Ph\u1eabu Thu\u1eadt H\u00e0m M\u1eb7t<\/p>\n\n\n\n<figure class=\"wp-block-table aligncenter\"><table><tbody><tr><td class=\"has-text-align-center\" data-align=\"center\">G\u00e2y t\u00ea<\/td><td class=\"has-text-align-center\" data-align=\"center\">40 zl<\/td><\/tr><tr><td class=\"has-text-align-center\" data-align=\"center\">Nh\u1ed5 r\u0103ng<\/td><td class=\"has-text-align-center\" data-align=\"center\">200 &#8211; 500zl<\/td><\/tr><tr><td class=\"has-text-align-center\" data-align=\"center\">Nh\u1ed5 r\u0103ng s\u1eefa<\/td><td class=\"has-text-align-center\" data-align=\"center\">150 &#8211; 200zl<\/td><\/tr><tr><td class=\"has-text-align-center\" data-align=\"center\">D\u1eabn l\u01b0u \u1ed5 \u00e1p xe r\u0103ng<\/td><td class=\"has-text-align-center\" data-align=\"center\">100 zl<\/td><\/tr><tr><td class=\"has-text-align-center\" data-align=\"center\">Lo\u1ea1i b\u1ecf u nang<\/td><td class=\"has-text-align-center\" data-align=\"center\">250 &#8211; 500zl<\/td><\/tr><\/tbody><\/table><\/figure>\n\n\n\n<p><\/p>\n\n\n\n<p><\/p>\n\n\n\n<p><\/p>\n\n\n\n<p><\/p>\n\n\n\n<p><\/p>\n\n\n\n<p><\/p>\n\n\n\n<div class=\"wp-block-columns is-layout-flex wp-container-core-columns-is-layout-9d6595d7 wp-block-columns-is-layout-flex\">\n<div class=\"wp-block-column is-layout-flow wp-block-column-is-layout-flow\"><\/div>\n\n\n\n<div class=\"wp-block-column is-layout-flow wp-block-column-is-layout-flow\"><\/div>\n<\/div>\n\n\n\n<p><\/p>","protected":false},"excerpt":{"rendered":"<p>Poni\u017cej przedstawiamy Pa\u0144stwu nasz aktualny cennik. Profilaktyka Przegl\u0105d 100 z\u0142 Konsultacja 100 -150z\u0142 Usuni\u0119cie kamienia (skaling) 200 &#8211; 250z\u0142 Skaling i piaskowanie 280 &#8211; 300z\u0142 Piaskowanie i fluoryzacja 250 &#8211; 280z\u0142 Zestaw 330 z\u0142 Fluoryzacja 30 &#8211; 180z\u0142 Stomatologia zachowawcza Leczenie bezwiert\u0142owe 80 &#8211; 180z\u0142 Wype\u0142nienie kompozytowe 200 &#8211; 300z\u0142 Wype\u0142nienie glasjonomerowe 180 &#8211; 200z\u0142 &hellip; <a href=\"https:\/\/lin-clinic.pl\/pl\/cennik\/\" class=\"more-link\">Continue reading<span class=\"screen-reader-text\"> &#8222;Cennik&#8221;<\/span><\/a><\/p>\n","protected":false},"author":1,"featured_media":0,"parent":0,"menu_order":0,"comment_status":"closed","ping_status":"closed","template":"","meta":{"_monsterinsights_skip_tracking":false,"_monsterinsights_sitenote_active":false,"_monsterinsights_sitenote_note":"","_monsterinsights_sitenote_category":0,"footnotes":""},"class_list":["post-279","page","type-page","status-publish","hentry"],"yoast_head":"<!-- This site is optimized with the Yoast SEO plugin v27.1.1 - https:\/\/yoast.com\/product\/yoast-seo-wordpress\/ -->\n<title>Cennik us\u0142ug medycznych | LIN Clinic - Profesjonalna Opieka<\/title>\n<meta name=\"description\" content=\"Sprawd\u017a aktualny cennik us\u0142ug medycznych w LIN Clinic. Profesjonalna opieka zdrowotna i kosmetologiczna w przyst\u0119pnych cenach. Dowiedz si\u0119 wi\u0119cej!\" \/>\n<meta name=\"robots\" content=\"index, follow, max-snippet:-1, max-image-preview:large, max-video-preview:-1\" \/>\n<link rel=\"canonical\" href=\"https:\/\/lin-clinic.pl\/en\/cennik\/\" \/>\n<meta property=\"og:locale\" content=\"pl_PL\" \/>\n<meta property=\"og:type\" content=\"article\" \/>\n<meta property=\"og:title\" content=\"Cennik us\u0142ug medycznych | LIN Clinic - Profesjonalna Opieka\" \/>\n<meta property=\"og:description\" content=\"Sprawd\u017a aktualny cennik us\u0142ug medycznych w LIN Clinic. Profesjonalna opieka zdrowotna i kosmetologiczna w przyst\u0119pnych cenach. Dowiedz si\u0119 wi\u0119cej!\" \/>\n<meta property=\"og:url\" content=\"https:\/\/lin-clinic.pl\/en\/cennik\/\" \/>\n<meta property=\"og:site_name\" content=\"Lin Clinic\" \/>\n<meta property=\"article:modified_time\" content=\"2024-12-04T06:45:26+00:00\" \/>\n<meta property=\"og:image\" content=\"http:\/\/lin-clinic.pl\/wp-content\/uploads\/2017\/09\/higiena-150x150.jpg\" \/>\n<meta name=\"twitter:card\" content=\"summary_large_image\" \/>\n<meta name=\"twitter:label1\" content=\"Szacowany czas czytania\" \/>\n\t<meta name=\"twitter:data1\" content=\"10 minut\" \/>\n<script type=\"application\/ld+json\" class=\"yoast-schema-graph\">{\"@context\":\"https:\/\/schema.org\",\"@graph\":[{\"@type\":\"WebPage\",\"@id\":\"https:\/\/lin-clinic.pl\/en\/cennik\/\",\"url\":\"https:\/\/lin-clinic.pl\/en\/cennik\/\",\"name\":\"Cennik us\u0142ug medycznych | LIN Clinic - Profesjonalna Opieka\",\"isPartOf\":{\"@id\":\"https:\/\/lin-clinic.pl\/vi\/#website\"},\"primaryImageOfPage\":{\"@id\":\"https:\/\/lin-clinic.pl\/en\/cennik\/#primaryimage\"},\"image\":{\"@id\":\"https:\/\/lin-clinic.pl\/en\/cennik\/#primaryimage\"},\"thumbnailUrl\":\"http:\/\/lin-clinic.pl\/wp-content\/uploads\/2017\/09\/higiena-150x150.jpg\",\"datePublished\":\"2017-10-22T08:23:14+00:00\",\"dateModified\":\"2024-12-04T06:45:26+00:00\",\"description\":\"Sprawd\u017a aktualny cennik us\u0142ug medycznych w LIN Clinic. Profesjonalna opieka zdrowotna i kosmetologiczna w przyst\u0119pnych cenach. Dowiedz si\u0119 wi\u0119cej!\",\"breadcrumb\":{\"@id\":\"https:\/\/lin-clinic.pl\/en\/cennik\/#breadcrumb\"},\"inLanguage\":\"pl-PL\",\"potentialAction\":[{\"@type\":\"ReadAction\",\"target\":[\"https:\/\/lin-clinic.pl\/en\/cennik\/\"]}]},{\"@type\":\"ImageObject\",\"inLanguage\":\"pl-PL\",\"@id\":\"https:\/\/lin-clinic.pl\/en\/cennik\/#primaryimage\",\"url\":\"http:\/\/lin-clinic.pl\/wp-content\/uploads\/2017\/09\/higiena-150x150.jpg\",\"contentUrl\":\"http:\/\/lin-clinic.pl\/wp-content\/uploads\/2017\/09\/higiena-150x150.jpg\"},{\"@type\":\"BreadcrumbList\",\"@id\":\"https:\/\/lin-clinic.pl\/en\/cennik\/#breadcrumb\",\"itemListElement\":[{\"@type\":\"ListItem\",\"position\":1,\"name\":\"Strona g\u0142\u00f3wna\",\"item\":\"https:\/\/lin-clinic.pl\/vi\/\"},{\"@type\":\"ListItem\",\"position\":2,\"name\":\"Price list\"}]},{\"@type\":\"WebSite\",\"@id\":\"https:\/\/lin-clinic.pl\/vi\/#website\",\"url\":\"https:\/\/lin-clinic.pl\/vi\/\",\"name\":\"Lin Clinic\",\"description\":\"Gabinet stomatologiczny Warszawa\",\"potentialAction\":[{\"@type\":\"SearchAction\",\"target\":{\"@type\":\"EntryPoint\",\"urlTemplate\":\"https:\/\/lin-clinic.pl\/vi\/?s={search_term_string}\"},\"query-input\":{\"@type\":\"PropertyValueSpecification\",\"valueRequired\":true,\"valueName\":\"search_term_string\"}}],\"inLanguage\":\"pl-PL\"}]}<\/script>\n<!-- \/ Yoast SEO plugin. -->","yoast_head_json":{"title":"Cennik us\u0142ug medycznych | LIN Clinic - Profesjonalna Opieka","description":"Sprawd\u017a aktualny cennik us\u0142ug medycznych w LIN Clinic. Profesjonalna opieka zdrowotna i kosmetologiczna w przyst\u0119pnych cenach. Dowiedz si\u0119 wi\u0119cej!","robots":{"index":"index","follow":"follow","max-snippet":"max-snippet:-1","max-image-preview":"max-image-preview:large","max-video-preview":"max-video-preview:-1"},"canonical":"https:\/\/lin-clinic.pl\/en\/cennik\/","og_locale":"pl_PL","og_type":"article","og_title":"Cennik us\u0142ug medycznych | LIN Clinic - Profesjonalna Opieka","og_description":"Sprawd\u017a aktualny cennik us\u0142ug medycznych w LIN Clinic. Profesjonalna opieka zdrowotna i kosmetologiczna w przyst\u0119pnych cenach. Dowiedz si\u0119 wi\u0119cej!","og_url":"https:\/\/lin-clinic.pl\/en\/cennik\/","og_site_name":"Lin Clinic","article_modified_time":"2024-12-04T06:45:26+00:00","og_image":[{"url":"http:\/\/lin-clinic.pl\/wp-content\/uploads\/2017\/09\/higiena-150x150.jpg","type":"","width":"","height":""}],"twitter_card":"summary_large_image","twitter_misc":{"Szacowany czas czytania":"10 minut"},"schema":{"@context":"https:\/\/schema.org","@graph":[{"@type":"WebPage","@id":"https:\/\/lin-clinic.pl\/en\/cennik\/","url":"https:\/\/lin-clinic.pl\/en\/cennik\/","name":"Cennik us\u0142ug medycznych | LIN Clinic - Profesjonalna Opieka","isPartOf":{"@id":"https:\/\/lin-clinic.pl\/vi\/#website"},"primaryImageOfPage":{"@id":"https:\/\/lin-clinic.pl\/en\/cennik\/#primaryimage"},"image":{"@id":"https:\/\/lin-clinic.pl\/en\/cennik\/#primaryimage"},"thumbnailUrl":"http:\/\/lin-clinic.pl\/wp-content\/uploads\/2017\/09\/higiena-150x150.jpg","datePublished":"2017-10-22T08:23:14+00:00","dateModified":"2024-12-04T06:45:26+00:00","description":"Sprawd\u017a aktualny cennik us\u0142ug medycznych w LIN Clinic. Profesjonalna opieka zdrowotna i kosmetologiczna w przyst\u0119pnych cenach. Dowiedz si\u0119 wi\u0119cej!","breadcrumb":{"@id":"https:\/\/lin-clinic.pl\/en\/cennik\/#breadcrumb"},"inLanguage":"pl-PL","potentialAction":[{"@type":"ReadAction","target":["https:\/\/lin-clinic.pl\/en\/cennik\/"]}]},{"@type":"ImageObject","inLanguage":"pl-PL","@id":"https:\/\/lin-clinic.pl\/en\/cennik\/#primaryimage","url":"http:\/\/lin-clinic.pl\/wp-content\/uploads\/2017\/09\/higiena-150x150.jpg","contentUrl":"http:\/\/lin-clinic.pl\/wp-content\/uploads\/2017\/09\/higiena-150x150.jpg"},{"@type":"BreadcrumbList","@id":"https:\/\/lin-clinic.pl\/en\/cennik\/#breadcrumb","itemListElement":[{"@type":"ListItem","position":1,"name":"Strona g\u0142\u00f3wna","item":"https:\/\/lin-clinic.pl\/vi\/"},{"@type":"ListItem","position":2,"name":"Price list"}]},{"@type":"WebSite","@id":"https:\/\/lin-clinic.pl\/vi\/#website","url":"https:\/\/lin-clinic.pl\/vi\/","name":"Lin Clinic","description":"Gabinet stomatologiczny Warszawa","potentialAction":[{"@type":"SearchAction","target":{"@type":"EntryPoint","urlTemplate":"https:\/\/lin-clinic.pl\/vi\/?s={search_term_string}"},"query-input":{"@type":"PropertyValueSpecification","valueRequired":true,"valueName":"search_term_string"}}],"inLanguage":"pl-PL"}]}},"_links":{"self":[{"href":"https:\/\/lin-clinic.pl\/pl\/wp-json\/wp\/v2\/pages\/279","targetHints":{"allow":["GET"]}}],"collection":[{"href":"https:\/\/lin-clinic.pl\/pl\/wp-json\/wp\/v2\/pages"}],"about":[{"href":"https:\/\/lin-clinic.pl\/pl\/wp-json\/wp\/v2\/types\/page"}],"author":[{"embeddable":true,"href":"https:\/\/lin-clinic.pl\/pl\/wp-json\/wp\/v2\/users\/1"}],"replies":[{"embeddable":true,"href":"https:\/\/lin-clinic.pl\/pl\/wp-json\/wp\/v2\/comments?post=279"}],"version-history":[{"count":53,"href":"https:\/\/lin-clinic.pl\/pl\/wp-json\/wp\/v2\/pages\/279\/revisions"}],"predecessor-version":[{"id":556,"href":"https:\/\/lin-clinic.pl\/pl\/wp-json\/wp\/v2\/pages\/279\/revisions\/556"}],"wp:attachment":[{"href":"https:\/\/lin-clinic.pl\/pl\/wp-json\/wp\/v2\/media?parent=279"}],"curies":[{"name":"wp","href":"https:\/\/api.w.org\/{rel}","templated":true}]}}