{"id":228,"date":"2017-09-25T17:45:47","date_gmt":"2017-09-25T15:45:47","guid":{"rendered":"http:\/\/lin-clinic.pl\/?page_id=228"},"modified":"2024-12-04T07:52:07","modified_gmt":"2024-12-04T06:52:07","slug":"oferta","status":"publish","type":"page","link":"https:\/\/lin-clinic.pl\/pl\/oferta\/","title":{"rendered":"Oferta"},"content":{"rendered":"Lin Clinic oferuje wszystkie niezb\u0119dne us\u0142ugi stomatologiczne z zakresu profilaktyki i higieny jamy ustnej, stomatologii zachowawczej, endodoncji, chirurgii, implantologii, a tak\u017ce stomatologii dzieci\u0119cej.<\/p>\n<p><strong>OFEROWANE PRZEZ NAS US\u0141UGI:<\/strong><\/p>\n<div class=\"su-accordion su-u-trim\">\n<div class=\"su-spoiler su-spoiler-style-fancy su-spoiler-icon-plus-circle su-spoiler-closed\" data-scroll-offset=\"0\" data-anchor-in-url=\"no\"><div class=\"su-spoiler-title\" tabindex=\"0\" role=\"button\"><span class=\"su-spoiler-icon\"><\/span>HIGIENA I PROFILAKTYKA<\/div><div class=\"su-spoiler-content su-u-clearfix su-u-trim\">\n<img loading=\"lazy\" decoding=\"async\" src=\"http:\/\/lin-clinic.pl\/wp-content\/uploads\/2017\/09\/higiena-150x150.jpg\" alt=\"\" width=\"150\" height=\"150\" class=\"alignleft size-thumbnail wp-image-396\" srcset=\"https:\/\/lin-clinic.pl\/wp-content\/uploads\/2017\/09\/higiena-150x150.jpg 150w, https:\/\/lin-clinic.pl\/wp-content\/uploads\/2017\/09\/higiena.jpg 286w\" sizes=\"auto, (max-width: 150px) 85vw, 150px\" \/>W leczeniu stomatologicznym bardzo wa\u017cna jest profilaktyka i odpowiednia higiena jamy ustnej. W Lin Clinic dbamy o to, aby Twoje z\u0119by zachowa\u0142y na d\u0142ugo pi\u0119kny wygl\u0105d. Dlatego opr\u00f3cz wykonywania szeregu zabieg\u00f3w higienicznych takich jak usuwanie kamienia naz\u0119bnego (skaling), piaskowanie, czy fluoryzacja, k\u0142adziemy nacisk r\u00f3wnie\u017c na przekazywanie wiedzy o prawid\u0142owej piel\u0119gnacji jamy ustnej. Pami\u0119taj, \u017ce na higien\u0119 jamy ustnej ma znaczny wp\u0142yw nasz styl \u017cycia np. palenie tytoniu, cz\u0119ste picie kawy, herbaty, czerwonego wina.<\/p>\n<p>Odpowiednia profilaktyka stomatologiczna nie tylko zapobiega powstawaniu chor\u00f3b z\u0119b\u00f3w i dzi\u0105se\u0142, ale tak\u017ce prowadzi do ich wzmocnienia i wi\u0119kszej odporno\u015bci. Regularnie stosowana pozwala r\u00f3wnie\u017c na oszcz\u0119dno\u015b\u0107 czasu i pieni\u0119dzy przeznaczonych na leczenie z\u0119b\u00f3w.<br \/>\n<\/div><\/div>\n<div class=\"su-spoiler su-spoiler-style-fancy su-spoiler-icon-plus-circle su-spoiler-closed\" data-scroll-offset=\"0\" data-anchor-in-url=\"no\"><div class=\"su-spoiler-title\" tabindex=\"0\" role=\"button\"><span class=\"su-spoiler-icon\"><\/span>STOMATOLOGIA ZACHOWAWCZA<\/div><div class=\"su-spoiler-content su-u-clearfix su-u-trim\">\n<img loading=\"lazy\" decoding=\"async\" src=\"http:\/\/lin-clinic.pl\/wp-content\/uploads\/2017\/09\/zachowawcza-150x150.jpg\" alt=\"\" width=\"150\" height=\"150\" class=\"alignleft size-thumbnail wp-image-401\" srcset=\"https:\/\/lin-clinic.pl\/wp-content\/uploads\/2017\/09\/zachowawcza-150x150.jpg 150w, https:\/\/lin-clinic.pl\/wp-content\/uploads\/2017\/09\/zachowawcza.jpg 286w\" sizes=\"auto, (max-width: 150px) 85vw, 150px\" \/>Stomatologia zachowawcza zajmuje si\u0119 g\u0142\u00f3wnie leczeniem pr\u00f3chnicy. Pr\u00f3chnica (najcz\u0119\u015bciej spotykana choroba na \u015bwiecie) to choroba bakteryjna polegaj\u0105c\u0105 na demineralizacji i rozpadzie twardych tkanek z\u0119ba. W trosce o nasze zdrowie powinni\u015bmy regularnie poddawa\u0107 si\u0119 kontroli stomatologicznej.<br \/>\n<\/div><\/div>\n<div class=\"su-spoiler su-spoiler-style-fancy su-spoiler-icon-plus-circle su-spoiler-closed\" data-scroll-offset=\"0\" data-anchor-in-url=\"no\"><div class=\"su-spoiler-title\" tabindex=\"0\" role=\"button\"><span class=\"su-spoiler-icon\"><\/span>LECZENIE KANA\u0141OWE (ENDODONCJA)<\/div><div class=\"su-spoiler-content su-u-clearfix su-u-trim\">\n<img loading=\"lazy\" decoding=\"async\" src=\"http:\/\/lin-clinic.pl\/wp-content\/uploads\/2017\/09\/kanalowe-150x150.jpg\" alt=\"\" width=\"150\" height=\"150\" class=\"alignleft size-thumbnail wp-image-398\" srcset=\"https:\/\/lin-clinic.pl\/wp-content\/uploads\/2017\/09\/kanalowe-150x150.jpg 150w, https:\/\/lin-clinic.pl\/wp-content\/uploads\/2017\/09\/kanalowe.jpg 286w\" sizes=\"auto, (max-width: 150px) 85vw, 150px\" \/>Dzi\u0119ki leczeniu kana\u0142owemu mo\u017cna wyleczy\u0107 bol\u0105cy z\u0105b i zapobiec jego usuni\u0119ciu. Leczenie te poleg na usuni\u0119ciu bakterii z korzenia z\u0119ba. Bakterie przedostaj\u0105c si\u0119 do miazgi \u2013 nerwu z\u0119ba \u2013 cz\u0119sto wywo\u0142uj\u0105 dotkliwy b\u00f3l. Lekarz w leczeniu kana\u0142owym usuwa zainfekowany nerw z\u0119ba, wype\u0142nia kana\u0142 oraz odbudowuje na nowo koron\u0119 z\u0119ba.<br \/>\n<\/div><\/div>\n<div class=\"su-spoiler su-spoiler-style-fancy su-spoiler-icon-plus-circle su-spoiler-closed\" data-scroll-offset=\"0\" data-anchor-in-url=\"no\"><div class=\"su-spoiler-title\" tabindex=\"0\" role=\"button\"><span class=\"su-spoiler-icon\"><\/span>CHIRURGIA STOMATOLOGICZNA<\/div><div class=\"su-spoiler-content su-u-clearfix su-u-trim\">\n<img loading=\"lazy\" decoding=\"async\" src=\"http:\/\/lin-clinic.pl\/wp-content\/uploads\/2017\/09\/chirurgia-150x150.jpg\" alt=\"\" width=\"150\" height=\"150\" class=\"alignleft size-thumbnail wp-image-394\" srcset=\"https:\/\/lin-clinic.pl\/wp-content\/uploads\/2017\/09\/chirurgia-150x150.jpg 150w, https:\/\/lin-clinic.pl\/wp-content\/uploads\/2017\/09\/chirurgia.jpg 286w\" sizes=\"auto, (max-width: 150px) 85vw, 150px\" \/>Najpopularniejszym zabiegiem chirurgicznym jest niew\u0105tpliwie ekstrakcja. Ekstrakcja to usuni\u0119cie z\u0119b\u00f3w, kt\u00f3rych nie daje si\u0119 uratowa\u0107 podczas leczenia zachowawczego. Niekt\u00f3re z\u0119by, a w szczeg\u00f3lno\u015bci z\u0119by zatrzymane (\u00f3semki), z\u0142amane lub niewyrzni\u0119te s\u0105 usuwane ze wzgl\u0119du na post\u0119powanie ortodontyczne lub protetyczne.<\/p>\n<p>W leczeniu chirurgicznym bardzo wa\u017cny jest wyb\u00f3r optymalnego sposobu leczenia oraz troska o komfort psychiczny pacjenta. Przed ka\u017cdym zabiegiem lekarz t\u0142umaczy dok\u0142adnie ca\u0142y plan leczenia, poszczeg\u00f3lne etapy i mo\u017cliwe nast\u0119pstwa. W trakcie konsultacji przeprowadzany jest wywiad maj\u0105cy na celu sprawdzenie stanu zdrowia pacjenta oraz wykonywane zdj\u0119cie rtg.<\/p>\n<p>Dopiero po uzyskaniu wszystkich informacji na temat pacjenta lekarz przyst\u0119puje do zabiegu, kt\u00f3ry wykonywany jest bezbole\u015bnie.Po leczeniu chirurgicznym pacjent jest informowany o zaleceniach umo\u017cliwiaj\u0105cych szybki powr\u00f3t do zdrowia.<br \/>\n<\/div><\/div>\n<div class=\"su-spoiler su-spoiler-style-fancy su-spoiler-icon-plus-circle su-spoiler-closed\" data-scroll-offset=\"0\" data-anchor-in-url=\"no\"><div class=\"su-spoiler-title\" tabindex=\"0\" role=\"button\"><span class=\"su-spoiler-icon\"><\/span>IMPLANTOLOGIA<\/div><div class=\"su-spoiler-content su-u-clearfix su-u-trim\">\n<img loading=\"lazy\" decoding=\"async\" src=\"http:\/\/lin-clinic.pl\/wp-content\/uploads\/2017\/09\/implantologia-150x150.jpg\" alt=\"\" width=\"150\" height=\"150\" class=\"alignleft size-thumbnail wp-image-397\" srcset=\"https:\/\/lin-clinic.pl\/wp-content\/uploads\/2017\/09\/implantologia-150x150.jpg 150w, https:\/\/lin-clinic.pl\/wp-content\/uploads\/2017\/09\/implantologia.jpg 286w\" sizes=\"auto, (max-width: 150px) 85vw, 150px\" \/>Implantologia to najskuteczniejsza metoda wype\u0142niania brak\u00f3w uz\u0119bienia. Po utracie naturalnego uz\u0119bienia, spowodowanego r\u00f3\u017cnymi przyczynami, powr\u00f3t do normalnego funkcjonowania zapewniaj\u0105 implanty. Implant dentystyczny jako jedyny w stomatologii odtwarza prawid\u0142owo funkcjonuj\u0105cy i naturalnie wygl\u0105daj\u0105cy z\u0105b. Jest wygodniejszy ni\u017c proteza ruchoma, poniewa\u017c nie trzeba go wyci\u0105ga\u0107 do czyszczenia. Nie powoduje tak\u017ce szkody dla s\u0105siednich z\u0119b\u00f3w, tak jak w przypadku mostu, gdzie czasami oszlifowuj\u0105 si\u0119 s\u0105siednie zdrowe z\u0119by.<\/p>\n<p>Implant najlepiej wszczepi\u0107 jak najszybciej, nawet w dniu usuni\u0119cia z\u0119ba. Po utracie z\u0119ba otaczaj\u0105ca go ko\u015b\u0107 szybko zanika, co jest niekorzystne dla wszczepienia implantu. Implanty poprawiaj\u0105 jako\u015b\u0107 \u017cycia pacjenta, zapewniaj\u0105 \u0142adniejszy u\u015bmiech oraz lepszy fizyczny i psychiczny stan zdrowia \u2013 wi\u0119ksz\u0105 pewno\u015b\u0107 siebie.<br \/>\n<\/div><\/div>\n<div class=\"su-spoiler su-spoiler-style-fancy su-spoiler-icon-plus-circle su-spoiler-closed\" data-scroll-offset=\"0\" data-anchor-in-url=\"no\"><div class=\"su-spoiler-title\" tabindex=\"0\" role=\"button\"><span class=\"su-spoiler-icon\"><\/span>WYBIELANIE Z\u0118B\u00d3W<\/div><div class=\"su-spoiler-content su-u-clearfix su-u-trim\">\n<img loading=\"lazy\" decoding=\"async\" src=\"http:\/\/lin-clinic.pl\/wp-content\/uploads\/2017\/09\/wybielanie-150x150.jpg\" alt=\"\" width=\"150\" height=\"150\" class=\"alignleft size-thumbnail wp-image-400\" srcset=\"https:\/\/lin-clinic.pl\/wp-content\/uploads\/2017\/09\/wybielanie-150x150.jpg 150w, https:\/\/lin-clinic.pl\/wp-content\/uploads\/2017\/09\/wybielanie.jpg 286w\" sizes=\"auto, (max-width: 150px) 85vw, 150px\" \/>Wybielanie z\u0119b\u00f3w jest najcz\u0119\u015bciej stosowanym zabiegiem we wsp\u00f3\u0142czesnej stomatologii estetycznej. Szeroka gama produkt\u00f3w do wybielania odpowiada na potrzeby wszystkich pacjent\u00f3w, zar\u00f3wno ze wzgl\u0119du na cen\u0119, jak i d\u0142ugo\u015b\u0107 trwania procesu wybielania. W ka\u017cdym przypadku proces ten jest w zupe\u0142no\u015bci bezpieczny i skuteczny. Nale\u017cy jednak pami\u0119ta\u0107, \u017ce wybielanie z\u0119b\u00f3w nie jest sta\u0142ym rozwi\u0105zaniem i wymaga odpowiedniej konserwacji dla utrzymania d\u0142ugotrwa\u0142ego efektu.<br \/>\n<\/div><\/div>\n<div class=\"su-spoiler su-spoiler-style-fancy su-spoiler-icon-plus-circle su-spoiler-closed\" data-scroll-offset=\"0\" data-anchor-in-url=\"no\"><div class=\"su-spoiler-title\" tabindex=\"0\" role=\"button\"><span class=\"su-spoiler-icon\"><\/span>STOMATOLOGIA DZIECI\u0118CA<\/div><div class=\"su-spoiler-content su-u-clearfix su-u-trim\">\n<img loading=\"lazy\" decoding=\"async\" src=\"http:\/\/lin-clinic.pl\/wp-content\/uploads\/2017\/09\/dziecieca-150x150.jpg\" alt=\"\" width=\"150\" height=\"150\" class=\"alignleft size-thumbnail wp-image-395\" srcset=\"https:\/\/lin-clinic.pl\/wp-content\/uploads\/2017\/09\/dziecieca-150x150.jpg 150w, https:\/\/lin-clinic.pl\/wp-content\/uploads\/2017\/09\/dziecieca.jpg 286w\" sizes=\"auto, (max-width: 150px) 85vw, 150px\" \/>W Lin Clinic trosk\u0105 otaczamy r\u00f3wnie\u017c najm\u0142odszych pacjent\u00f3w. U dzieci bardzo wa\u017cna jest odpowiednia higiena z\u0119b\u00f3w mlecznych, poniewa\u017c z\u0119by te bior\u0105 udzia\u0142 w procesie kszta\u0142towania si\u0119 jamy ustnej dziecka. Wa\u017cne jest, aby z\u0105b mleczny pozosta\u0142 w jamie ustnej zdrowy lub wyleczony do czasu naturalnej wymiany uz\u0119bienia.<br \/>\nZ\u0119by mleczne utrzymuj\u0105 przestrze\u0144 dla odpowiadaj\u0105cych im p\u00f3\u017aniej z\u0119b\u00f3w sta\u0142ych. Przedwczesne usuni\u0119cie z\u0119ba mlecznego powoduje przesuni\u0119cie si\u0119 pozosta\u0142ych z\u0119b\u00f3w na zajmowane przez niego miejsce i zamkni\u0119cie przestrzeni przewidzianej dla z\u0119ba sta\u0142ego. Mo\u017ce to powodowa\u0107 w przysz\u0142o\u015bci nieprawid\u0142owe ustawienie z\u0119ba sta\u0142ego i konieczno\u015b\u0107 leczenia ortodontycznego.<br \/>\nTzw. \u201emleczaki\u201d s\u0105 bardzo podatne na szybko post\u0119puj\u0105c\u0105 pr\u00f3chnic\u0119, dlatego zalecane s\u0105 cz\u0119ste konsultacje stomatologiczne oraz strosowanie odpowiedniej profilaktyki zapobiegawczej. Warto pami\u0119ta\u0107, \u017ce pr\u00f3chnica to siedlisko bakterii, kt\u00f3re tak\u017ce wp\u0142ywa niekorzystnie na og\u00f3lny stan zdrowia dziecka.<br \/>\n<\/div><\/div>\n<div class=\"su-spoiler su-spoiler-style-fancy su-spoiler-icon-plus-circle su-spoiler-closed\" data-scroll-offset=\"0\" data-anchor-in-url=\"no\"><div class=\"su-spoiler-title\" tabindex=\"0\" role=\"button\"><span class=\"su-spoiler-icon\"><\/span>PROTETYKA<\/div><div class=\"su-spoiler-content su-u-clearfix su-u-trim\">\n<img loading=\"lazy\" decoding=\"async\" src=\"http:\/\/lin-clinic.pl\/wp-content\/uploads\/2017\/09\/protetyka-150x150.jpg\" alt=\"\" width=\"150\" height=\"150\" class=\"alignleft size-thumbnail wp-image-399\" srcset=\"https:\/\/lin-clinic.pl\/wp-content\/uploads\/2017\/09\/protetyka-150x150.jpg 150w, https:\/\/lin-clinic.pl\/wp-content\/uploads\/2017\/09\/protetyka.jpg 286w\" sizes=\"auto, (max-width: 150px) 85vw, 150px\" \/>Protetyka zajmuje si\u0119 uzupe\u0142nianiem brak\u00f3w w uz\u0119bieniu, przywracaniem utraconych funkcji narz\u0105du \u017cucia oraz popraw\u0105 estetyki z\u0119b\u00f3w. Niepe\u0142ne uz\u0119bienie niesie ze sob\u0105 powa\u017cne konsekwencje dla codziennego funkcjonowania i samopoczucia pacjenta. Utrata nawet jednego z\u0119ba sprzyja przesuwaniu si\u0119 z\u0119b\u00f3w s\u0105siednich (przechylanie, obracanie) oraz \u201ewyd\u0142u\u017cania si\u0119\u201d z\u0119b\u00f3w przeciwstawnych.<\/p>\n<p>R\u00f3\u017cne rodzaje leczenia protetycznego:<\/p>\n<ul>\n<li>mosty,<\/li>\n<li>korony,<\/li>\n<li>wk\u0142ady koronowo-korzeniowe,<\/li>\n<li>uzupe\u0142nienia protetyczne oparte na implantach,<\/li>\n<li>protezy typu overdenture,<\/li>\n<li>protezy szkieletowe,<\/li>\n<li>protezy osiadaj\u0105ce i natychmiastowe,<\/li>\n<li>higiena protez.<\/li>\n<\/ul>\n<p>Wiemy, \u017ce czasami zachodzi konieczno\u015b\u0107 usuni\u0119cia z\u0119ba, dlatego dbamy o to aby powsta\u0142y ubytek wype\u0142ni\u0107 nowym, estetycznym wk\u0142adem. W ten spos\u00f3b przywr\u00f3cimy Ci nie tylko pi\u0119kny u\u015bmiech, ale tak\u017ce pewno\u015b\u0107 siebie!<br \/>\n<\/div><\/div>\n<\/div>","protected":false},"excerpt":{"rendered":"<p>Lin Clinic oferuje wszystkie niezb\u0119dne us\u0142ugi stomatologiczne z zakresu profilaktyki i higieny jamy ustnej, stomatologii zachowawczej, endodoncji, chirurgii, implantologii, a tak\u017ce stomatologii dzieci\u0119cej. OFEROWANE PRZEZ NAS US\u0141UGI:<\/p>\n","protected":false},"author":1,"featured_media":0,"parent":0,"menu_order":0,"comment_status":"closed","ping_status":"closed","template":"","meta":{"_monsterinsights_skip_tracking":false,"_monsterinsights_sitenote_active":false,"_monsterinsights_sitenote_note":"","_monsterinsights_sitenote_category":0,"footnotes":""},"class_list":["post-228","page","type-page","status-publish","hentry"],"yoast_head":"<!-- This site is optimized with the Yoast SEO plugin v27.1.1 - https:\/\/yoast.com\/product\/yoast-seo-wordpress\/ -->\n<title>Oferta Us\u0142ug | Stomatologia LIN Clinic - Dentysta W\u00f3lka Kosowska<\/title>\n<meta name=\"description\" content=\"Poznaj ofert\u0119 LIN Clinic! \u015awiadczymy szeroki zakres us\u0142ug medycznych i kosmetologicznych: diagnostyka, leczenie, zabiegi estetyczne i wi\u0119cej. Sprawd\u017a nasz\u0105 ofert\u0119!\" \/>\n<meta name=\"robots\" content=\"index, follow, max-snippet:-1, max-image-preview:large, max-video-preview:-1\" \/>\n<link rel=\"canonical\" href=\"https:\/\/lin-clinic.pl\/en\/oferta\/\" \/>\n<meta property=\"og:locale\" content=\"pl_PL\" \/>\n<meta property=\"og:type\" content=\"article\" \/>\n<meta property=\"og:title\" content=\"Oferta Us\u0142ug | Stomatologia LIN Clinic - Dentysta W\u00f3lka Kosowska\" \/>\n<meta property=\"og:description\" content=\"Poznaj ofert\u0119 LIN Clinic! \u015awiadczymy szeroki zakres us\u0142ug medycznych i kosmetologicznych: diagnostyka, leczenie, zabiegi estetyczne i wi\u0119cej. Sprawd\u017a nasz\u0105 ofert\u0119!\" \/>\n<meta property=\"og:url\" content=\"https:\/\/lin-clinic.pl\/en\/oferta\/\" \/>\n<meta property=\"og:site_name\" content=\"Lin Clinic\" \/>\n<meta property=\"article:modified_time\" content=\"2024-12-04T06:52:07+00:00\" \/>\n<meta property=\"og:image\" content=\"http:\/\/lin-clinic.pl\/wp-content\/uploads\/2017\/09\/higiena-150x150.jpg\" \/>\n<meta name=\"twitter:card\" content=\"summary_large_image\" \/>\n<meta name=\"twitter:label1\" content=\"Szacowany czas czytania\" \/>\n\t<meta name=\"twitter:data1\" content=\"15 minut\" \/>\n<script type=\"application\/ld+json\" class=\"yoast-schema-graph\">{\"@context\":\"https:\/\/schema.org\",\"@graph\":[{\"@type\":\"WebPage\",\"@id\":\"https:\/\/lin-clinic.pl\/en\/oferta\/\",\"url\":\"https:\/\/lin-clinic.pl\/en\/oferta\/\",\"name\":\"Oferta Us\u0142ug | Stomatologia LIN Clinic - Dentysta W\u00f3lka Kosowska\",\"isPartOf\":{\"@id\":\"https:\/\/lin-clinic.pl\/vi\/#website\"},\"primaryImageOfPage\":{\"@id\":\"https:\/\/lin-clinic.pl\/en\/oferta\/#primaryimage\"},\"image\":{\"@id\":\"https:\/\/lin-clinic.pl\/en\/oferta\/#primaryimage\"},\"thumbnailUrl\":\"http:\/\/lin-clinic.pl\/wp-content\/uploads\/2017\/09\/higiena-150x150.jpg\",\"datePublished\":\"2017-09-25T15:45:47+00:00\",\"dateModified\":\"2024-12-04T06:52:07+00:00\",\"description\":\"Poznaj ofert\u0119 LIN Clinic! \u015awiadczymy szeroki zakres us\u0142ug medycznych i kosmetologicznych: diagnostyka, leczenie, zabiegi estetyczne i wi\u0119cej. Sprawd\u017a nasz\u0105 ofert\u0119!\",\"breadcrumb\":{\"@id\":\"https:\/\/lin-clinic.pl\/en\/oferta\/#breadcrumb\"},\"inLanguage\":\"pl-PL\",\"potentialAction\":[{\"@type\":\"ReadAction\",\"target\":[\"https:\/\/lin-clinic.pl\/en\/oferta\/\"]}]},{\"@type\":\"ImageObject\",\"inLanguage\":\"pl-PL\",\"@id\":\"https:\/\/lin-clinic.pl\/en\/oferta\/#primaryimage\",\"url\":\"http:\/\/lin-clinic.pl\/wp-content\/uploads\/2017\/09\/higiena-150x150.jpg\",\"contentUrl\":\"http:\/\/lin-clinic.pl\/wp-content\/uploads\/2017\/09\/higiena-150x150.jpg\"},{\"@type\":\"BreadcrumbList\",\"@id\":\"https:\/\/lin-clinic.pl\/en\/oferta\/#breadcrumb\",\"itemListElement\":[{\"@type\":\"ListItem\",\"position\":1,\"name\":\"Strona g\u0142\u00f3wna\",\"item\":\"https:\/\/lin-clinic.pl\/vi\/\"},{\"@type\":\"ListItem\",\"position\":2,\"name\":\"Dental services\"}]},{\"@type\":\"WebSite\",\"@id\":\"https:\/\/lin-clinic.pl\/vi\/#website\",\"url\":\"https:\/\/lin-clinic.pl\/vi\/\",\"name\":\"Lin Clinic\",\"description\":\"Gabinet stomatologiczny Warszawa\",\"potentialAction\":[{\"@type\":\"SearchAction\",\"target\":{\"@type\":\"EntryPoint\",\"urlTemplate\":\"https:\/\/lin-clinic.pl\/vi\/?s={search_term_string}\"},\"query-input\":{\"@type\":\"PropertyValueSpecification\",\"valueRequired\":true,\"valueName\":\"search_term_string\"}}],\"inLanguage\":\"pl-PL\"}]}<\/script>\n<!-- \/ Yoast SEO plugin. -->","yoast_head_json":{"title":"Oferta Us\u0142ug | Stomatologia LIN Clinic - Dentysta W\u00f3lka Kosowska","description":"Poznaj ofert\u0119 LIN Clinic! \u015awiadczymy szeroki zakres us\u0142ug medycznych i kosmetologicznych: diagnostyka, leczenie, zabiegi estetyczne i wi\u0119cej. Sprawd\u017a nasz\u0105 ofert\u0119!","robots":{"index":"index","follow":"follow","max-snippet":"max-snippet:-1","max-image-preview":"max-image-preview:large","max-video-preview":"max-video-preview:-1"},"canonical":"https:\/\/lin-clinic.pl\/en\/oferta\/","og_locale":"pl_PL","og_type":"article","og_title":"Oferta Us\u0142ug | Stomatologia LIN Clinic - Dentysta W\u00f3lka Kosowska","og_description":"Poznaj ofert\u0119 LIN Clinic! \u015awiadczymy szeroki zakres us\u0142ug medycznych i kosmetologicznych: diagnostyka, leczenie, zabiegi estetyczne i wi\u0119cej. Sprawd\u017a nasz\u0105 ofert\u0119!","og_url":"https:\/\/lin-clinic.pl\/en\/oferta\/","og_site_name":"Lin Clinic","article_modified_time":"2024-12-04T06:52:07+00:00","og_image":[{"url":"http:\/\/lin-clinic.pl\/wp-content\/uploads\/2017\/09\/higiena-150x150.jpg","type":"","width":"","height":""}],"twitter_card":"summary_large_image","twitter_misc":{"Szacowany czas czytania":"15 minut"},"schema":{"@context":"https:\/\/schema.org","@graph":[{"@type":"WebPage","@id":"https:\/\/lin-clinic.pl\/en\/oferta\/","url":"https:\/\/lin-clinic.pl\/en\/oferta\/","name":"Oferta Us\u0142ug | Stomatologia LIN Clinic - Dentysta W\u00f3lka Kosowska","isPartOf":{"@id":"https:\/\/lin-clinic.pl\/vi\/#website"},"primaryImageOfPage":{"@id":"https:\/\/lin-clinic.pl\/en\/oferta\/#primaryimage"},"image":{"@id":"https:\/\/lin-clinic.pl\/en\/oferta\/#primaryimage"},"thumbnailUrl":"http:\/\/lin-clinic.pl\/wp-content\/uploads\/2017\/09\/higiena-150x150.jpg","datePublished":"2017-09-25T15:45:47+00:00","dateModified":"2024-12-04T06:52:07+00:00","description":"Poznaj ofert\u0119 LIN Clinic! \u015awiadczymy szeroki zakres us\u0142ug medycznych i kosmetologicznych: diagnostyka, leczenie, zabiegi estetyczne i wi\u0119cej. Sprawd\u017a nasz\u0105 ofert\u0119!","breadcrumb":{"@id":"https:\/\/lin-clinic.pl\/en\/oferta\/#breadcrumb"},"inLanguage":"pl-PL","potentialAction":[{"@type":"ReadAction","target":["https:\/\/lin-clinic.pl\/en\/oferta\/"]}]},{"@type":"ImageObject","inLanguage":"pl-PL","@id":"https:\/\/lin-clinic.pl\/en\/oferta\/#primaryimage","url":"http:\/\/lin-clinic.pl\/wp-content\/uploads\/2017\/09\/higiena-150x150.jpg","contentUrl":"http:\/\/lin-clinic.pl\/wp-content\/uploads\/2017\/09\/higiena-150x150.jpg"},{"@type":"BreadcrumbList","@id":"https:\/\/lin-clinic.pl\/en\/oferta\/#breadcrumb","itemListElement":[{"@type":"ListItem","position":1,"name":"Strona g\u0142\u00f3wna","item":"https:\/\/lin-clinic.pl\/vi\/"},{"@type":"ListItem","position":2,"name":"Dental services"}]},{"@type":"WebSite","@id":"https:\/\/lin-clinic.pl\/vi\/#website","url":"https:\/\/lin-clinic.pl\/vi\/","name":"Lin Clinic","description":"Gabinet stomatologiczny Warszawa","potentialAction":[{"@type":"SearchAction","target":{"@type":"EntryPoint","urlTemplate":"https:\/\/lin-clinic.pl\/vi\/?s={search_term_string}"},"query-input":{"@type":"PropertyValueSpecification","valueRequired":true,"valueName":"search_term_string"}}],"inLanguage":"pl-PL"}]}},"_links":{"self":[{"href":"https:\/\/lin-clinic.pl\/pl\/wp-json\/wp\/v2\/pages\/228","targetHints":{"allow":["GET"]}}],"collection":[{"href":"https:\/\/lin-clinic.pl\/pl\/wp-json\/wp\/v2\/pages"}],"about":[{"href":"https:\/\/lin-clinic.pl\/pl\/wp-json\/wp\/v2\/types\/page"}],"author":[{"embeddable":true,"href":"https:\/\/lin-clinic.pl\/pl\/wp-json\/wp\/v2\/users\/1"}],"replies":[{"embeddable":true,"href":"https:\/\/lin-clinic.pl\/pl\/wp-json\/wp\/v2\/comments?post=228"}],"version-history":[{"count":23,"href":"https:\/\/lin-clinic.pl\/pl\/wp-json\/wp\/v2\/pages\/228\/revisions"}],"predecessor-version":[{"id":561,"href":"https:\/\/lin-clinic.pl\/pl\/wp-json\/wp\/v2\/pages\/228\/revisions\/561"}],"wp:attachment":[{"href":"https:\/\/lin-clinic.pl\/pl\/wp-json\/wp\/v2\/media?parent=228"}],"curies":[{"name":"wp","href":"https:\/\/api.w.org\/{rel}","templated":true}]}}