{"id":228,"date":"2017-09-25T17:45:47","date_gmt":"2017-09-25T15:45:47","guid":{"rendered":"http:\/\/lin-clinic.pl\/?page_id=228"},"modified":"2024-12-04T07:52:07","modified_gmt":"2024-12-04T06:52:07","slug":"oferta","status":"publish","type":"page","link":"https:\/\/lin-clinic.pl\/en\/oferta\/","title":{"rendered":"Dental services"},"content":{"rendered":"<div class=\"su-accordion su-u-trim\">\n<div class=\"su-spoiler su-spoiler-style-fancy su-spoiler-icon-plus-circle su-spoiler-closed\" data-scroll-offset=\"0\" data-anchor-in-url=\"no\"><div class=\"su-spoiler-title\" tabindex=\"0\" role=\"button\"><span class=\"su-spoiler-icon\"><\/span>ORAL HYGIENE AND PROPHYLAXIS<\/div><div class=\"su-spoiler-content su-u-clearfix su-u-trim\">\n<p><img loading=\"lazy\" decoding=\"async\" src=\"http:\/\/lin-clinic.pl\/wp-content\/uploads\/2017\/09\/higiena-150x150.jpg\" alt=\"\" width=\"150\" height=\"150\" class=\"alignleft size-thumbnail wp-image-396\" srcset=\"https:\/\/lin-clinic.pl\/wp-content\/uploads\/2017\/09\/higiena-150x150.jpg 150w, https:\/\/lin-clinic.pl\/wp-content\/uploads\/2017\/09\/higiena.jpg 286w\" sizes=\"auto, (max-width: 150px) 85vw, 150px\" \/>In dental treatments, prophylaxis and proper oral hygiene are very important. At Lin clinic, we try to take care of your teeth so that you can have a beautiful smile. Besides removing calculus (scaling), sandblasting or fluoride varnishing, we also teach our patients about correct oral care.<\/p>\n<p>Lifestyle has significant effect on oral hygiene. Food intake, smoking, frequent consumption of coffee, tea, and red wine can all affect your teeth. Proper dental prophylaxis can not only prevent tooth and gum diseases, but also can lead to strengthening and increasing immunity. Used regularly, dental prophylaxis can save you time and money by reducing your need for dental treatment.<\/p>\n<\/div><\/div>\n<div class=\"su-spoiler su-spoiler-style-fancy su-spoiler-icon-plus-circle su-spoiler-closed\" data-scroll-offset=\"0\" data-anchor-in-url=\"no\"><div class=\"su-spoiler-title\" tabindex=\"0\" role=\"button\"><span class=\"su-spoiler-icon\"><\/span>CONSERVATIVE DENTISTRY<\/div><div class=\"su-spoiler-content su-u-clearfix su-u-trim\">\n<p><img loading=\"lazy\" decoding=\"async\" src=\"http:\/\/lin-clinic.pl\/wp-content\/uploads\/2017\/09\/zachowawcza-150x150.jpg\" alt=\"\" width=\"150\" height=\"150\" class=\"alignleft size-thumbnail wp-image-401\" srcset=\"https:\/\/lin-clinic.pl\/wp-content\/uploads\/2017\/09\/zachowawcza-150x150.jpg 150w, https:\/\/lin-clinic.pl\/wp-content\/uploads\/2017\/09\/zachowawcza.jpg 286w\" sizes=\"auto, (max-width: 150px) 85vw, 150px\" \/>Dental checkups are essential for long term health. Conservative dentistry mainly consists of treating tooth decay. Dental caries (the most common disease in the world), is a bacterial disease based on demineralization and degrading of the hard dental tissue.<br \/>\n<\/div><\/div>\n<div class=\"su-spoiler su-spoiler-style-fancy su-spoiler-icon-plus-circle su-spoiler-closed\" data-scroll-offset=\"0\" data-anchor-in-url=\"no\"><div class=\"su-spoiler-title\" tabindex=\"0\" role=\"button\"><span class=\"su-spoiler-icon\"><\/span>ROOT CANAL TREATMENT (ENDODONTICS)<\/div><div class=\"su-spoiler-content su-u-clearfix su-u-trim\">\n<p><img loading=\"lazy\" decoding=\"async\" src=\"http:\/\/lin-clinic.pl\/wp-content\/uploads\/2017\/09\/kanalowe-150x150.jpg\" alt=\"\" width=\"150\" height=\"150\" class=\"alignleft size-thumbnail wp-image-398\" srcset=\"https:\/\/lin-clinic.pl\/wp-content\/uploads\/2017\/09\/kanalowe-150x150.jpg 150w, https:\/\/lin-clinic.pl\/wp-content\/uploads\/2017\/09\/kanalowe.jpg 286w\" sizes=\"auto, (max-width: 150px) 85vw, 150px\" \/>Thanks to root canal treatment we can cure toothache and reduce the need for tooth extraction. This kind of treatment is based on removing bacteria from the root. Bacteria penetrates to pulp \u2013 nerve of the tooth \u2013 often causing severe pain. During root canal treatment the dentist removes the infected nerve of the tooth, fills the canal and constructs a new crown.<br \/>\n<\/div><\/div>\n<div class=\"su-spoiler su-spoiler-style-fancy su-spoiler-icon-plus-circle su-spoiler-closed\" data-scroll-offset=\"0\" data-anchor-in-url=\"no\"><div class=\"su-spoiler-title\" tabindex=\"0\" role=\"button\"><span class=\"su-spoiler-icon\"><\/span>DENTAL SURGERY<\/div><div class=\"su-spoiler-content su-u-clearfix su-u-trim\">\n<p><img loading=\"lazy\" decoding=\"async\" src=\"http:\/\/lin-clinic.pl\/wp-content\/uploads\/2017\/09\/chirurgia-150x150.jpg\" alt=\"\" width=\"150\" height=\"150\" class=\"alignleft size-thumbnail wp-image-394\" srcset=\"https:\/\/lin-clinic.pl\/wp-content\/uploads\/2017\/09\/chirurgia-150x150.jpg 150w, https:\/\/lin-clinic.pl\/wp-content\/uploads\/2017\/09\/chirurgia.jpg 286w\" sizes=\"auto, (max-width: 150px) 85vw, 150px\" \/>No doubt the most popular procedure in dental surgery is extraction. Extraction is the removal of the teeth, which are not able to be treated further by conservative intervention. Some teeth, especially the impacted (wisdom teeth), fractured or unerupted teeth, are removed due to the needs of orthodontic or prosthetic treatment.<\/p>\n<p>To ensure the comfort of the patient, it is essential to choose the optimum method of treatment. Before each procedure the doctor explains the whole treatment plan, especially the stages and the possible consequences. The conducted interview and x-ray pictures combine to give dentists a general idea of patient&#8217;s health condition.<\/p>\n<p>After collecting all the information about a patient, the doctor begins the painless procedure. After the surgical procedure the patient is given instructions in order to aid in fast recovery.<br \/>\n<\/div><\/div>\n<div class=\"su-spoiler su-spoiler-style-fancy su-spoiler-icon-plus-circle su-spoiler-closed\" data-scroll-offset=\"0\" data-anchor-in-url=\"no\"><div class=\"su-spoiler-title\" tabindex=\"0\" role=\"button\"><span class=\"su-spoiler-icon\"><\/span>IMPLANTOLOGY<\/div><div class=\"su-spoiler-content su-u-clearfix su-u-trim\">\n<p><img loading=\"lazy\" decoding=\"async\" src=\"http:\/\/lin-clinic.pl\/wp-content\/uploads\/2017\/09\/implantologia-150x150.jpg\" alt=\"\" width=\"150\" height=\"150\" class=\"alignleft size-thumbnail wp-image-397\" srcset=\"https:\/\/lin-clinic.pl\/wp-content\/uploads\/2017\/09\/implantologia-150x150.jpg 150w, https:\/\/lin-clinic.pl\/wp-content\/uploads\/2017\/09\/implantologia.jpg 286w\" sizes=\"auto, (max-width: 150px) 85vw, 150px\" \/>Implantology is the most efficient method to replace a missing tooth. A dental implant can create correct function and natural appearance of a tooth if it has been lost. It&#8217;s more convenient than removable dentures because you don&#8217;t need to remove an implant for cleaning. Unlike dental bridges, adjacent teeth around a missing tooth don\u2019t need to be prepared in the case of implantation, so it doesn&#8217;t cause any extra damages to the neighbouring tooth.<\/p>\n<p>Implantation should proceed as soon as possible after the loss of a natural tooth. When a tooth is extracted, the surrounding alveolar bone will start to be resorbed, which is not beneficial for implantation. Dental implants can improve the quality of the life, they can assure more beautiful smile and better physical and psychological health, leading to increase confidence.<br \/>\n<\/div><\/div>\n<div class=\"su-spoiler su-spoiler-style-fancy su-spoiler-icon-plus-circle su-spoiler-closed\" data-scroll-offset=\"0\" data-anchor-in-url=\"no\"><div class=\"su-spoiler-title\" tabindex=\"0\" role=\"button\"><span class=\"su-spoiler-icon\"><\/span>TOOTH WHITENING<\/div><div class=\"su-spoiler-content su-u-clearfix su-u-trim\">\n<p><img loading=\"lazy\" decoding=\"async\" src=\"http:\/\/lin-clinic.pl\/wp-content\/uploads\/2017\/09\/wybielanie-150x150.jpg\" alt=\"\" width=\"150\" height=\"150\" class=\"alignleft size-thumbnail wp-image-400\" srcset=\"https:\/\/lin-clinic.pl\/wp-content\/uploads\/2017\/09\/wybielanie-150x150.jpg 150w, https:\/\/lin-clinic.pl\/wp-content\/uploads\/2017\/09\/wybielanie.jpg 286w\" sizes=\"auto, (max-width: 150px) 85vw, 150px\" \/>Tooth whitening is the most common procedure in modern esthetic dentistry. A broad spectrum of products based on prices and whitening durations for tooth whitening shows the need of all patients. In each case the procedure is safe and effective. However, we should remember that tooth whitening is not a permanent solution and needs appropriate maintenance in order to achieve a long-lasting effect.<br \/>\n<\/div><\/div>\n<div class=\"su-spoiler su-spoiler-style-fancy su-spoiler-icon-plus-circle su-spoiler-closed\" data-scroll-offset=\"0\" data-anchor-in-url=\"no\"><div class=\"su-spoiler-title\" tabindex=\"0\" role=\"button\"><span class=\"su-spoiler-icon\"><\/span>PEDIATRIC DENTISTRY<\/div><div class=\"su-spoiler-content su-u-clearfix su-u-trim\">\n<p><img loading=\"lazy\" decoding=\"async\" src=\"http:\/\/lin-clinic.pl\/wp-content\/uploads\/2017\/09\/dziecieca-150x150.jpg\" alt=\"\" width=\"150\" height=\"150\" class=\"alignleft size-thumbnail wp-image-395\" srcset=\"https:\/\/lin-clinic.pl\/wp-content\/uploads\/2017\/09\/dziecieca-150x150.jpg 150w, https:\/\/lin-clinic.pl\/wp-content\/uploads\/2017\/09\/dziecieca.jpg 286w\" sizes=\"auto, (max-width: 150px) 85vw, 150px\" \/>In Lin Clinic we also take care of the youngest patients. For children appropriate hygiene is extremely important because their primary teeth influence the development of future permanant teeth.<br \/>\nPremature removal of a milk tooth will close the space for permanent teeth. This can cause in the future malocclusion and require orthodontic treatment.<\/p>\n<p>Milk teeth are very susceptible to dental caries, that&#8217;s why we recommend frequent dental consultations and prophylaxis. It is worth remembering that dental caries are bacterial flora, which means they can affect children\u2019s general health.<br \/>\n<\/div><\/div>\n<div class=\"su-spoiler su-spoiler-style-fancy su-spoiler-icon-plus-circle su-spoiler-closed\" data-scroll-offset=\"0\" data-anchor-in-url=\"no\"><div class=\"su-spoiler-title\" tabindex=\"0\" role=\"button\"><span class=\"su-spoiler-icon\"><\/span>PROSTHODONTICS<\/div><div class=\"su-spoiler-content su-u-clearfix su-u-trim\">\n<p><img loading=\"lazy\" decoding=\"async\" src=\"http:\/\/lin-clinic.pl\/wp-content\/uploads\/2017\/09\/protetyka-150x150.jpg\" alt=\"\" width=\"150\" height=\"150\" class=\"alignleft size-thumbnail wp-image-399\" srcset=\"https:\/\/lin-clinic.pl\/wp-content\/uploads\/2017\/09\/protetyka-150x150.jpg 150w, https:\/\/lin-clinic.pl\/wp-content\/uploads\/2017\/09\/protetyka.jpg 286w\" sizes=\"auto, (max-width: 150px) 85vw, 150px\" \/>Prosthodontics is a field in dentistry which is related with dental prostheses \u2013 to regain function of lost dentition and improve the aesthetics of the teeth. Incomplete dentition leads to serious consequences for patients&#8217; daily function and mental state. Loss of even one tooth might cause dislocation of neighbouring teeth (tilting, rotation) and lengthening of the tooth in the opposite arch.<\/p>\n<p>Different types of prosthodontic treatments:<\/p>\n<ul>\n<li>dental bridges,<\/li>\n<li>dental crowns,<\/li>\n<li>post and core,<\/li>\n<li>implant supported prosthesis,<\/li>\n<li>overdenture,<\/li>\n<li>removable partial denture,<\/li>\n<li>prosthesis hygiene.<\/li>\n<\/ul>\n<p>We know that sometimes it&#8217;s unavoidable to remove a tooth, that&#8217;s why we are trying to provide different solutions. In this way you can gain not only beautiful smile but also confident!<\/p>\n<\/div><\/div>\n<\/div>","protected":false},"excerpt":{"rendered":"<p>Sorry, this entry is only available in Polski and \u4e2d\u6587.<\/p>\n","protected":false},"author":1,"featured_media":0,"parent":0,"menu_order":0,"comment_status":"closed","ping_status":"closed","template":"","meta":{"_monsterinsights_skip_tracking":false,"_monsterinsights_sitenote_active":false,"_monsterinsights_sitenote_note":"","_monsterinsights_sitenote_category":0,"footnotes":""},"class_list":["post-228","page","type-page","status-publish","hentry"],"yoast_head":"<!-- This site is optimized with the Yoast SEO plugin v27.1.1 - https:\/\/yoast.com\/product\/yoast-seo-wordpress\/ -->\n<title>Oferta Us\u0142ug | Stomatologia LIN Clinic - Dentysta W\u00f3lka Kosowska<\/title>\n<meta name=\"description\" content=\"Poznaj ofert\u0119 LIN Clinic! \u015awiadczymy szeroki zakres us\u0142ug medycznych i kosmetologicznych: diagnostyka, leczenie, zabiegi estetyczne i wi\u0119cej. Sprawd\u017a nasz\u0105 ofert\u0119!\" \/>\n<meta name=\"robots\" content=\"index, follow, max-snippet:-1, max-image-preview:large, max-video-preview:-1\" \/>\n<link rel=\"canonical\" href=\"https:\/\/lin-clinic.pl\/en\/oferta\/\" \/>\n<meta property=\"og:locale\" content=\"en_US\" \/>\n<meta property=\"og:type\" content=\"article\" \/>\n<meta property=\"og:title\" content=\"Oferta Us\u0142ug | Stomatologia LIN Clinic - Dentysta W\u00f3lka Kosowska\" \/>\n<meta property=\"og:description\" content=\"Poznaj ofert\u0119 LIN Clinic! \u015awiadczymy szeroki zakres us\u0142ug medycznych i kosmetologicznych: diagnostyka, leczenie, zabiegi estetyczne i wi\u0119cej. Sprawd\u017a nasz\u0105 ofert\u0119!\" \/>\n<meta property=\"og:url\" content=\"https:\/\/lin-clinic.pl\/en\/oferta\/\" \/>\n<meta property=\"og:site_name\" content=\"Lin Clinic\" \/>\n<meta property=\"article:modified_time\" content=\"2024-12-04T06:52:07+00:00\" \/>\n<meta property=\"og:image\" content=\"http:\/\/lin-clinic.pl\/wp-content\/uploads\/2017\/09\/higiena-150x150.jpg\" \/>\n<meta name=\"twitter:card\" content=\"summary_large_image\" \/>\n<meta name=\"twitter:label1\" content=\"Est. reading time\" \/>\n\t<meta name=\"twitter:data1\" content=\"15 minutes\" \/>\n<script type=\"application\/ld+json\" class=\"yoast-schema-graph\">{\"@context\":\"https:\/\/schema.org\",\"@graph\":[{\"@type\":\"WebPage\",\"@id\":\"https:\/\/lin-clinic.pl\/en\/oferta\/\",\"url\":\"https:\/\/lin-clinic.pl\/en\/oferta\/\",\"name\":\"Oferta Us\u0142ug | Stomatologia LIN Clinic - Dentysta W\u00f3lka Kosowska\",\"isPartOf\":{\"@id\":\"https:\/\/lin-clinic.pl\/vi\/#website\"},\"primaryImageOfPage\":{\"@id\":\"https:\/\/lin-clinic.pl\/en\/oferta\/#primaryimage\"},\"image\":{\"@id\":\"https:\/\/lin-clinic.pl\/en\/oferta\/#primaryimage\"},\"thumbnailUrl\":\"http:\/\/lin-clinic.pl\/wp-content\/uploads\/2017\/09\/higiena-150x150.jpg\",\"datePublished\":\"2017-09-25T15:45:47+00:00\",\"dateModified\":\"2024-12-04T06:52:07+00:00\",\"description\":\"Poznaj ofert\u0119 LIN Clinic! \u015awiadczymy szeroki zakres us\u0142ug medycznych i kosmetologicznych: diagnostyka, leczenie, zabiegi estetyczne i wi\u0119cej. Sprawd\u017a nasz\u0105 ofert\u0119!\",\"breadcrumb\":{\"@id\":\"https:\/\/lin-clinic.pl\/en\/oferta\/#breadcrumb\"},\"inLanguage\":\"en-US\",\"potentialAction\":[{\"@type\":\"ReadAction\",\"target\":[\"https:\/\/lin-clinic.pl\/en\/oferta\/\"]}]},{\"@type\":\"ImageObject\",\"inLanguage\":\"en-US\",\"@id\":\"https:\/\/lin-clinic.pl\/en\/oferta\/#primaryimage\",\"url\":\"http:\/\/lin-clinic.pl\/wp-content\/uploads\/2017\/09\/higiena-150x150.jpg\",\"contentUrl\":\"http:\/\/lin-clinic.pl\/wp-content\/uploads\/2017\/09\/higiena-150x150.jpg\"},{\"@type\":\"BreadcrumbList\",\"@id\":\"https:\/\/lin-clinic.pl\/en\/oferta\/#breadcrumb\",\"itemListElement\":[{\"@type\":\"ListItem\",\"position\":1,\"name\":\"Strona g\u0142\u00f3wna\",\"item\":\"https:\/\/lin-clinic.pl\/vi\/\"},{\"@type\":\"ListItem\",\"position\":2,\"name\":\"Dental services\"}]},{\"@type\":\"WebSite\",\"@id\":\"https:\/\/lin-clinic.pl\/vi\/#website\",\"url\":\"https:\/\/lin-clinic.pl\/vi\/\",\"name\":\"Lin Clinic\",\"description\":\"Gabinet stomatologiczny Warszawa\",\"potentialAction\":[{\"@type\":\"SearchAction\",\"target\":{\"@type\":\"EntryPoint\",\"urlTemplate\":\"https:\/\/lin-clinic.pl\/vi\/?s={search_term_string}\"},\"query-input\":{\"@type\":\"PropertyValueSpecification\",\"valueRequired\":true,\"valueName\":\"search_term_string\"}}],\"inLanguage\":\"en-US\"}]}<\/script>\n<!-- \/ Yoast SEO plugin. -->","yoast_head_json":{"title":"Oferta Us\u0142ug | Stomatologia LIN Clinic - Dentysta W\u00f3lka Kosowska","description":"Poznaj ofert\u0119 LIN Clinic! \u015awiadczymy szeroki zakres us\u0142ug medycznych i kosmetologicznych: diagnostyka, leczenie, zabiegi estetyczne i wi\u0119cej. Sprawd\u017a nasz\u0105 ofert\u0119!","robots":{"index":"index","follow":"follow","max-snippet":"max-snippet:-1","max-image-preview":"max-image-preview:large","max-video-preview":"max-video-preview:-1"},"canonical":"https:\/\/lin-clinic.pl\/en\/oferta\/","og_locale":"en_US","og_type":"article","og_title":"Oferta Us\u0142ug | Stomatologia LIN Clinic - Dentysta W\u00f3lka Kosowska","og_description":"Poznaj ofert\u0119 LIN Clinic! \u015awiadczymy szeroki zakres us\u0142ug medycznych i kosmetologicznych: diagnostyka, leczenie, zabiegi estetyczne i wi\u0119cej. Sprawd\u017a nasz\u0105 ofert\u0119!","og_url":"https:\/\/lin-clinic.pl\/en\/oferta\/","og_site_name":"Lin Clinic","article_modified_time":"2024-12-04T06:52:07+00:00","og_image":[{"url":"http:\/\/lin-clinic.pl\/wp-content\/uploads\/2017\/09\/higiena-150x150.jpg","type":"","width":"","height":""}],"twitter_card":"summary_large_image","twitter_misc":{"Est. reading time":"15 minutes"},"schema":{"@context":"https:\/\/schema.org","@graph":[{"@type":"WebPage","@id":"https:\/\/lin-clinic.pl\/en\/oferta\/","url":"https:\/\/lin-clinic.pl\/en\/oferta\/","name":"Oferta Us\u0142ug | Stomatologia LIN Clinic - Dentysta W\u00f3lka Kosowska","isPartOf":{"@id":"https:\/\/lin-clinic.pl\/vi\/#website"},"primaryImageOfPage":{"@id":"https:\/\/lin-clinic.pl\/en\/oferta\/#primaryimage"},"image":{"@id":"https:\/\/lin-clinic.pl\/en\/oferta\/#primaryimage"},"thumbnailUrl":"http:\/\/lin-clinic.pl\/wp-content\/uploads\/2017\/09\/higiena-150x150.jpg","datePublished":"2017-09-25T15:45:47+00:00","dateModified":"2024-12-04T06:52:07+00:00","description":"Poznaj ofert\u0119 LIN Clinic! \u015awiadczymy szeroki zakres us\u0142ug medycznych i kosmetologicznych: diagnostyka, leczenie, zabiegi estetyczne i wi\u0119cej. Sprawd\u017a nasz\u0105 ofert\u0119!","breadcrumb":{"@id":"https:\/\/lin-clinic.pl\/en\/oferta\/#breadcrumb"},"inLanguage":"en-US","potentialAction":[{"@type":"ReadAction","target":["https:\/\/lin-clinic.pl\/en\/oferta\/"]}]},{"@type":"ImageObject","inLanguage":"en-US","@id":"https:\/\/lin-clinic.pl\/en\/oferta\/#primaryimage","url":"http:\/\/lin-clinic.pl\/wp-content\/uploads\/2017\/09\/higiena-150x150.jpg","contentUrl":"http:\/\/lin-clinic.pl\/wp-content\/uploads\/2017\/09\/higiena-150x150.jpg"},{"@type":"BreadcrumbList","@id":"https:\/\/lin-clinic.pl\/en\/oferta\/#breadcrumb","itemListElement":[{"@type":"ListItem","position":1,"name":"Strona g\u0142\u00f3wna","item":"https:\/\/lin-clinic.pl\/vi\/"},{"@type":"ListItem","position":2,"name":"Dental services"}]},{"@type":"WebSite","@id":"https:\/\/lin-clinic.pl\/vi\/#website","url":"https:\/\/lin-clinic.pl\/vi\/","name":"Lin Clinic","description":"Gabinet stomatologiczny Warszawa","potentialAction":[{"@type":"SearchAction","target":{"@type":"EntryPoint","urlTemplate":"https:\/\/lin-clinic.pl\/vi\/?s={search_term_string}"},"query-input":{"@type":"PropertyValueSpecification","valueRequired":true,"valueName":"search_term_string"}}],"inLanguage":"en-US"}]}},"_links":{"self":[{"href":"https:\/\/lin-clinic.pl\/en\/wp-json\/wp\/v2\/pages\/228","targetHints":{"allow":["GET"]}}],"collection":[{"href":"https:\/\/lin-clinic.pl\/en\/wp-json\/wp\/v2\/pages"}],"about":[{"href":"https:\/\/lin-clinic.pl\/en\/wp-json\/wp\/v2\/types\/page"}],"author":[{"embeddable":true,"href":"https:\/\/lin-clinic.pl\/en\/wp-json\/wp\/v2\/users\/1"}],"replies":[{"embeddable":true,"href":"https:\/\/lin-clinic.pl\/en\/wp-json\/wp\/v2\/comments?post=228"}],"version-history":[{"count":23,"href":"https:\/\/lin-clinic.pl\/en\/wp-json\/wp\/v2\/pages\/228\/revisions"}],"predecessor-version":[{"id":561,"href":"https:\/\/lin-clinic.pl\/en\/wp-json\/wp\/v2\/pages\/228\/revisions\/561"}],"wp:attachment":[{"href":"https:\/\/lin-clinic.pl\/en\/wp-json\/wp\/v2\/media?parent=228"}],"curies":[{"name":"wp","href":"https:\/\/api.w.org\/{rel}","templated":true}]}}