{"id":226,"date":"2017-09-25T17:37:42","date_gmt":"2017-09-25T15:37:42","guid":{"rendered":"http:\/\/lin-clinic.pl\/?page_id=226"},"modified":"2024-12-04T07:50:08","modified_gmt":"2024-12-04T06:50:08","slug":"o-nas","status":"publish","type":"page","link":"https:\/\/lin-clinic.pl\/en\/","title":{"rendered":"About us"},"content":{"rendered":"<strong>Welcome to Lin Clinic!<\/strong> We are the first Chinese, English and Polish speaking dental clinic in Poland. In rapidly changing and multicultural Warsaw we pay special attention to equality of rights and opportunities for foreigners living in the capital of Poland. In Lin Clinic we believe that good communication is key to a patient&#8217;s satisfaction and mutual understanding. Our goal is to provide the quality dental services that meets everyone&#8217;s expectations.<\/p>\n<p>You are mostly welcomed to take a look at <a href=\"http:\/\/lin-clinic.pl\/en\/oferta\/\">our offer<\/a>.<\/p>\n<p><img loading=\"lazy\" decoding=\"async\" class=\"aligncenter wp-image-462 size-full\" src=\"http:\/\/lin-clinic.pl\/wp-content\/uploads\/2018\/09\/3zdjecia.jpg\" alt=\"\" width=\"1280\" height=\"500\" \/><\/p>\n<h3 style=\"text-align: center;\"><strong>Our localization<\/strong><\/h3>\n<p><iframe loading=\"lazy\" style=\"border: 0;\" src=\"https:\/\/www.google.com\/maps\/embed?pb=!1m14!1m8!1m3!1d9781.953404926151!2d20.924861219018545!3d52.198172373629845!3m2!1i1024!2i768!4f13.1!3m3!1m2!1s0x0%3A0xb03f22da19a3dd19!2sLin+Clinic!5e0!3m2!1spl!2spl!4v1508707299472\" width=\"1900\" height=\"400\" frameborder=\"0\" allowfullscreen=\"allowfullscreen\"><\/iframe>","protected":false},"excerpt":{"rendered":"<p>Welcome to Lin Clinic! We are the first Chinese, English and Polish speaking dental clinic in Poland. In rapidly changing and multicultural Warsaw we pay special attention to equality of rights and opportunities for foreigners living in the capital of Poland. In Lin Clinic we believe that good communication is key to a patient&#8217;s satisfaction &hellip; <a href=\"https:\/\/lin-clinic.pl\/en\/\" class=\"more-link\">Continue reading<span class=\"screen-reader-text\"> &#8220;About us&#8221;<\/span><\/a><\/p>\n","protected":false},"author":1,"featured_media":0,"parent":0,"menu_order":0,"comment_status":"closed","ping_status":"closed","template":"","meta":{"_monsterinsights_skip_tracking":false,"_monsterinsights_sitenote_active":false,"_monsterinsights_sitenote_note":"","_monsterinsights_sitenote_category":0,"footnotes":""},"class_list":["post-226","page","type-page","status-publish","hentry"],"yoast_head":"<!-- This site is optimized with the Yoast SEO plugin v27.1.1 - https:\/\/yoast.com\/product\/yoast-seo-wordpress\/ -->\n<title>LIN Clinic | Profesjonalna Opieka Medyczna i Kosmetologiczna<\/title>\n<meta name=\"description\" content=\"Zapraszamy do LIN Clinic \u2013 miejsca, gdzie zdrowie i pi\u0119kno spotykaj\u0105 si\u0119 w jednym miejscu. Oferujemy kompleksowe us\u0142ugi stomatologiczne na najwy\u017cszym poziomie. Sprawd\u017a nasz\u0105 ofert\u0119!\" \/>\n<meta name=\"robots\" content=\"index, follow, max-snippet:-1, max-image-preview:large, max-video-preview:-1\" \/>\n<link rel=\"canonical\" href=\"https:\/\/lin-clinic.pl\/vi\/\" \/>\n<meta property=\"og:locale\" content=\"en_US\" \/>\n<meta property=\"og:type\" content=\"article\" \/>\n<meta property=\"og:title\" content=\"LIN Clinic | Profesjonalna Opieka Medyczna i Kosmetologiczna\" \/>\n<meta property=\"og:description\" content=\"Zapraszamy do LIN Clinic \u2013 miejsca, gdzie zdrowie i pi\u0119kno spotykaj\u0105 si\u0119 w jednym miejscu. Oferujemy kompleksowe us\u0142ugi stomatologiczne na najwy\u017cszym poziomie. Sprawd\u017a nasz\u0105 ofert\u0119!\" \/>\n<meta property=\"og:url\" content=\"https:\/\/lin-clinic.pl\/vi\/\" \/>\n<meta property=\"og:site_name\" content=\"Lin Clinic\" \/>\n<meta property=\"article:modified_time\" content=\"2024-12-04T06:50:08+00:00\" \/>\n<meta name=\"twitter:card\" content=\"summary_large_image\" \/>\n<meta name=\"twitter:label1\" content=\"Est. reading time\" \/>\n\t<meta name=\"twitter:data1\" content=\"2 minutes\" \/>\n<script type=\"application\/ld+json\" class=\"yoast-schema-graph\">{\"@context\":\"https:\/\/schema.org\",\"@graph\":[{\"@type\":\"WebPage\",\"@id\":\"https:\/\/lin-clinic.pl\/vi\/\",\"url\":\"https:\/\/lin-clinic.pl\/vi\/\",\"name\":\"LIN Clinic | Profesjonalna Opieka Medyczna i Kosmetologiczna\",\"isPartOf\":{\"@id\":\"https:\/\/lin-clinic.pl\/vi\/#website\"},\"primaryImageOfPage\":{\"@id\":\"https:\/\/lin-clinic.pl\/vi\/#primaryimage\"},\"image\":{\"@id\":\"https:\/\/lin-clinic.pl\/vi\/#primaryimage\"},\"thumbnailUrl\":\"http:\/\/lin-clinic.pl\/wp-content\/uploads\/2018\/09\/3zdjecia.jpg\",\"datePublished\":\"2017-09-25T15:37:42+00:00\",\"dateModified\":\"2024-12-04T06:50:08+00:00\",\"description\":\"Zapraszamy do LIN Clinic \u2013 miejsca, gdzie zdrowie i pi\u0119kno spotykaj\u0105 si\u0119 w jednym miejscu. Oferujemy kompleksowe us\u0142ugi stomatologiczne na najwy\u017cszym poziomie. Sprawd\u017a nasz\u0105 ofert\u0119!\",\"breadcrumb\":{\"@id\":\"https:\/\/lin-clinic.pl\/vi\/#breadcrumb\"},\"inLanguage\":\"en-US\",\"potentialAction\":[{\"@type\":\"ReadAction\",\"target\":[\"https:\/\/lin-clinic.pl\/vi\/\"]}]},{\"@type\":\"ImageObject\",\"inLanguage\":\"en-US\",\"@id\":\"https:\/\/lin-clinic.pl\/vi\/#primaryimage\",\"url\":\"http:\/\/lin-clinic.pl\/wp-content\/uploads\/2018\/09\/3zdjecia.jpg\",\"contentUrl\":\"http:\/\/lin-clinic.pl\/wp-content\/uploads\/2018\/09\/3zdjecia.jpg\"},{\"@type\":\"BreadcrumbList\",\"@id\":\"https:\/\/lin-clinic.pl\/vi\/#breadcrumb\",\"itemListElement\":[{\"@type\":\"ListItem\",\"position\":1,\"name\":\"Strona g\u0142\u00f3wna\",\"item\":\"https:\/\/lin-clinic.pl\/vi\/\"},{\"@type\":\"ListItem\",\"position\":2,\"name\":\"O nas\"}]},{\"@type\":\"WebSite\",\"@id\":\"https:\/\/lin-clinic.pl\/vi\/#website\",\"url\":\"https:\/\/lin-clinic.pl\/vi\/\",\"name\":\"Lin Clinic\",\"description\":\"Gabinet stomatologiczny Warszawa\",\"potentialAction\":[{\"@type\":\"SearchAction\",\"target\":{\"@type\":\"EntryPoint\",\"urlTemplate\":\"https:\/\/lin-clinic.pl\/vi\/?s={search_term_string}\"},\"query-input\":{\"@type\":\"PropertyValueSpecification\",\"valueRequired\":true,\"valueName\":\"search_term_string\"}}],\"inLanguage\":\"en-US\"}]}<\/script>\n<!-- \/ Yoast SEO plugin. -->","yoast_head_json":{"title":"LIN Clinic | Profesjonalna Opieka Medyczna i Kosmetologiczna","description":"Zapraszamy do LIN Clinic \u2013 miejsca, gdzie zdrowie i pi\u0119kno spotykaj\u0105 si\u0119 w jednym miejscu. Oferujemy kompleksowe us\u0142ugi stomatologiczne na najwy\u017cszym poziomie. Sprawd\u017a nasz\u0105 ofert\u0119!","robots":{"index":"index","follow":"follow","max-snippet":"max-snippet:-1","max-image-preview":"max-image-preview:large","max-video-preview":"max-video-preview:-1"},"canonical":"https:\/\/lin-clinic.pl\/vi\/","og_locale":"en_US","og_type":"article","og_title":"LIN Clinic | Profesjonalna Opieka Medyczna i Kosmetologiczna","og_description":"Zapraszamy do LIN Clinic \u2013 miejsca, gdzie zdrowie i pi\u0119kno spotykaj\u0105 si\u0119 w jednym miejscu. Oferujemy kompleksowe us\u0142ugi stomatologiczne na najwy\u017cszym poziomie. Sprawd\u017a nasz\u0105 ofert\u0119!","og_url":"https:\/\/lin-clinic.pl\/vi\/","og_site_name":"Lin Clinic","article_modified_time":"2024-12-04T06:50:08+00:00","twitter_card":"summary_large_image","twitter_misc":{"Est. reading time":"2 minutes"},"schema":{"@context":"https:\/\/schema.org","@graph":[{"@type":"WebPage","@id":"https:\/\/lin-clinic.pl\/vi\/","url":"https:\/\/lin-clinic.pl\/vi\/","name":"LIN Clinic | Profesjonalna Opieka Medyczna i Kosmetologiczna","isPartOf":{"@id":"https:\/\/lin-clinic.pl\/vi\/#website"},"primaryImageOfPage":{"@id":"https:\/\/lin-clinic.pl\/vi\/#primaryimage"},"image":{"@id":"https:\/\/lin-clinic.pl\/vi\/#primaryimage"},"thumbnailUrl":"http:\/\/lin-clinic.pl\/wp-content\/uploads\/2018\/09\/3zdjecia.jpg","datePublished":"2017-09-25T15:37:42+00:00","dateModified":"2024-12-04T06:50:08+00:00","description":"Zapraszamy do LIN Clinic \u2013 miejsca, gdzie zdrowie i pi\u0119kno spotykaj\u0105 si\u0119 w jednym miejscu. Oferujemy kompleksowe us\u0142ugi stomatologiczne na najwy\u017cszym poziomie. Sprawd\u017a nasz\u0105 ofert\u0119!","breadcrumb":{"@id":"https:\/\/lin-clinic.pl\/vi\/#breadcrumb"},"inLanguage":"en-US","potentialAction":[{"@type":"ReadAction","target":["https:\/\/lin-clinic.pl\/vi\/"]}]},{"@type":"ImageObject","inLanguage":"en-US","@id":"https:\/\/lin-clinic.pl\/vi\/#primaryimage","url":"http:\/\/lin-clinic.pl\/wp-content\/uploads\/2018\/09\/3zdjecia.jpg","contentUrl":"http:\/\/lin-clinic.pl\/wp-content\/uploads\/2018\/09\/3zdjecia.jpg"},{"@type":"BreadcrumbList","@id":"https:\/\/lin-clinic.pl\/vi\/#breadcrumb","itemListElement":[{"@type":"ListItem","position":1,"name":"Strona g\u0142\u00f3wna","item":"https:\/\/lin-clinic.pl\/vi\/"},{"@type":"ListItem","position":2,"name":"O nas"}]},{"@type":"WebSite","@id":"https:\/\/lin-clinic.pl\/vi\/#website","url":"https:\/\/lin-clinic.pl\/vi\/","name":"Lin Clinic","description":"Gabinet stomatologiczny Warszawa","potentialAction":[{"@type":"SearchAction","target":{"@type":"EntryPoint","urlTemplate":"https:\/\/lin-clinic.pl\/vi\/?s={search_term_string}"},"query-input":{"@type":"PropertyValueSpecification","valueRequired":true,"valueName":"search_term_string"}}],"inLanguage":"en-US"}]}},"_links":{"self":[{"href":"https:\/\/lin-clinic.pl\/en\/wp-json\/wp\/v2\/pages\/226","targetHints":{"allow":["GET"]}}],"collection":[{"href":"https:\/\/lin-clinic.pl\/en\/wp-json\/wp\/v2\/pages"}],"about":[{"href":"https:\/\/lin-clinic.pl\/en\/wp-json\/wp\/v2\/types\/page"}],"author":[{"embeddable":true,"href":"https:\/\/lin-clinic.pl\/en\/wp-json\/wp\/v2\/users\/1"}],"replies":[{"embeddable":true,"href":"https:\/\/lin-clinic.pl\/en\/wp-json\/wp\/v2\/comments?post=226"}],"version-history":[{"count":22,"href":"https:\/\/lin-clinic.pl\/en\/wp-json\/wp\/v2\/pages\/226\/revisions"}],"predecessor-version":[{"id":559,"href":"https:\/\/lin-clinic.pl\/en\/wp-json\/wp\/v2\/pages\/226\/revisions\/559"}],"wp:attachment":[{"href":"https:\/\/lin-clinic.pl\/en\/wp-json\/wp\/v2\/media?parent=226"}],"curies":[{"name":"wp","href":"https:\/\/api.w.org\/{rel}","templated":true}]}}